{"id":111361,"date":"2024-05-12T00:00:00","date_gmt":"2024-05-11T22:00:00","guid":{"rendered":"http:\/\/gpl-love.com\/fr\/produit\/facetwp-relevanssi-integration\/"},"modified":"2026-03-20T23:05:35","modified_gmt":"2026-03-20T22:05:35","slug":"facetwp-relevanssi-integration","status":"publish","type":"product","link":"https:\/\/gpl-love.com\/fr\/produit\/facetwp-relevanssi-integration\/","title":{"rendered":"FacetWP Relevanssi Integration 0.8.2"},"content":{"rendered":"<h3>FacetWP Relevanssi Integration Traits<\/h3>\n<p>L&rsquo;int\u00e9gration connue sous le nom d&rsquo;int\u00e9gration FACETWP pertinentssi est un outil incroyablement robuste et puissant qui am\u00e9liore consid\u00e9rablement la fonctionnalit\u00e9 de recherche des sites Web WordPress. En fusionnant efficacement deux des plugins WordPress les plus utilis\u00e9s les plus utilis\u00e9s, \u00e0 savoir FACETWP et pertinentssi, cette int\u00e9gration offre aux utilisateurs une exp\u00e9rience de recherche tr\u00e8s avanc\u00e9e et sophistiqu\u00e9e. Gr\u00e2ce \u00e0 l&rsquo;utilisation de ce plugin, les utilisateurs sont autoris\u00e9s \u00e0 cr\u00e9er sans effort des filtres de recherche dynamique pour leur site WordPress, facilitant ainsi un processus de d\u00e9couverte de contenu plus rationalis\u00e9 et plus efficace pour les visiteurs. De plus, l&rsquo;int\u00e9gration exploite des algorithmes de recherche avanc\u00e9s qui g\u00e9n\u00e8rent efficacement des r\u00e9sultats de recherche qui sont notamment plus pertinents et pertinents pour la requ\u00eate de l&rsquo;utilisateur. Par cons\u00e9quent, les propri\u00e9taires de sites WordPress qui incorporent l&rsquo;int\u00e9gration FACETWP pertinentssi dans leur site Web assisteront in\u00e9vitablement \u00e0 une am\u00e9lioration de la fonctionnalit\u00e9 globale de recherche, conduisant ainsi \u00e0 une exp\u00e9rience utilisateur plus gratifiante et plus engageante.<\/p>\n<ul>\n<li>Int\u00e9grez de mani\u00e8re transparente FACETWP et Pertinentssi pour am\u00e9liorer la fonction de recherche sur votre site Web.<\/li>\n<li>Am\u00e9liorez l&rsquo;exp\u00e9rience utilisateur avec des r\u00e9sultats de recherche plus rapides et plus pr\u00e9cis.<\/li>\n<li>Personnalisez vos r\u00e9sultats de recherche en hi\u00e9rarchisant certains champs ou types de publication.<\/li>\n<li>Utilisez les puissantes capacit\u00e9s de filtrage de FacetWP pour affiner davantage les r\u00e9sultats de recherche.<\/li>\n<li>Aucune comp\u00e9tence de codage requise, installation et configuration faciles.<\/li>\n<\/ul>\n","protected":false},"excerpt":{"rendered":"<p>L&rsquo;int\u00e9gration de FACETWP avec le plugin pertinentsi pour la recherche avanc\u00e9e provoque une am\u00e9lioration notable de la fonctionnalit\u00e9 de recherche de votre site Web. Cet outil puissant permet \u00e0 vos utilisateurs de localiser sans effort le contenu sp\u00e9cifique qu&rsquo;ils recherchent, quelle que soit la complexit\u00e9 de leur requ\u00eate. En permettant la cartographie et l&rsquo;appariement des indices de recherche, cette int\u00e9gration garantit la r\u00e9alisation des r\u00e9sultats de recherche sup\u00e9rieurs. De plus, il fournit une interface tr\u00e8s conviviale pour l&rsquo;exploration de contenu transparente. Tirant parti des capacit\u00e9s de l&rsquo;int\u00e9gration FACETWP pertinentssi, vous avez la possibilit\u00e9 d&rsquo;augmenter consid\u00e9rablement la fonctionnalit\u00e9 et l&rsquo;exp\u00e9rience utilisateur globale de la fonction de recherche de votre site Web.<\/p>\n","protected":false},"featured_media":143849,"comment_status":"open","ping_status":"open","template":"","meta":[],"product_brand":[2543],"product_cat":[1189,1181,1186],"product_tag":[1482],"class_list":{"0":"post-111361","1":"product","2":"type-product","3":"status-publish","4":"has-post-thumbnail","6":"product_brand-facetwp","7":"product_cat-personnalisation","8":"product_cat-plugins","9":"product_cat-wordpress-plugins","10":"product_tag-facetwp","11":"member-discount","12":"discount-restricted","14":"first","15":"instock","16":"sale","17":"downloadable","18":"virtual","19":"sold-individually","20":"purchasable","21":"product-type-simple"},"_links":{"self":[{"href":"https:\/\/gpl-love.com\/fr\/wp-json\/wp\/v2\/product\/111361","targetHints":{"allow":["GET"]}}],"collection":[{"href":"https:\/\/gpl-love.com\/fr\/wp-json\/wp\/v2\/product"}],"about":[{"href":"https:\/\/gpl-love.com\/fr\/wp-json\/wp\/v2\/types\/product"}],"replies":[{"embeddable":true,"href":"https:\/\/gpl-love.com\/fr\/wp-json\/wp\/v2\/comments?post=111361"}],"wp:featuredmedia":[{"embeddable":true,"href":"https:\/\/gpl-love.com\/fr\/wp-json\/wp\/v2\/media\/143849"}],"wp:attachment":[{"href":"https:\/\/gpl-love.com\/fr\/wp-json\/wp\/v2\/media?parent=111361"}],"wp:term":[{"taxonomy":"product_brand","embeddable":true,"href":"https:\/\/gpl-love.com\/fr\/wp-json\/wp\/v2\/product_brand?post=111361"},{"taxonomy":"product_cat","embeddable":true,"href":"https:\/\/gpl-love.com\/fr\/wp-json\/wp\/v2\/product_cat?post=111361"},{"taxonomy":"product_tag","embeddable":true,"href":"https:\/\/gpl-love.com\/fr\/wp-json\/wp\/v2\/product_tag?post=111361"}],"curies":[{"name":"wp","href":"https:\/\/api.w.org\/{rel}","templated":true}]}}