{"id":111359,"date":"2026-03-25T00:00:00","date_gmt":"2026-03-24T23:00:00","guid":{"rendered":"http:\/\/gpl-love.com\/fr\/produit\/facetwp-range-list\/"},"modified":"2026-03-25T23:30:26","modified_gmt":"2026-03-25T22:30:26","slug":"facetwp-range-list","status":"publish","type":"product","link":"https:\/\/gpl-love.com\/fr\/produit\/facetwp-range-list\/","title":{"rendered":"FacetWP Range List 0.9.2"},"content":{"rendered":"<h3>FacetWP Range List Traits<\/h3>\n<p>La liste des plages FACETWP est un outil d&rsquo;entr\u00e9e extr\u00eamement puissant qui profite aux utilisateurs avec un large \u00e9ventail d&rsquo;options de filtrage et de tri de donn\u00e9es de mani\u00e8re approfondie. En utilisant cette entr\u00e9e, les utilisateurs peuvent g\u00e9n\u00e9rer sans effort une compilation personnalis\u00e9e de valeurs qui peuvent \u00eatre utilis\u00e9es efficacement pour filtrer les r\u00e9sultats de recherche pr\u00e9dis\u00e9s sur des crit\u00e8res explicites. Cet outil s&rsquo;av\u00e8re particuli\u00e8rement inestimable pour les individus aux prises avec des ensembles de donn\u00e9es approfondis qui n\u00e9cessitent un filtrage et un tri rapidement filtrant rapidement et sans effort sur la base de gammes sp\u00e9cifiques. Que vous soyez en train de construire un moteur de recherche ou une application articul\u00e9e sur les donn\u00e9es, la liste des plages FACETWP est un outil indispensable qui vous permettra de g\u00e9rer un ensemble de donn\u00e9es complexes avec facilit\u00e9.<\/p>\n<ul>\n<li>La liste des plages FACETWP est un outil de recherche puissant et flexible qui permet aux utilisateurs de filtrer et de trier les donn\u00e9es en fonction des gammes num\u00e9riques.<\/li>\n<li>L&rsquo;outil comprend un curseur de plage personnalisable qui permet aux utilisateurs d&rsquo;ajuster rapidement et facilement leurs crit\u00e8res de recherche.<\/li>\n<li>La liste des plages est hautement configurable, permettant aux d\u00e9veloppeurs de personnaliser son apparence et ses fonctionnalit\u00e9s pour r\u00e9pondre \u00e0 leurs besoins.<\/li>\n<li>Avec la prise en charge d&rsquo;un large \u00e9ventail de formats de donn\u00e9es, y compris du texte, des nombres et des dates, la liste des plages convient \u00e0 une vari\u00e9t\u00e9 d&rsquo;applications et d&rsquo;industries.<\/li>\n<li>L&rsquo;outil propose \u00e9galement des options de filtrage avanc\u00e9es, y compris la possibilit\u00e9 de d\u00e9finir des valeurs par d\u00e9faut et d&rsquo;exclure certaines gammes de r\u00e9sultats de recherche.<\/li>\n<li>Avec une int\u00e9gration simple dans n&rsquo;importe quel site WordPress utilisant le plugin FACETWP, la liste des plages offre une exp\u00e9rience de recherche rationalis\u00e9e et efficace pour les utilisateurs.<\/li>\n<\/ul>\n","protected":false},"excerpt":{"rendered":"<p>La liste des plages FACETWP, un formidable outil utilis\u00e9 dans le but de filtrer et d&rsquo;organiser des donn\u00e9es sur votre site Web estim\u00e9, poss\u00e8de des capacit\u00e9s in\u00e9gal\u00e9es. \u00c9quip\u00e9 d&rsquo;une interface qui est \u00e0 la fois conviviale et facilement compr\u00e9hensible, associ\u00e9e \u00e0 des contr\u00f4les qui pr\u00e9sentent un sentiment d&rsquo;intuition inn\u00e9, cet outil vous permet d&rsquo;\u00e9tablir sans effort des filtres \u00e0 port\u00e9e avanc\u00e9s, accordant ainsi \u00e0 vos visiteurs estim\u00e9s la possibilit\u00e9 de rechercher des produits ou des articles pr\u00e9vis\u00e9s pr\u00e9dis\u00e9s ainsi sur une plage de valeur sp\u00e9cifique, telle que le prix, le poids, la hauteur ou la quantit\u00e9. La liste des plages, une entit\u00e9 mall\u00e9able enti\u00e8rement personnalisable, vous permet de l&rsquo;adapter de mani\u00e8re \u00e0 s&rsquo;aligner impeccablement avec l&rsquo;esth\u00e9tique et l&rsquo;ambiance globales de votre site Web ch\u00e9ri. Engag\u00e9 dans l&rsquo;utilisation de la liste FacetWP, vous assistera in\u00e9vitablement \u00e0 l&rsquo;\u00e9l\u00e9vation de votre exp\u00e9rience utilisateur, car elle permet la fourniture de r\u00e9sultats de recherche rapides et pr\u00e9cis qui sont certains d&rsquo;\u00e9voquer l&rsquo;adoration de vos visiteurs estim\u00e9s!<\/p>\n","protected":false},"featured_media":143847,"comment_status":"open","ping_status":"open","template":"","meta":[],"product_brand":[2543],"product_cat":[1189,1181,1186],"product_tag":[1482],"class_list":{"0":"post-111359","1":"product","2":"type-product","3":"status-publish","4":"has-post-thumbnail","6":"product_brand-facetwp","7":"product_cat-personnalisation","8":"product_cat-plugins","9":"product_cat-wordpress-plugins","10":"product_tag-facetwp","11":"member-discount","12":"discount-restricted","14":"first","15":"instock","16":"sale","17":"downloadable","18":"virtual","19":"sold-individually","20":"purchasable","21":"product-type-simple"},"_links":{"self":[{"href":"https:\/\/gpl-love.com\/fr\/wp-json\/wp\/v2\/product\/111359","targetHints":{"allow":["GET"]}}],"collection":[{"href":"https:\/\/gpl-love.com\/fr\/wp-json\/wp\/v2\/product"}],"about":[{"href":"https:\/\/gpl-love.com\/fr\/wp-json\/wp\/v2\/types\/product"}],"replies":[{"embeddable":true,"href":"https:\/\/gpl-love.com\/fr\/wp-json\/wp\/v2\/comments?post=111359"}],"wp:featuredmedia":[{"embeddable":true,"href":"https:\/\/gpl-love.com\/fr\/wp-json\/wp\/v2\/media\/143847"}],"wp:attachment":[{"href":"https:\/\/gpl-love.com\/fr\/wp-json\/wp\/v2\/media?parent=111359"}],"wp:term":[{"taxonomy":"product_brand","embeddable":true,"href":"https:\/\/gpl-love.com\/fr\/wp-json\/wp\/v2\/product_brand?post=111359"},{"taxonomy":"product_cat","embeddable":true,"href":"https:\/\/gpl-love.com\/fr\/wp-json\/wp\/v2\/product_cat?post=111359"},{"taxonomy":"product_tag","embeddable":true,"href":"https:\/\/gpl-love.com\/fr\/wp-json\/wp\/v2\/product_tag?post=111359"}],"curies":[{"name":"wp","href":"https:\/\/api.w.org\/{rel}","templated":true}]}}