{"id":111357,"date":"2022-08-16T00:00:00","date_gmt":"2022-08-15T22:00:00","guid":{"rendered":"http:\/\/gpl-love.com\/fr\/produit\/facetwp-pods-integration\/"},"modified":"2026-03-20T23:05:32","modified_gmt":"2026-03-20T22:05:32","slug":"facetwp-pods-integration","status":"publish","type":"product","link":"https:\/\/gpl-love.com\/fr\/produit\/facetwp-pods-integration\/","title":{"rendered":"FacetWP Pods Integration 1.2.4"},"content":{"rendered":"<h3>FacetWP Pods Integration Traits<\/h3>\n<p>L&rsquo;int\u00e9gration FACETWP PODS pr\u00e9sente un outil extr\u00eamement puissant qui permet aux propri\u00e9taires de sites de fusionner de mani\u00e8re transparente FACETWP FACETWP. L&rsquo;incorporation de cette int\u00e9gration accorde aux propri\u00e9taires de sites Web la capacit\u00e9 remarquable de forger des types de publiques personnalis\u00e9es et des champs personnalis\u00e9s gr\u00e2ce \u00e0 l&rsquo;utilisation de pods, leur permettant ainsi de utiliser lesdits champs personnalis\u00e9s comme filtres pour leurs recherches \u00e0 facettes avec FACETWP. En tirant parti de cet outil exceptionnel, les propri\u00e9taires de sites Web peuvent \u00e9tablir sans effort les fonctionnalit\u00e9s de recherche facett\u00e9es sur leurs sites Web respectifs, fournissant ainsi \u00e0 leurs utilisateurs la plus grande commodit\u00e9 de filtrer le contenu bas\u00e9 sur des crit\u00e8res extr\u00eamement sp\u00e9cifiques. Notamment, cette int\u00e9gration accorde en outre les propri\u00e9taires de sites Web avec la capacit\u00e9 inestimable \u00e0 effectuer des recherches avanc\u00e9es, englobant les prouesses remarquables de se plonger dans les champs et les taxonomies personnalis\u00e9s. Il va sans dire que cet outil est une n\u00e9cessit\u00e9 absolue pour les propri\u00e9taires de sites Web aspirant \u00e0 \u00e9lever leur fonctionnalit\u00e9 de recherche \u00e0 des hauteurs in\u00e9gal\u00e9es.<\/p>\n<ul>\n<li>Int\u00e9gration am\u00e9lior\u00e9e entre FACETWP et PODS<\/li>\n<li>Capacit\u00e9s de recherche et de filtrage rationalis\u00e9es<\/li>\n<li>Exp\u00e9rience utilisateur am\u00e9lior\u00e9e avec une interface intuitive<\/li>\n<li>Efficacit\u00e9 accrue dans la gestion de grands ensembles de donn\u00e9es<\/li>\n<li>Capacit\u00e9 \u00e0 personnaliser et \u00e0 afficher les donn\u00e9es de diverses mani\u00e8res<\/li>\n<li>Compatibilit\u00e9 sans couture avec la plate-forme WordPress<\/li>\n<li>Mises \u00e0 jour r\u00e9guli\u00e8res et support client de l&rsquo;\u00e9quipe FACETWP<\/li>\n<li>Gestion simplifi\u00e9e des structures de donn\u00e9es complexes<\/li>\n<li>Flexibilit\u00e9 accrue dans la conception et l&rsquo;affichage du contenu Web<\/li>\n<\/ul>\n","protected":false},"excerpt":{"rendered":"<p>L&rsquo;int\u00e9gration remarquable et tr\u00e8s efficace FACETWP PODS est un outil vraiment inestimable qui vous permet d&rsquo;incorporer sans effort et de mani\u00e8re transparente vos donn\u00e9es pr\u00e9cieuses et inestimables dans la plate-forme FACETWP FACETWP exceptionnellement puissante et dynamique. Cette int\u00e9gration in\u00e9gal\u00e9e poss\u00e8de une interface incroyablement conviviale et intuitive, qui vous permet sans effort de personnaliser impeccablement et de configurer m\u00e9ticuleusement un vaste \u00e9ventail de filtres et de facettes, permettant ainsi un niveau de pr\u00e9cision et de contr\u00f4le vraiment in\u00e9gal\u00e9. En exploitant les capacit\u00e9s exceptionnelles de cette int\u00e9gration, vous \u00eates en mesure de cr\u00e9er rapidement et sans effort un syst\u00e8me de recherche et de filtrage exceptionnellement avanc\u00e9 et complexe, augmentant ainsi consid\u00e9rablement l&rsquo;exp\u00e9rience utilisateur globale de tous vos visiteurs de site Web estim\u00e9s. L&rsquo;int\u00e9gration des pods FACETWP impressionnante est la solution ultime pour toute entreprise ou individu exigeant qui s&rsquo;efforce de fournir \u00e0 leur public estim\u00e9 une exp\u00e9rience de recherche beaucoup plus rationalis\u00e9e, efficace et hautement personnalis\u00e9e qui est garantie de laisser une impression ind\u00e9l\u00e9bile et durable.<\/p>\n","protected":false},"featured_media":143846,"comment_status":"open","ping_status":"open","template":"","meta":[],"product_brand":[2543],"product_cat":[1189,1181,1186],"product_tag":[1482],"class_list":{"0":"post-111357","1":"product","2":"type-product","3":"status-publish","4":"has-post-thumbnail","6":"product_brand-facetwp","7":"product_cat-personnalisation","8":"product_cat-plugins","9":"product_cat-wordpress-plugins","10":"product_tag-facetwp","11":"member-discount","12":"discount-restricted","14":"first","15":"instock","16":"sale","17":"downloadable","18":"virtual","19":"sold-individually","20":"purchasable","21":"product-type-simple"},"_links":{"self":[{"href":"https:\/\/gpl-love.com\/fr\/wp-json\/wp\/v2\/product\/111357","targetHints":{"allow":["GET"]}}],"collection":[{"href":"https:\/\/gpl-love.com\/fr\/wp-json\/wp\/v2\/product"}],"about":[{"href":"https:\/\/gpl-love.com\/fr\/wp-json\/wp\/v2\/types\/product"}],"replies":[{"embeddable":true,"href":"https:\/\/gpl-love.com\/fr\/wp-json\/wp\/v2\/comments?post=111357"}],"wp:featuredmedia":[{"embeddable":true,"href":"https:\/\/gpl-love.com\/fr\/wp-json\/wp\/v2\/media\/143846"}],"wp:attachment":[{"href":"https:\/\/gpl-love.com\/fr\/wp-json\/wp\/v2\/media?parent=111357"}],"wp:term":[{"taxonomy":"product_brand","embeddable":true,"href":"https:\/\/gpl-love.com\/fr\/wp-json\/wp\/v2\/product_brand?post=111357"},{"taxonomy":"product_cat","embeddable":true,"href":"https:\/\/gpl-love.com\/fr\/wp-json\/wp\/v2\/product_cat?post=111357"},{"taxonomy":"product_tag","embeddable":true,"href":"https:\/\/gpl-love.com\/fr\/wp-json\/wp\/v2\/product_tag?post=111357"}],"curies":[{"name":"wp","href":"https:\/\/api.w.org\/{rel}","templated":true}]}}