{"id":111355,"date":"2025-04-27T00:00:00","date_gmt":"2025-04-26T22:00:00","guid":{"rendered":"http:\/\/gpl-love.com\/fr\/produit\/facetwp-map-facet\/"},"modified":"2026-03-20T23:05:31","modified_gmt":"2026-03-20T22:05:31","slug":"facetwp-map-facet","status":"publish","type":"product","link":"https:\/\/gpl-love.com\/fr\/produit\/facetwp-map-facet\/","title":{"rendered":"FacetWP Map Facet 1.2"},"content":{"rendered":"<h3>FacetWP Map Facet Traits<\/h3>\n<p>La facette de carte FacetWP, un outil robuste, accorde aux utilisateurs la capacit\u00e9 d&rsquo;exposer les r\u00e9sultats de recherche sur une carte. Ce module compl\u00e9mentaire, rempli de fonctionnalit\u00e9s, permet aux utilisateurs de tamiser les r\u00e9sultats de recherche subordonn\u00e9s \u00e0 l&#8217;emplacement g\u00e9ographique, facilitant ainsi la d\u00e9couverte d&rsquo;\u00e9tablissements, d&rsquo;\u00e9v\u00e9nements ou d&rsquo;attractions \u00e0 proximit\u00e9. Tirant parti de la facette de la carte FACETWP, les utilisateurs poss\u00e8dent la capacit\u00e9 de personnaliser leurs cartes conform\u00e9ment \u00e0 leurs pr\u00e9f\u00e9rences, englobant la cr\u00e9ation de marqueurs sur mesure, la s\u00e9lection des th\u00e8mes de la carte et l&rsquo;opter pour diverses carreaux de carte. De plus, ce composant suppl\u00e9mentaire s&rsquo;int\u00e8gre de mani\u00e8re transparente avec d&rsquo;autres fonctionnalit\u00e9s FACETWP, comme le filtrage de recherche, ce qui le rend un outil indispensable pour quiconque aspirant \u00e0 amplifier les capacit\u00e9s de recherche de leur site Web.<\/p>\n<ul>\n<li>Visualisez facilement les donn\u00e9es bas\u00e9es sur la localisation sur les cartes interactives<\/li>\n<li>L&rsquo;interface utilisateur intuitive facilite le filtre et affiner les cartes avec des couches et des marqueurs<\/li>\n<li>La technologie de g\u00e9ocodage avanc\u00e9e garantit des r\u00e9sultats pr\u00e9cis pour m\u00eame les requ\u00eates les plus complexes<\/li>\n<li>Compatible avec un large \u00e9ventail de types de donn\u00e9es, y compris les emplacements, les adresses et m\u00eame les champs personnalis\u00e9s<\/li>\n<li>Offre une gamme d&rsquo;options de personnalisation, y compris les styles de carte, les ic\u00f4nes de marqueur, et plus<\/li>\n<li>Parfait pour les entreprises, les organisations \u00e0 but non lucratif et d&rsquo;autres organisations qui souhaitent tirer parti des donn\u00e9es de localisation pour am\u00e9liorer leurs offres et atteindre un public plus large<\/li>\n<li>S&rsquo;int\u00e8gre parfaitement au plugin FacetWP populaire, permettant une fonctionnalit\u00e9 et une flexibilit\u00e9 encore plus importantes<\/li>\n<li>Les mises \u00e0 jour r\u00e9guli\u00e8res et le support d\u00e9di\u00e9 garantissent que le plugin reste \u00e0 jour et r\u00e9pond aux besoins en \u00e9volution des utilisateurs.<\/li>\n<\/ul>\n","protected":false},"excerpt":{"rendered":"<p>La facette de la carte FACETWP est un outil incroyablement robuste qui donne aux utilisateurs la possibilit\u00e9 de cr\u00e9er des cartes interactives en utilisant une vari\u00e9t\u00e9 de crit\u00e8res de recherche. En utilisant cette fonctionnalit\u00e9 remarquable, vous pouvez affiner sans effort vos r\u00e9sultats de recherche pour pr\u00e9senter des informations g\u00e9ographiques pertinentes aux visiteurs de votre site. En fin de compte, cette capacit\u00e9 inestimable augmente consid\u00e9rablement la convivialit\u00e9 et l&rsquo;exp\u00e9rience utilisateur globale de votre site Web, simplifiant par la suite le processus pour que votre public trouve pr\u00e9cis\u00e9ment ce qu&rsquo;ils recherchent. Que vous soyez exploit\u00e9 une plate-forme compl\u00e8te ax\u00e9e sur les voyages ou que vous supervisez un site Web immobilier, la facette FACETWP Map Facet est sans \u00e9quivoque comme un atout indispensable pour tout propri\u00e9taire de site Web qui est vraiment d\u00e9termin\u00e9 \u00e0 optimiser la fonctionnalit\u00e9 de sa plate-forme en ligne.<\/p>\n","protected":false},"featured_media":143844,"comment_status":"open","ping_status":"open","template":"","meta":[],"product_brand":[2543],"product_cat":[1189,1181,1186],"product_tag":[1482],"class_list":{"0":"post-111355","1":"product","2":"type-product","3":"status-publish","4":"has-post-thumbnail","6":"product_brand-facetwp","7":"product_cat-personnalisation","8":"product_cat-plugins","9":"product_cat-wordpress-plugins","10":"product_tag-facetwp","11":"member-discount","12":"discount-restricted","14":"first","15":"instock","16":"sale","17":"downloadable","18":"virtual","19":"sold-individually","20":"purchasable","21":"product-type-simple"},"_links":{"self":[{"href":"https:\/\/gpl-love.com\/fr\/wp-json\/wp\/v2\/product\/111355","targetHints":{"allow":["GET"]}}],"collection":[{"href":"https:\/\/gpl-love.com\/fr\/wp-json\/wp\/v2\/product"}],"about":[{"href":"https:\/\/gpl-love.com\/fr\/wp-json\/wp\/v2\/types\/product"}],"replies":[{"embeddable":true,"href":"https:\/\/gpl-love.com\/fr\/wp-json\/wp\/v2\/comments?post=111355"}],"wp:featuredmedia":[{"embeddable":true,"href":"https:\/\/gpl-love.com\/fr\/wp-json\/wp\/v2\/media\/143844"}],"wp:attachment":[{"href":"https:\/\/gpl-love.com\/fr\/wp-json\/wp\/v2\/media?parent=111355"}],"wp:term":[{"taxonomy":"product_brand","embeddable":true,"href":"https:\/\/gpl-love.com\/fr\/wp-json\/wp\/v2\/product_brand?post=111355"},{"taxonomy":"product_cat","embeddable":true,"href":"https:\/\/gpl-love.com\/fr\/wp-json\/wp\/v2\/product_cat?post=111355"},{"taxonomy":"product_tag","embeddable":true,"href":"https:\/\/gpl-love.com\/fr\/wp-json\/wp\/v2\/product_tag?post=111355"}],"curies":[{"name":"wp","href":"https:\/\/api.w.org\/{rel}","templated":true}]}}