{"id":111351,"date":"2021-09-30T00:00:00","date_gmt":"2021-09-29T22:00:00","guid":{"rendered":"http:\/\/gpl-love.com\/fr\/produit\/facetwp-flatsome-integration\/"},"modified":"2026-03-20T23:05:28","modified_gmt":"2026-03-20T22:05:28","slug":"facetwp-flatsome-integration","status":"publish","type":"product","link":"https:\/\/gpl-love.com\/fr\/produit\/facetwp-flatsome-integration\/","title":{"rendered":"FacetWP Flatsome Integration 0.4.5"},"content":{"rendered":"<h3>FacetWP Flatsome Integration Traits<\/h3>\n<p>L&rsquo;int\u00e9gration de l&rsquo;int\u00e9gration FACETWP, un outil puissant, permet la fusion de Fargestome, un th\u00e8me de commerce \u00e9lectronique tr\u00e8s recherch\u00e9 pour WordPress, avec FACETWP, un plugin qui augmente et enrichit la fonctionnalit\u00e9 de recherche de votre site Web. En fusionnant ces deux formidables outils, vous pouvez g\u00e9n\u00e9rer des filtres de recherche sophistiqu\u00e9s et des listes de produits dynamiques qui am\u00e9lioreront sans aucun doute l&rsquo;exp\u00e9rience utilisateur et favoriseront l&rsquo;engagement accru. De plus, l&rsquo;installation et la configuration de cette int\u00e9gration sont un processus sans effort, et il vous accorde un \u00e9ventail de fonctionnalit\u00e9s qui vous accordent une autorit\u00e9 absolue et un contr\u00f4le sur la mani\u00e8re dont vos produits sont pr\u00e9sent\u00e9s. Avec l&rsquo;utilisation de l&rsquo;int\u00e9gration FACETWP FlatSome, vous pouvez catapulter votre site Web de commerce \u00e9lectronique \u00e0 de nouveaux sommets, offrant ainsi \u00e0 vos clients estim\u00e9s une exp\u00e9rience d&rsquo;achat sans couture et sans couture.<\/p>\n<ul>\n<li>Int\u00e8gre de mani\u00e8re transparente les fonctionnalit\u00e9s de filtrage et de recherche FACETWP avec le th\u00e8me plat<\/li>\n<li>Permet aux utilisateurs de rechercher et de filtrer facilement les produits sur leur site Web<\/li>\n<li>Fournit une zone de widget personnalisable pour afficher des filtres et des options de recherche<\/li>\n<li>Offre une vari\u00e9t\u00e9 de types de filtres, y compris les cases \u00e0 cocher, les listes d\u00e9roulantes et les curseurs<\/li>\n<li>Permet des options de tri de produits personnalis\u00e9es en fonction du prix, de la popularit\u00e9 et plus<\/li>\n<li>Fournit une recherche et un filtrage aliment\u00e9 par Ajax pour une exp\u00e9rience utilisateur plus rapide<\/li>\n<li>Compatible avec les t\u00e9l\u00e9chargements num\u00e9riques WooCommerce et Easy<\/li>\n<li>Offre une documentation approfondie et un support client pour la configuration et l&rsquo;assistance de personnalisation<\/li>\n<\/ul>\n","protected":false},"excerpt":{"rendered":"<p>L&rsquo;int\u00e9gration FACETWP FlatSome est un outil incroyablement puissant m\u00e9ticuleusement con\u00e7u pour s&rsquo;amalgamer de mani\u00e8re transparente avec un th\u00e8me WordPress extr\u00eamement recherch\u00e9. En incorporant cette int\u00e9gration, vous serez autoris\u00e9 \u00e0 incorporer sans effort des capacit\u00e9s de recherche \u00e0 facettes de pointe dans votre site Web de commerce \u00e9lectronique, dominant ainsi votre client\u00e8le estim\u00e9e avec une exp\u00e9rience de recherche in\u00e9gal\u00e9e et instinctive. Pr\u00e9sentant une gamme de fonctionnalit\u00e9s impressionnantes, englobant mais sans s&rsquo;y limiter, des filtres rapides, des analyses de recherche, et bien plus encore, l&rsquo;int\u00e9gration FACETWP contribuera incontestablement \u00e0 l&rsquo;am\u00e9lioration de la navigabilit\u00e9 de votre boutique en ligne, \u00e0 une augmentation des conversions, et finalement, \u00e0 une plus grande rendement mon\u00e9taire substantiel. Quelle que soit l&rsquo;ampleur de votre \u00e9tablissement de commerce \u00e9lectronique, que ce soit grandiose ou petit, cette int\u00e9gration sert de solution par excellence pour revigorer les performances de votre site Web et \u00e9lever l&rsquo;exp\u00e9rience utilisateur globale.<\/p>\n","protected":false},"featured_media":143842,"comment_status":"open","ping_status":"open","template":"","meta":[],"product_brand":[2543],"product_cat":[1189,1181,1186],"product_tag":[1482],"class_list":{"0":"post-111351","1":"product","2":"type-product","3":"status-publish","4":"has-post-thumbnail","6":"product_brand-facetwp","7":"product_cat-personnalisation","8":"product_cat-plugins","9":"product_cat-wordpress-plugins","10":"product_tag-facetwp","11":"member-discount","12":"discount-restricted","14":"first","15":"instock","16":"sale","17":"downloadable","18":"virtual","19":"sold-individually","20":"purchasable","21":"product-type-simple"},"_links":{"self":[{"href":"https:\/\/gpl-love.com\/fr\/wp-json\/wp\/v2\/product\/111351","targetHints":{"allow":["GET"]}}],"collection":[{"href":"https:\/\/gpl-love.com\/fr\/wp-json\/wp\/v2\/product"}],"about":[{"href":"https:\/\/gpl-love.com\/fr\/wp-json\/wp\/v2\/types\/product"}],"replies":[{"embeddable":true,"href":"https:\/\/gpl-love.com\/fr\/wp-json\/wp\/v2\/comments?post=111351"}],"wp:featuredmedia":[{"embeddable":true,"href":"https:\/\/gpl-love.com\/fr\/wp-json\/wp\/v2\/media\/143842"}],"wp:attachment":[{"href":"https:\/\/gpl-love.com\/fr\/wp-json\/wp\/v2\/media?parent=111351"}],"wp:term":[{"taxonomy":"product_brand","embeddable":true,"href":"https:\/\/gpl-love.com\/fr\/wp-json\/wp\/v2\/product_brand?post=111351"},{"taxonomy":"product_cat","embeddable":true,"href":"https:\/\/gpl-love.com\/fr\/wp-json\/wp\/v2\/product_cat?post=111351"},{"taxonomy":"product_tag","embeddable":true,"href":"https:\/\/gpl-love.com\/fr\/wp-json\/wp\/v2\/product_tag?post=111351"}],"curies":[{"name":"wp","href":"https:\/\/api.w.org\/{rel}","templated":true}]}}