{"id":111347,"date":"2026-03-25T00:00:00","date_gmt":"2026-03-24T23:00:00","guid":{"rendered":"http:\/\/gpl-love.com\/fr\/produit\/facetwp-conditional-logic\/"},"modified":"2026-03-25T23:30:23","modified_gmt":"2026-03-25T22:30:23","slug":"facetwp-conditional-logic","status":"publish","type":"product","link":"https:\/\/gpl-love.com\/fr\/produit\/facetwp-conditional-logic\/","title":{"rendered":"FacetWP Conditional Logic 1.5.1"},"content":{"rendered":"<h3>FacetWP Conditional Logic Traits<\/h3>\n<p>FACETWP Conditional Logic offre un outil robuste et puissant pour les utilisateurs de sites Web, leur permettant de r\u00e9aliser des requ\u00eates de recherche personnalis\u00e9es et dynamiques pour leurs sites Web respectifs. Gr\u00e2ce \u00e0 l&rsquo;utilisation de ce plugin, les utilisateurs acqui\u00e8rent la possibilit\u00e9 d&rsquo;\u00e9tablir des r\u00e9glementations qui d\u00e9terminent l&rsquo;affichage de filtres de recherche ou de facettes sp\u00e9cifiques, en fonction de l&rsquo;entr\u00e9e des utilisateurs ou d&rsquo;autres facteurs variables. Par cons\u00e9quent, cela engendre un sc\u00e9nario dans lequel les visiteurs du site Web rencontrent exclusivement des options de recherche pertinentes, augmentant ainsi l&rsquo;efficacit\u00e9 et l&rsquo;efficacit\u00e9 de leurs efforts de recherche. Notamment, FACETWP Conditional Logic incarne une nature conviviale et hautement personnalisable, ce qui permet aux utilisateurs d&rsquo;affiner leurs requ\u00eates de recherche pour s&rsquo;aligner pr\u00e9cis\u00e9ment avec leurs exigences individuelles. Que l&rsquo;on exploite une boutique de commerce \u00e9lectronique ou un site Web riche en contenu, FACETWP Conditional Logic sert de ressource inestimable pour rationaliser le processus de recherche et amplifier l&rsquo;engagement des utilisateurs.<\/p>\n<ul>\n<li>Am\u00e9liore la fonctionnalit\u00e9 de FACETWP en ajoutant une logique conditionnelle<\/li>\n<li>Permet la cr\u00e9ation d&rsquo;options de recherche et de filtre hautement personnalis\u00e9es<\/li>\n<li>Offre la possibilit\u00e9 d&rsquo;afficher ou de masquer les facettes en fonction de la saisie des utilisateurs et des filtres s\u00e9lectionn\u00e9s<\/li>\n<li>Augmente l&rsquo;efficacit\u00e9 en affichant uniquement les options pertinentes pour les utilisateurs<\/li>\n<li>Am\u00e9liore l&rsquo;exp\u00e9rience utilisateur en offrant une exp\u00e9rience de recherche plus intuitive et personnalis\u00e9e<\/li>\n<li>Permet aux d\u00e9veloppeurs de cr\u00e9er des interfaces de recherche complexes et dynamiques sans avoir besoin de code personnalis\u00e9<\/li>\n<li>Compatible avec un large \u00e9ventail de sites Web et de plateformes<\/li>\n<li>Offre une int\u00e9gration facile avec les configurations FACETWP existantes<\/li>\n<li>Comprend une documentation compl\u00e8te et un support pour une impl\u00e9mentation et un d\u00e9pannage faciles<\/li>\n<\/ul>\n","protected":false},"excerpt":{"rendered":"<p>FACETWP Conditional Logic, un plugin remarquable, offre un moyen sans couture et sans effort d&rsquo;\u00e9tablir des filtres de recherche complexes sur votre site WordPress. En incorporant ce plugin, vous gagnez la possibilit\u00e9 de configurer la logique conditionnelle, pr\u00e9sentant ainsi diverses options de recherche subordonn\u00e9es aux choix ant\u00e9rieurs de l&rsquo;utilisateur. Par cons\u00e9quent, cette fonctionnalit\u00e9 ing\u00e9nieuse rationalise le processus pour que vos utilisateurs puissent d\u00e9terminer pr\u00e9cis\u00e9ment ce qu&rsquo;ils d\u00e9sirent et, en cons\u00e9quence, renforce la convivialit\u00e9 globale de votre site Web. Que vous g\u00e9riez une plate-forme de commerce \u00e9lectronique ou un blog, l&rsquo;indispensabilit\u00e9 de la logique conditionnelle FACETWP en tant qu&rsquo;outil d&rsquo;am\u00e9lioration de la recherche ne peut pas \u00eatre surestim\u00e9e.<\/p>\n","protected":false},"featured_media":143840,"comment_status":"open","ping_status":"open","template":"","meta":[],"product_brand":[2543],"product_cat":[1189,1181,1186],"product_tag":[1482],"class_list":{"0":"post-111347","1":"product","2":"type-product","3":"status-publish","4":"has-post-thumbnail","6":"product_brand-facetwp","7":"product_cat-personnalisation","8":"product_cat-plugins","9":"product_cat-wordpress-plugins","10":"product_tag-facetwp","11":"member-discount","12":"discount-restricted","14":"first","15":"instock","16":"sale","17":"downloadable","18":"virtual","19":"sold-individually","20":"purchasable","21":"product-type-simple"},"_links":{"self":[{"href":"https:\/\/gpl-love.com\/fr\/wp-json\/wp\/v2\/product\/111347","targetHints":{"allow":["GET"]}}],"collection":[{"href":"https:\/\/gpl-love.com\/fr\/wp-json\/wp\/v2\/product"}],"about":[{"href":"https:\/\/gpl-love.com\/fr\/wp-json\/wp\/v2\/types\/product"}],"replies":[{"embeddable":true,"href":"https:\/\/gpl-love.com\/fr\/wp-json\/wp\/v2\/comments?post=111347"}],"wp:featuredmedia":[{"embeddable":true,"href":"https:\/\/gpl-love.com\/fr\/wp-json\/wp\/v2\/media\/143840"}],"wp:attachment":[{"href":"https:\/\/gpl-love.com\/fr\/wp-json\/wp\/v2\/media?parent=111347"}],"wp:term":[{"taxonomy":"product_brand","embeddable":true,"href":"https:\/\/gpl-love.com\/fr\/wp-json\/wp\/v2\/product_brand?post=111347"},{"taxonomy":"product_cat","embeddable":true,"href":"https:\/\/gpl-love.com\/fr\/wp-json\/wp\/v2\/product_cat?post=111347"},{"taxonomy":"product_tag","embeddable":true,"href":"https:\/\/gpl-love.com\/fr\/wp-json\/wp\/v2\/product_tag?post=111347"}],"curies":[{"name":"wp","href":"https:\/\/api.w.org\/{rel}","templated":true}]}}