{"id":111345,"date":"2024-12-17T00:00:00","date_gmt":"2024-12-16T23:00:00","guid":{"rendered":"http:\/\/gpl-love.com\/fr\/produit\/facetwp-color\/"},"modified":"2026-03-20T23:05:26","modified_gmt":"2026-03-20T22:05:26","slug":"facetwp-color","status":"publish","type":"product","link":"https:\/\/gpl-love.com\/fr\/produit\/facetwp-color\/","title":{"rendered":"FacetWP Color 1.7.1"},"content":{"rendered":"<h3>FacetWP Color Traits<\/h3>\n<p>FacetWP Color est un plugin incroyablement robuste et polyvalent qui donne aux utilisateurs la possibilit\u00e9 de filtrer et de trier le contenu sans effort en fonction de la couleur. Ce plugin ph\u00e9nom\u00e9nal permet aux utilisateurs de modeler des filtres de couleur personnalis\u00e9s pour les produits, les images ou toute autre forme de contenu de leur site Web. En mettant en \u0153uvre la couleur FACETWP, les individus peuvent int\u00e9grer de mani\u00e8re transparente les \u00e9chantillons de couleurs sur leurs pages de produits, leurs r\u00e9sultats de recherche et leurs pages de cat\u00e9gorie, accordant finalement aux clients une exp\u00e9rience de navigation am\u00e9lior\u00e9e et plus instinctive qui est visuellement enchanteresse. La beaut\u00e9 de ce plugin r\u00e9side dans son processus d&rsquo;installation simple et ses fonctionnalit\u00e9s personnalisables, ce qui le rend compatible avec une vaste gamme de th\u00e8mes et de plugins WordPress. Avec les capacit\u00e9s extraordinaires de la couleur FACETWP, les propri\u00e9taires de sites Web peuvent rapidement am\u00e9liorer la fonctionnalit\u00e9 de leur site Web, facilitant ainsi un processus plus rationalis\u00e9 et efficace pour que les clients puissent localiser les produits qu&rsquo;ils souhaitent.<\/p>\n<ul>\n<li>Outil facile \u00e0 utiliser pour filtrer les produits sur une boutique WooCommerce par couleur<\/li>\n<li>Int\u00e8gre de mani\u00e8re transparente au plugin FacetWP, qui permet des options de filtrage encore plus avanc\u00e9es<\/li>\n<li>Fournit un moyen visuellement attrayant de pr\u00e9senter des produits par leurs options de couleur<\/li>\n<li>\u00c9conomise du temps et des efforts pour les acheteurs en leur permettant de trouver rapidement exactement ce qu&rsquo;ils recherchent en fonction de la couleur<\/li>\n<li>Stimule les ventes en facilitant les produits pour les clients et les d\u00e9cisions d&rsquo;achat<\/li>\n<li>Tr\u00e8s flexible, permettant aux propri\u00e9taires de magasins de personnaliser les options de couleur affich\u00e9es pour r\u00e9pondre \u00e0 leurs besoins uniques<\/li>\n<li>Fonctionne sur les appareils mobiles, offrant une exp\u00e9rience d&rsquo;achat sans couture quel que soit l&rsquo;appareil utilis\u00e9<\/li>\n<li>Soutenu par le soutien expert de l&rsquo;\u00e9quipe FACETWP, garantissant que tous les probl\u00e8mes ou questions peuvent \u00eatre rapidement r\u00e9solus<\/li>\n<\/ul>\n","protected":false},"excerpt":{"rendered":"<p>FacetWP Color, un plugin exceptionnellement polyvalent, offre aux utilisateurs la possibilit\u00e9 de filtrer sans effort leurs donn\u00e9es en fonction de la couleur. B\u00e9n\u00e9ficiant d&rsquo;une interface intuitive, ce plugin facilite un processus de recherche transparent pour les utilisateurs \u00e0 la recherche d&rsquo;articles d&rsquo;une teinte sp\u00e9cifique, en s&rsquo;assurant qu&rsquo;ils localisent leurs produits souhait\u00e9s avec la plus grande efficacit\u00e9 et commodit\u00e9. Que vous soyez un acheteur en ligne ardent ou un d\u00e9veloppeur Web qui s&rsquo;efforce d&rsquo;amplifier la fonctionnalit\u00e9 de votre site, FacetWP Color appara\u00eet comme une s\u00e9lection optimale, englobant un outil de filtrage puissant mais convivial.<\/p>\n","protected":false},"featured_media":143839,"comment_status":"open","ping_status":"open","template":"","meta":[],"product_brand":[2543],"product_cat":[1189,1181,1186],"product_tag":[1482],"class_list":{"0":"post-111345","1":"product","2":"type-product","3":"status-publish","4":"has-post-thumbnail","6":"product_brand-facetwp","7":"product_cat-personnalisation","8":"product_cat-plugins","9":"product_cat-wordpress-plugins","10":"product_tag-facetwp","11":"member-discount","12":"discount-restricted","14":"first","15":"instock","16":"sale","17":"downloadable","18":"virtual","19":"sold-individually","20":"purchasable","21":"product-type-simple"},"_links":{"self":[{"href":"https:\/\/gpl-love.com\/fr\/wp-json\/wp\/v2\/product\/111345","targetHints":{"allow":["GET"]}}],"collection":[{"href":"https:\/\/gpl-love.com\/fr\/wp-json\/wp\/v2\/product"}],"about":[{"href":"https:\/\/gpl-love.com\/fr\/wp-json\/wp\/v2\/types\/product"}],"replies":[{"embeddable":true,"href":"https:\/\/gpl-love.com\/fr\/wp-json\/wp\/v2\/comments?post=111345"}],"wp:featuredmedia":[{"embeddable":true,"href":"https:\/\/gpl-love.com\/fr\/wp-json\/wp\/v2\/media\/143839"}],"wp:attachment":[{"href":"https:\/\/gpl-love.com\/fr\/wp-json\/wp\/v2\/media?parent=111345"}],"wp:term":[{"taxonomy":"product_brand","embeddable":true,"href":"https:\/\/gpl-love.com\/fr\/wp-json\/wp\/v2\/product_brand?post=111345"},{"taxonomy":"product_cat","embeddable":true,"href":"https:\/\/gpl-love.com\/fr\/wp-json\/wp\/v2\/product_cat?post=111345"},{"taxonomy":"product_tag","embeddable":true,"href":"https:\/\/gpl-love.com\/fr\/wp-json\/wp\/v2\/product_tag?post=111345"}],"curies":[{"name":"wp","href":"https:\/\/api.w.org\/{rel}","templated":true}]}}