{"id":111343,"date":"2024-12-17T00:00:00","date_gmt":"2024-12-16T23:00:00","guid":{"rendered":"http:\/\/gpl-love.com\/fr\/produit\/facetwp-caching\/"},"modified":"2026-03-20T23:05:25","modified_gmt":"2026-03-20T22:05:25","slug":"facetwp-caching","status":"publish","type":"product","link":"https:\/\/gpl-love.com\/fr\/produit\/facetwp-caching\/","title":{"rendered":"FacetWP Caching 1.7.1"},"content":{"rendered":"<h3>FacetWP Caching Traits<\/h3>\n<p>FACETWP CACHING, un outil incroyablement influent, am\u00e9liore efficacement les performances de FACETWP &#8211; un plugin WordPress largement utilis\u00e9 utilis\u00e9 pour filtrer et rechercher du contenu. En mettant en cache les r\u00e9sultats des requ\u00eates utilisateur, cette fonctionnalit\u00e9 suppl\u00e9mentaire permet des charges de page plus rapides et des exp\u00e9riences utilisateur plus transparentes. Gr\u00e2ce \u00e0 la r\u00e9duction des requ\u00eates de base de donn\u00e9es n\u00e9cessaires pour g\u00e9n\u00e9rer des r\u00e9sultats de recherche, la mise en cache FACETWP am\u00e9liore consid\u00e9rablement la vitesse et la r\u00e9activit\u00e9 des sites Web. De plus, il poss\u00e8de un \u00e9ventail de capacit\u00e9s de mise en cache avanc\u00e9es, y compris l&rsquo;option pour personnaliser les temps d&rsquo;expiration du cache et restreindre le nombre de r\u00e9sultats mis en cache. Avec l&rsquo;utilisation de la mise en cache FACETWP, les propri\u00e9taires de sites Web peuvent fournir \u00e0 leurs visiteurs une rencontre de recherche efficace et sans effort, conduisant finalement \u00e0 un engagement accru et \u00e0 des taux de conversion augment\u00e9s.<\/p>\n<ul>\n<li>Temps de chargement du filtre FacetWP plus rapide<\/li>\n<li>R\u00e9duction de la charge du serveur et de l&rsquo;utilisation des ressources<\/li>\n<li>Am\u00e9lioration des performances et de la vitesse du site Web<\/li>\n<li>Configuration du syst\u00e8me de mise en cache convivial<\/li>\n<li>Option pour activer \/ d\u00e9sactiver la mise en cache sur une base par page ou par filtre<\/li>\n<li>Compatibilit\u00e9 avec les plugins de mise en cache populaires<\/li>\n<li>Prise en charge de diff\u00e9rents types de cache (par exemple, base de donn\u00e9es, objet, transitoire)<\/li>\n<li>Expiration automatique du cache en fonction du comportement de l&rsquo;utilisateur<\/li>\n<li>Journal de mise en cache FacetWP \u00e0 des fins de d\u00e9pannage et d&rsquo;optimisation<\/li>\n<li>Exp\u00e9rience utilisateur am\u00e9lior\u00e9e et satisfaction avec les r\u00e9sultats des filtres plus rapides.<\/li>\n<\/ul>\n","protected":false},"excerpt":{"rendered":"<p>FACETWP CACHING, un outil incroyablement puissant, sert \u00e0 garantir des temps de chargement rapides pour les sites Web aliment\u00e9s par FACETWP. Gr\u00e2ce au processus de mise en cache de sortie FACETWP, il diminue efficacement la charge de requ\u00eate impos\u00e9e \u00e0 votre base de donn\u00e9es, conduisant ainsi \u00e0 des performances am\u00e9lior\u00e9es et \u00e0 un niveau accru de satisfaction des utilisateurs. Ce plugin exceptionnel ajoute non seulement la commodit\u00e9 \u00e0 votre flux de travail, mais facilite \u00e9galement les r\u00e9ponses rapides aux requ\u00eates et aux recherches des utilisateurs. En acqu\u00e9rant un cache des r\u00e9sultats de recherche de l&rsquo;utilisateur, le programme est en mesure de pr\u00e9senter vos filtres FACETWP sans avoir besoin d&rsquo;attendre un nouvel appel de fonction pour chaque filtre individuel. Par cons\u00e9quent, il fournit un moyen efficace d&rsquo;\u00e9lever la vitesse et la fiabilit\u00e9 de votre outil FACETWP en tirant parti de la puissance de la mise en cache FACETWP.<\/p>\n","protected":false},"featured_media":143838,"comment_status":"open","ping_status":"open","template":"","meta":[],"product_brand":[2543],"product_cat":[1189,1181,1186],"product_tag":[1482],"class_list":{"0":"post-111343","1":"product","2":"type-product","3":"status-publish","4":"has-post-thumbnail","6":"product_brand-facetwp","7":"product_cat-personnalisation","8":"product_cat-plugins","9":"product_cat-wordpress-plugins","10":"product_tag-facetwp","11":"member-discount","12":"discount-restricted","14":"first","15":"instock","16":"sale","17":"downloadable","18":"virtual","19":"sold-individually","20":"purchasable","21":"product-type-simple"},"_links":{"self":[{"href":"https:\/\/gpl-love.com\/fr\/wp-json\/wp\/v2\/product\/111343","targetHints":{"allow":["GET"]}}],"collection":[{"href":"https:\/\/gpl-love.com\/fr\/wp-json\/wp\/v2\/product"}],"about":[{"href":"https:\/\/gpl-love.com\/fr\/wp-json\/wp\/v2\/types\/product"}],"replies":[{"embeddable":true,"href":"https:\/\/gpl-love.com\/fr\/wp-json\/wp\/v2\/comments?post=111343"}],"wp:featuredmedia":[{"embeddable":true,"href":"https:\/\/gpl-love.com\/fr\/wp-json\/wp\/v2\/media\/143838"}],"wp:attachment":[{"href":"https:\/\/gpl-love.com\/fr\/wp-json\/wp\/v2\/media?parent=111343"}],"wp:term":[{"taxonomy":"product_brand","embeddable":true,"href":"https:\/\/gpl-love.com\/fr\/wp-json\/wp\/v2\/product_brand?post=111343"},{"taxonomy":"product_cat","embeddable":true,"href":"https:\/\/gpl-love.com\/fr\/wp-json\/wp\/v2\/product_cat?post=111343"},{"taxonomy":"product_tag","embeddable":true,"href":"https:\/\/gpl-love.com\/fr\/wp-json\/wp\/v2\/product_tag?post=111343"}],"curies":[{"name":"wp","href":"https:\/\/api.w.org\/{rel}","templated":true}]}}