{"id":111341,"date":"2021-02-09T00:00:00","date_gmt":"2021-02-08T23:00:00","guid":{"rendered":"http:\/\/gpl-love.com\/fr\/produit\/facetwp-bookings-integration\/"},"modified":"2026-03-20T23:05:24","modified_gmt":"2026-03-20T22:05:24","slug":"facetwp-bookings-integration","status":"publish","type":"product","link":"https:\/\/gpl-love.com\/fr\/produit\/facetwp-bookings-integration\/","title":{"rendered":"FacetWP Bookings Integration 0.6.2"},"content":{"rendered":"<h3>FacetWP Bookings Integration Traits<\/h3>\n<p>L&rsquo;int\u00e9gration des r\u00e9servations FACETWP est un outil incroyablement robuste et efficace qui offre aux utilisateurs la possibilit\u00e9 de g\u00e9rer sans effort et efficacement leurs r\u00e9servations et r\u00e9servations directement sur leur site WordPress. En utilisant cette int\u00e9gration, les individus peuvent facilement cr\u00e9er des facettes personnalis\u00e9es qui permettent des options de filtrage et de tri complexes bas\u00e9es sur une multitude de crit\u00e8res tels que la date, l&rsquo;heure, la disponibilit\u00e9, etc. De plus, cette int\u00e9gration offre aux utilisateurs la possibilit\u00e9 de pr\u00e9senter leurs r\u00e9servations de mani\u00e8re esth\u00e9tique et conviviale, gr\u00e2ce \u00e0 sa large gamme de mod\u00e8les personnalisables et d&rsquo;options de mise en page adaptables. Cette int\u00e9gration est une ressource inestimable pour les entreprises de diverses industries, y compris, mais sans s&rsquo;y limiter, les h\u00f4tels, les restaurants, les centres de fitness et d&rsquo;autres \u00e9tablissements qui d\u00e9pendent fortement des syst\u00e8mes de r\u00e9servation. Avec la mise en \u0153uvre de l&rsquo;int\u00e9gration des r\u00e9servations FACETWP, les entreprises peuvent rationaliser leurs op\u00e9rations et am\u00e9liorer consid\u00e9rablement l&rsquo;exp\u00e9rience globale de leurs clients.<\/p>\n<ul>\n<li>S&rsquo;int\u00e8gre parfaitement \u00e0 FACETWP pour cr\u00e9er de puissantes solutions de r\u00e9servation<\/li>\n<li>Permet une gestion facile des r\u00e9servations via une interface intuitive<\/li>\n<li>Fournit des options flexibles pour la personnalisation et les param\u00e8tres adapt\u00e9s \u00e0 vos besoins sp\u00e9cifiques<\/li>\n<li>Permet aux clients de r\u00e9server facilement des rendez-vous ou des services directement \u00e0 partir de votre site Web<\/li>\n<li>S&rsquo;int\u00e8gre aux passerelles de paiement pour rationaliser le traitement des paiements et augmenter la commodit\u00e9 pour vous et vos clients<\/li>\n<li>Envoie automatiquement les e-mails de confirmation et de rappel de r\u00e9servation pour garder tout le monde sur la bonne voie<\/li>\n<li>Suit les donn\u00e9es clients et l&rsquo;historique de la r\u00e9servation pour am\u00e9liorer vos efforts de marketing et am\u00e9liorer l&rsquo;exp\u00e9rience client<\/li>\n<li>Prend en charge plusieurs langues et devises pour un large \u00e9ventail de besoins commerciaux<\/li>\n<li>Offre un support prioritaire et des mises \u00e0 jour opportunes pour vous assurer que votre flux de travail de r\u00e9servation reste transparent et sans probl\u00e8me.<\/li>\n<\/ul>\n","protected":false},"excerpt":{"rendered":"<p>Am\u00e9liorez la fonctionnalit\u00e9 de votre site Web aliment\u00e9 par FACETWP en l&rsquo;int\u00e9grant de mani\u00e8re transparente avec la capacit\u00e9 de r\u00e9servations! Notre int\u00e9gration exclusive de FACETWP avec les r\u00e9servations vous permet de pr\u00e9senter sans effort les dates et les temps disponibles pour la r\u00e9servation, \u00e0 g\u00e9rer efficacement les r\u00e9servations et les r\u00e9servations, et \u00e0 rationaliser l&rsquo;int\u00e9gralit\u00e9 de votre processus de r\u00e9servation, le tout dans les limites de votre site Web. Avec l&rsquo;avantage suppl\u00e9mentaire de recevoir des mises \u00e0 jour en temps r\u00e9el sur la disponibilit\u00e9 et la libert\u00e9 de personnaliser vos formulaires de r\u00e9servation, vos clients estim\u00e9s seront sans aucun doute captiv\u00e9s par l&rsquo;exp\u00e9rience de r\u00e9servation parfaitement fluide. Alors, pourquoi perdre du temps pr\u00e9cieux? Maximisez l&rsquo;efficacit\u00e9 et augmentez vos revenus en exploitant la puissance de l&rsquo;int\u00e9gration des r\u00e9servations FACETWP.<\/p>\n","protected":false},"featured_media":143837,"comment_status":"open","ping_status":"open","template":"","meta":[],"product_brand":[2543],"product_cat":[1189,1181,1186],"product_tag":[1482],"class_list":{"0":"post-111341","1":"product","2":"type-product","3":"status-publish","4":"has-post-thumbnail","6":"product_brand-facetwp","7":"product_cat-personnalisation","8":"product_cat-plugins","9":"product_cat-wordpress-plugins","10":"product_tag-facetwp","11":"member-discount","12":"discount-restricted","14":"first","15":"instock","16":"sale","17":"downloadable","18":"virtual","19":"sold-individually","20":"purchasable","21":"product-type-simple"},"_links":{"self":[{"href":"https:\/\/gpl-love.com\/fr\/wp-json\/wp\/v2\/product\/111341","targetHints":{"allow":["GET"]}}],"collection":[{"href":"https:\/\/gpl-love.com\/fr\/wp-json\/wp\/v2\/product"}],"about":[{"href":"https:\/\/gpl-love.com\/fr\/wp-json\/wp\/v2\/types\/product"}],"replies":[{"embeddable":true,"href":"https:\/\/gpl-love.com\/fr\/wp-json\/wp\/v2\/comments?post=111341"}],"wp:featuredmedia":[{"embeddable":true,"href":"https:\/\/gpl-love.com\/fr\/wp-json\/wp\/v2\/media\/143837"}],"wp:attachment":[{"href":"https:\/\/gpl-love.com\/fr\/wp-json\/wp\/v2\/media?parent=111341"}],"wp:term":[{"taxonomy":"product_brand","embeddable":true,"href":"https:\/\/gpl-love.com\/fr\/wp-json\/wp\/v2\/product_brand?post=111341"},{"taxonomy":"product_cat","embeddable":true,"href":"https:\/\/gpl-love.com\/fr\/wp-json\/wp\/v2\/product_cat?post=111341"},{"taxonomy":"product_tag","embeddable":true,"href":"https:\/\/gpl-love.com\/fr\/wp-json\/wp\/v2\/product_tag?post=111341"}],"curies":[{"name":"wp","href":"https:\/\/api.w.org\/{rel}","templated":true}]}}