{"id":111339,"date":"2026-03-25T00:00:00","date_gmt":"2026-03-24T23:00:00","guid":{"rendered":"http:\/\/gpl-love.com\/fr\/produit\/facetwp-beaver-builder-integration\/"},"modified":"2026-03-25T23:30:23","modified_gmt":"2026-03-25T22:30:23","slug":"facetwp-beaver-builder-integration","status":"publish","type":"product","link":"https:\/\/gpl-love.com\/fr\/produit\/facetwp-beaver-builder-integration\/","title":{"rendered":"FacetWP Beaver Builder Integration 1.4.5"},"content":{"rendered":"<h3>FacetWP Beaver Builder Integration Traits<\/h3>\n<p>L&rsquo;int\u00e9gration du FACETWP Beaver Builder est un outil extr\u00eamement innovant qui rationalise efficacement le processus de cr\u00e9ation de contenu pour les sites Web utilisant la plate-forme WordPress. En fusionnant de mani\u00e8re transparente les capacit\u00e9s formidables de Beaver Builder et FACETWP, cette int\u00e9gration fournit une approche astucieuse et tr\u00e8s efficace pour construire des pages de contenu dynamiques. Avec l&rsquo;av\u00e8nement de l&rsquo;int\u00e9gration FacetWP Beaver Builder, la cr\u00e9ation de dispositions de recherche et de filtrage personnalis\u00e9es a \u00e9t\u00e9 rendu beaucoup plus sans effort, permettant leur affichage d&rsquo;une mani\u00e8re qui est \u00e0 la fois extr\u00eamement personnalisable et extr\u00eamement r\u00e9active. En substance, cette int\u00e9gration accorde une valeur ajout\u00e9e substantielle \u00e0 votre site Web, am\u00e9liorant consid\u00e9rablement l&rsquo;exp\u00e9rience globale de l&rsquo;utilisateur et simplifiant consid\u00e9rablement la t\u00e2che des visiteurs dans la localisation des informations qu&rsquo;ils recherchent. Par cons\u00e9quent, il est imp\u00e9ratif sans \u00e9quivoque que quiconque d\u00e9sire \u00e9lever la fonctionnalit\u00e9 et l&rsquo;exp\u00e9rience utilisateur de son site Web int\u00e8gre l&rsquo;indistenabilit\u00e9 de l&rsquo;int\u00e9gration FacetWP Beaver Builder dans leur r\u00e9pertoire.<\/p>\n<ul>\n<li>Int\u00e9grez de mani\u00e8re transparente FacetWP et Beaver Builder pour une exp\u00e9rience de cr\u00e9ation de site Web rationalis\u00e9e<\/li>\n<li>Profitez d&rsquo;une interface de glisser-d\u00e9poser intuitive qui facilite la cr\u00e9ation de pages et de dispositions personnalis\u00e9es<\/li>\n<li>Utilisez des options de filtrage puissantes de FacetWP pour am\u00e9liorer l&rsquo;exp\u00e9rience de recherche sur votre site Web<\/li>\n<li>Profitez des mises \u00e0 jour de contenu dynamique qui refl\u00e8tent les modifications apport\u00e9es en temps r\u00e9el<\/li>\n<li>Personnalisez votre site Web d&rsquo;une mani\u00e8re \u00e0 la fois conviviale et tr\u00e8s efficace<\/li>\n<li>Acc\u00e9dez \u00e0 une gamme d&rsquo;options de conception, y compris les filtres, les styles et les options d&rsquo;affichage<\/li>\n<li>B\u00e9n\u00e9ficier d&rsquo;une conception r\u00e9active qui garantit que votre site Web a fi\u00e8re allure sur n&rsquo;importe quel appareil<\/li>\n<li>Incorporez une puissante fonctionnalit\u00e9 de recherche qui permet aux utilisateurs de trouver facilement ce qu&rsquo;ils recherchent<\/li>\n<li>Utilisez FACETWP pour cr\u00e9er des taxonomies, des cat\u00e9gories et des balises personnalis\u00e9es qui aident \u00e0 organiser votre contenu<\/li>\n<li>Profitez d&rsquo;une compatibilit\u00e9 compl\u00e8te avec une gamme de plugins WordPress populaires, notamment WooCommerce et Yoast SEO.<\/li>\n<\/ul>\n","protected":false},"excerpt":{"rendered":"<p>L&rsquo;int\u00e9gration du FacetWP Beaver Builder, un outil tr\u00e8s puissant, rend la facilitation transparente de la recherche et du filtrage de contenu sur votre site Web. Gr\u00e2ce \u00e0 cette int\u00e9gration, vous avez la capacit\u00e9 sans effort d&rsquo;adapter les m\u00e9canismes de recherche et de filtrage de votre site Web, permettant ainsi \u00e0 vos utilisateurs de localiser rapidement et pr\u00e9cis\u00e9ment le contenu sp\u00e9cifique qu&rsquo;ils recherchent. De plus, cette int\u00e9gration vous permet en outre de rationaliser le cours de la cr\u00e9ation de contenu en vous donnant la capacit\u00e9 d&rsquo;incorporer des facettes et des filtres dans vos pages de constructeur de castors. Peu importe que vous supervisiez une vaste plate-forme de commerce \u00e9lectronique ou un blog modeste, la nature indispensable de l&rsquo;int\u00e9gration FACETWP Beaver Builder ne peut \u00eatre surestim\u00e9e pour un propri\u00e9taire ou un d\u00e9veloppeur de site Web.<\/p>\n","protected":false},"featured_media":143836,"comment_status":"open","ping_status":"open","template":"","meta":[],"product_brand":[2543],"product_cat":[1189,1181,1186],"product_tag":[1482],"class_list":{"0":"post-111339","1":"product","2":"type-product","3":"status-publish","4":"has-post-thumbnail","6":"product_brand-facetwp","7":"product_cat-personnalisation","8":"product_cat-plugins","9":"product_cat-wordpress-plugins","10":"product_tag-facetwp","11":"member-discount","12":"discount-restricted","14":"first","15":"instock","16":"sale","17":"downloadable","18":"virtual","19":"sold-individually","20":"purchasable","21":"product-type-simple"},"_links":{"self":[{"href":"https:\/\/gpl-love.com\/fr\/wp-json\/wp\/v2\/product\/111339","targetHints":{"allow":["GET"]}}],"collection":[{"href":"https:\/\/gpl-love.com\/fr\/wp-json\/wp\/v2\/product"}],"about":[{"href":"https:\/\/gpl-love.com\/fr\/wp-json\/wp\/v2\/types\/product"}],"replies":[{"embeddable":true,"href":"https:\/\/gpl-love.com\/fr\/wp-json\/wp\/v2\/comments?post=111339"}],"wp:featuredmedia":[{"embeddable":true,"href":"https:\/\/gpl-love.com\/fr\/wp-json\/wp\/v2\/media\/143836"}],"wp:attachment":[{"href":"https:\/\/gpl-love.com\/fr\/wp-json\/wp\/v2\/media?parent=111339"}],"wp:term":[{"taxonomy":"product_brand","embeddable":true,"href":"https:\/\/gpl-love.com\/fr\/wp-json\/wp\/v2\/product_brand?post=111339"},{"taxonomy":"product_cat","embeddable":true,"href":"https:\/\/gpl-love.com\/fr\/wp-json\/wp\/v2\/product_cat?post=111339"},{"taxonomy":"product_tag","embeddable":true,"href":"https:\/\/gpl-love.com\/fr\/wp-json\/wp\/v2\/product_tag?post=111339"}],"curies":[{"name":"wp","href":"https:\/\/api.w.org\/{rel}","templated":true}]}}