{"id":111337,"date":"2024-08-21T00:00:00","date_gmt":"2024-08-20T22:00:00","guid":{"rendered":"http:\/\/gpl-love.com\/fr\/produit\/facetwp-alphabetical-listing\/"},"modified":"2026-03-20T23:05:23","modified_gmt":"2026-03-20T22:05:23","slug":"facetwp-alphabetical-listing","status":"publish","type":"product","link":"https:\/\/gpl-love.com\/fr\/produit\/facetwp-alphabetical-listing\/","title":{"rendered":"FacetWP Alphabetical Listing 1.4"},"content":{"rendered":"<h3>FacetWP Alphabetical Listing Traits<\/h3>\n<p>L&rsquo;\u00e9tonnant outil de recherche et de filtrage connu sous le nom de Listing alphab\u00e9tique FACETWP poss\u00e8de une \u00e9norme puissance dans sa capacit\u00e9 \u00e0 aider les utilisateurs \u00e0 d\u00e9couvrir rapidement et sans effort sans effort les informations souhait\u00e9es sur votre site Web. En g\u00e9n\u00e9rant un index alphab\u00e9tique complet de votre contenu, ce plugin exceptionnel accorde aux utilisateurs la possibilit\u00e9 de passer m\u00e9ticuleusement passer et organiser leurs r\u00e9sultats de recherche, tout en veillant \u00e0 trouver pr\u00e9cis\u00e9ment ce qu&rsquo;ils recherchent. Avec la mise en \u0153uvre de la liste alphab\u00e9tique FACETWP, vous avez l&rsquo;occasion remarquable d&rsquo;am\u00e9liorer l&rsquo;exp\u00e9rience utilisateur globale sur votre site Web, engendrez ainsi des niveaux d&rsquo;engagement accrus et une diminution consid\u00e9rablement des taux de rebond. Peu importe que vous supervisiez les op\u00e9rations d&rsquo;un \u00e9tablissement de commerce \u00e9lectronique ou que vous g\u00e9rez un site Web grouillant de contenu, l&rsquo;acquisition de ce plugin indispensable est une n\u00e9cessit\u00e9 absolue pour l&rsquo;optimisation transparente de vos capacit\u00e9s de recherche et de filtrage.<\/p>\n<ul>\n<li>Cr\u00e9ez rapidement et facilement une liste alphab\u00e9tique de vos r\u00e9sultats facetwp<\/li>\n<li>Permet aux utilisateurs de naviguer facilement sur de grandes listes de r\u00e9sultats<\/li>\n<li>Fonctionne de mani\u00e8re transparente avec les puissantes options de tri et de filtrage de FacetWP<\/li>\n<li>Enti\u00e8rement personnalisable pour correspondre \u00e0 l&rsquo;apparence de votre site Web<\/li>\n<li>Simple \u00e0 installer et \u00e0 int\u00e9grer \u00e0 votre configuration FACETWP existante<\/li>\n<li>Id\u00e9al pour les sites avec de grands catalogues, r\u00e9pertoires ou r\u00e9pertoires de fournisseurs ou de partenaires<\/li>\n<li>Permet aux utilisateurs de trouver facilement ce qu&rsquo;ils recherchent, am\u00e9liorant leur exp\u00e9rience globale et leur satisfaction<\/li>\n<li>Aide \u00e0 augmenter l&rsquo;engagement et la r\u00e9tention des utilisateurs sur votre site en facilitant la navigation et acc\u00e9dez \u00e0 votre contenu<\/li>\n<li>Rationalise le parcours de l&rsquo;utilisateur et permet aux visiteurs de trouver simples les informations dont ils ont besoin.<\/li>\n<\/ul>\n","protected":false},"excerpt":{"rendered":"<p>La liste alphab\u00e9tique FACETWP est un plugin extr\u00eamement utile qui vous offre la possibilit\u00e9 d&rsquo;\u00e9riger une navigation alphab\u00e9tique pour votre site WordPress estim\u00e9. En utilisant ce plugin, vous pouvez organiser de mani\u00e8re approfondie et m\u00e9thodique votre contenu copieux, permettant ainsi \u00e0 vos utilisateurs ch\u00e9ris de se lancer dans une qu\u00eate sans couture et sans effort pour des \u00e9l\u00e9ments sp\u00e9cifiques. L&rsquo;interface conviviale de ce plugin vous permet d&rsquo;adapter astucieusement et sans effort le style et la disposition de votre liste alphab\u00e9tique pour s&rsquo;adapter \u00e0 vos go\u00fbts et pr\u00e9f\u00e9rences exigeants. Il est important de noter que ce plugin a \u00e9t\u00e9 soigneusement con\u00e7u pour s&rsquo;int\u00e9grer sans effort au FacetWP tr\u00e8s acclam\u00e9, un plugin de recherche et filtrage remarquablement robuste qui s&rsquo;est gagn\u00e9 une r\u00e9putation bien m\u00e9rit\u00e9e au sein de la communaut\u00e9 WordPress estim\u00e9e. En utilisant judicieusement ce puissant plugin, vous pouvez soutenir sans effort la navigation et la convivialit\u00e9 de votre site Web \u00e0 des hauteurs sans pr\u00e9c\u00e9dent, solidant ainsi votre statut de parangon d&rsquo;excellence dans le domaine num\u00e9rique.<\/p>\n","protected":false},"featured_media":143835,"comment_status":"open","ping_status":"open","template":"","meta":[],"product_brand":[2543],"product_cat":[1189,1181,1186],"product_tag":[1482],"class_list":{"0":"post-111337","1":"product","2":"type-product","3":"status-publish","4":"has-post-thumbnail","6":"product_brand-facetwp","7":"product_cat-personnalisation","8":"product_cat-plugins","9":"product_cat-wordpress-plugins","10":"product_tag-facetwp","11":"member-discount","12":"discount-restricted","14":"first","15":"instock","16":"sale","17":"downloadable","18":"virtual","19":"sold-individually","20":"purchasable","21":"product-type-simple"},"_links":{"self":[{"href":"https:\/\/gpl-love.com\/fr\/wp-json\/wp\/v2\/product\/111337","targetHints":{"allow":["GET"]}}],"collection":[{"href":"https:\/\/gpl-love.com\/fr\/wp-json\/wp\/v2\/product"}],"about":[{"href":"https:\/\/gpl-love.com\/fr\/wp-json\/wp\/v2\/types\/product"}],"replies":[{"embeddable":true,"href":"https:\/\/gpl-love.com\/fr\/wp-json\/wp\/v2\/comments?post=111337"}],"wp:featuredmedia":[{"embeddable":true,"href":"https:\/\/gpl-love.com\/fr\/wp-json\/wp\/v2\/media\/143835"}],"wp:attachment":[{"href":"https:\/\/gpl-love.com\/fr\/wp-json\/wp\/v2\/media?parent=111337"}],"wp:term":[{"taxonomy":"product_brand","embeddable":true,"href":"https:\/\/gpl-love.com\/fr\/wp-json\/wp\/v2\/product_brand?post=111337"},{"taxonomy":"product_cat","embeddable":true,"href":"https:\/\/gpl-love.com\/fr\/wp-json\/wp\/v2\/product_cat?post=111337"},{"taxonomy":"product_tag","embeddable":true,"href":"https:\/\/gpl-love.com\/fr\/wp-json\/wp\/v2\/product_tag?post=111337"}],"curies":[{"name":"wp","href":"https:\/\/api.w.org\/{rel}","templated":true}]}}