{"id":111335,"date":"2025-04-27T00:00:00","date_gmt":"2025-04-26T22:00:00","guid":{"rendered":"http:\/\/gpl-love.com\/fr\/produit\/facetwp-advanced-filtering-for-wordpress\/"},"modified":"2026-03-20T23:05:22","modified_gmt":"2026-03-20T22:05:22","slug":"facetwp-advanced-filtering-for-wordpress","status":"publish","type":"product","link":"https:\/\/gpl-love.com\/fr\/produit\/facetwp-advanced-filtering-for-wordpress\/","title":{"rendered":"FacetWP Advanced Filtering 4.4.1"},"content":{"rendered":"<h3>FacetWP Advanced Filtering Traits<\/h3>\n<p>FACETWP Advanced Filtring, un outil robuste sp\u00e9cialement con\u00e7u pour am\u00e9liorer les fonctionnalit\u00e9s de recherche sur les sites Web WordPress, offre une pl\u00e9thore de fonctionnalit\u00e9s puissantes qui permettent aux utilisateurs de filtrer efficacement et sans effort leurs r\u00e9sultats de recherche en fonction de divers crit\u00e8res, tels que le prix, la cat\u00e9gorie ou l&#8217;emplacement. En indexant efficacement le contenu, ce plugin am\u00e9liore consid\u00e9rablement la vitesse et la pr\u00e9cision de la recherche, garantissant que les utilisateurs re\u00e7oivent des r\u00e9sultats pr\u00e9cis et pertinents en temps opportun. L&rsquo;une des fonctionnalit\u00e9s remarquables de FACETWP Advanced Filtring est son int\u00e9gration transparente avec des plugins populaires comme WooCommerce et des t\u00e9l\u00e9chargements num\u00e9riques faciles, le rendant indispensable pour les magasins en ligne. De plus, ce plugin poss\u00e8de un degr\u00e9 \u00e9lev\u00e9 de personnalisation, de r\u00e9activit\u00e9 et de capacit\u00e9s de filtrage en temps r\u00e9el, permettant aux utilisateurs d&rsquo;affiner leurs param\u00e8tres de recherche sans inconv\u00e9nient d&rsquo;avoir \u00e0 actualiser la page. En fin de compte, FacetWP Advanced Filtring pr\u00e9sente une solution exceptionnelle non seulement pour augmenter l&rsquo;exp\u00e9rience utilisateur, mais \u00e9galement stimuler l&rsquo;engagement des utilisateurs et, finalement, renforcer les ventes sur les sites WordPress.<\/p>\n<ul>\n<li>Options de filtrage avanc\u00e9 pour les sites Web WordPress<\/li>\n<li>FACETWP ajoute des fonctionnalit\u00e9s puissantes aux capacit\u00e9s de recherche de site Web<\/li>\n<li>Permet le filtrage par cat\u00e9gories, balises, champs personnalis\u00e9s, et plus<\/li>\n<li>L&rsquo;interface conviviale rend le filtrage simple et intuitif pour les visiteurs<\/li>\n<li>Am\u00e9liore l&rsquo;exp\u00e9rience utilisateur sur votre site Web en fournissant des r\u00e9sultats de recherche pertinents<\/li>\n<li>Conception personnalisable pour correspondre \u00e0 l&rsquo;apparence de votre site Web<\/li>\n<li>Compatible avec une large gamme de th\u00e8mes et plugins WordPress<\/li>\n<li>Constamment mis \u00e0 jour et maintenu par une \u00e9quipe de d\u00e9veloppement d\u00e9di\u00e9e pour assurer des performances optimales<\/li>\n<li>\u00c9conomise du temps et augmente les taux de conversion en permettant aux utilisateurs de trouver rapidement ce qu&rsquo;ils recherchent sur votre site Web<\/li>\n<\/ul>\n","protected":false},"excerpt":{"rendered":"<p>L&rsquo;outil de filtrage avanc\u00e9 FacetWP est une solution exceptionnelle et tr\u00e8s puissante qui augmente consid\u00e9rablement les capacit\u00e9s de filtrage de votre site Web. Il va au-del\u00e0 en offrant un tableau de fonctionnalit\u00e9s avanc\u00e9es, y compris le tri des r\u00e9sultats de recherche et la possibilit\u00e9 de filtrer par des champs personnalis\u00e9s. Ce plugin remarquable garantit que les utilisateurs jouissent d&rsquo;une exp\u00e9rience transparente et sans effort lorsqu&rsquo;ils entreprennent leur recherche de produits, de services ou d&rsquo;informations sur votre site Web. Son interface intuitive facilite en outre la gestion et la personnalisation sans effort des filtres, vous permettant de les adapter pr\u00e9cis\u00e9ment pour r\u00e9pondre aux besoins uniques de votre site Web. Sans aucun doute, cet outil indispensable est une n\u00e9cessit\u00e9 absolue pour tout site Web cherchant \u00e0 am\u00e9liorer et \u00e0 optimiser sa fonctionnalit\u00e9 de recherche.<\/p>\n","protected":false},"featured_media":143834,"comment_status":"open","ping_status":"open","template":"","meta":[],"product_brand":[2543],"product_cat":[1189,1181,1186],"product_tag":[1482],"class_list":{"0":"post-111335","1":"product","2":"type-product","3":"status-publish","4":"has-post-thumbnail","6":"product_brand-facetwp","7":"product_cat-personnalisation","8":"product_cat-plugins","9":"product_cat-wordpress-plugins","10":"product_tag-facetwp","11":"member-discount","12":"discount-restricted","14":"first","15":"instock","16":"sale","17":"downloadable","18":"virtual","19":"sold-individually","20":"purchasable","21":"product-type-simple"},"_links":{"self":[{"href":"https:\/\/gpl-love.com\/fr\/wp-json\/wp\/v2\/product\/111335","targetHints":{"allow":["GET"]}}],"collection":[{"href":"https:\/\/gpl-love.com\/fr\/wp-json\/wp\/v2\/product"}],"about":[{"href":"https:\/\/gpl-love.com\/fr\/wp-json\/wp\/v2\/types\/product"}],"replies":[{"embeddable":true,"href":"https:\/\/gpl-love.com\/fr\/wp-json\/wp\/v2\/comments?post=111335"}],"wp:featuredmedia":[{"embeddable":true,"href":"https:\/\/gpl-love.com\/fr\/wp-json\/wp\/v2\/media\/143834"}],"wp:attachment":[{"href":"https:\/\/gpl-love.com\/fr\/wp-json\/wp\/v2\/media?parent=111335"}],"wp:term":[{"taxonomy":"product_brand","embeddable":true,"href":"https:\/\/gpl-love.com\/fr\/wp-json\/wp\/v2\/product_brand?post=111335"},{"taxonomy":"product_cat","embeddable":true,"href":"https:\/\/gpl-love.com\/fr\/wp-json\/wp\/v2\/product_cat?post=111335"},{"taxonomy":"product_tag","embeddable":true,"href":"https:\/\/gpl-love.com\/fr\/wp-json\/wp\/v2\/product_tag?post=111335"}],"curies":[{"name":"wp","href":"https:\/\/api.w.org\/{rel}","templated":true}]}}