{"id":111333,"date":"2021-02-09T00:00:00","date_gmt":"2021-02-08T23:00:00","guid":{"rendered":"http:\/\/gpl-love.com\/fr\/produit\/buddypress-boss\/"},"modified":"2026-03-20T22:57:36","modified_gmt":"2026-03-20T21:57:36","slug":"buddypress-boss","status":"publish","type":"product","link":"https:\/\/gpl-love.com\/fr\/produit\/buddypress-boss\/","title":{"rendered":"BuddyBoss Boss Theme 2.5.7"},"content":{"rendered":"<h3>BuddyBoss Boss Theme Traits<\/h3>\n<p>Le th\u00e8me Buddyboss Boss, un th\u00e8me WordPress tr\u00e8s intuitif et remarquablement flexible, a \u00e9t\u00e9 m\u00e9ticuleusement con\u00e7u dans le but explicite de faciliter la construction de communaut\u00e9s en ligne et de sites d&rsquo;adh\u00e9sion. En vertu de son design \u00e9tonnamment \u00e9l\u00e9gant et adaptable sans effort, le th\u00e8me du boss confond les propri\u00e9taires de sites la capacit\u00e9 de fa\u00e7onner une pr\u00e9sence en ligne professionnelle et captivante, qui promeut activement et nourrit l&rsquo;interaction et la collaboration entre ses divers membres. Ce th\u00e8me poss\u00e8de un vaste assortiment de mod\u00e8les pr\u00e9-con\u00e7us et une gamme de fonctionnalit\u00e9s, y compris, mais sans s&rsquo;y limiter Une exp\u00e9rience vraiment in\u00e9gal\u00e9e et distinctive pour leur communaut\u00e9 ch\u00e8re. De plus, l&rsquo;\u00e9quipe de BuddyBoss, r\u00e9put\u00e9e pour son engagement in\u00e9branlable envers l&rsquo;excellence, est r\u00e9solue dans leur d\u00e9vouement \u00e0 fournir un soutien in\u00e9gal\u00e9 et des mises \u00e0 jour r\u00e9guli\u00e8res, garantissant ainsi que le th\u00e8me du boss reste perp\u00e9tuellement align\u00e9 sur les exigences et les exigences en constante \u00e9volution du domaine dynamique de la ligne en ligne en ligne communaut\u00e9s.<\/p>\n<ul>\n<li>Le th\u00e8me BuddyBoss Boss est un th\u00e8me WordPress premium con\u00e7u pour cr\u00e9er des sites Web enti\u00e8rement fonctionnels et visuellement attrayants.<\/li>\n<li>Le th\u00e8me est livr\u00e9 avec une puissante suite de fonctionnalit\u00e9s et d&rsquo;outils, ce qui en fait un choix id\u00e9al pour cr\u00e9er des communaut\u00e9s en ligne, des sites Web d&rsquo;adh\u00e9sion, des plateformes d&rsquo;apprentissage en ligne et des sites Web d&rsquo;entreprise.<\/li>\n<li>Le th\u00e8me est sensible aux mobiles, garantissant que votre site Web a fi\u00e8re allure sur tous les appareils, quelle que soit la taille de l&rsquo;\u00e9cran.<\/li>\n<li>Le th\u00e8me BuddyBoss Boss offre une vari\u00e9t\u00e9 d&rsquo;options de personnalisation, vous permettant d&rsquo;adapter la conception et la disposition de votre site Web pour correspondre \u00e0 votre marque.<\/li>\n<li>Vous pouvez facilement cr\u00e9er et g\u00e9rer les profils, les groupes et les forums des membres en utilisant les fonctionnalit\u00e9s d&rsquo;adh\u00e9sion int\u00e9gr\u00e9es du th\u00e8me.<\/li>\n<li>Le th\u00e8me comprend une gamme de mod\u00e8les de page pr\u00e9d\u00e9finis et de dispositions, ce qui facilite la cr\u00e9ation de pages professionnelles rapidement.<\/li>\n<li>Le th\u00e8me BuddyBoss Boss est enti\u00e8rement compatible avec une grande vari\u00e9t\u00e9 de plugins WordPress populaires, \u00e9tendant encore sa fonctionnalit\u00e9.<\/li>\n<li>Le th\u00e8me comprend le soutien d\u00e9di\u00e9 de l&rsquo;\u00e9quipe BuddyBoss, en vous assurant que vous avez des conseils d&rsquo;experts chaque fois que vous en avez besoin.<\/li>\n<li>Le th\u00e8me de BuddyBoss Boss est con\u00e7u pour vous permettre de construire et de d\u00e9velopper facilement une communaut\u00e9 ou une entreprise en ligne florissante, avec tous les outils et fonctionnalit\u00e9s dont vous avez besoin en un seul endroit.<\/li>\n<\/ul>\n","protected":false},"excerpt":{"rendered":"<p>Pr\u00e9sentation du th\u00e8me BuddyBoss Boss, un th\u00e8me WordPress innovant et hautement personnalisable con\u00e7u pour am\u00e9liorer la fonctionnalit\u00e9 et l&rsquo;esth\u00e9tique de votre site Web. Ce th\u00e8me de boss dynamique offre une int\u00e9gration transparente avec Buddypress, vous permettant de cr\u00e9er une communaut\u00e9 en ligne dynamique avec facilit\u00e9. Sa conception r\u00e9active garantit que votre site Web sera \u00e9tonnant sur tous les appareils, y compris le mobile et le bureau. Le th\u00e8me Buddyboss Boss propose une interface intuitive et conviviale, ce qui le rend parfait pour les d\u00e9butants et les concepteurs Web assaisonn\u00e9s. Avec ses capacit\u00e9s avanc\u00e9es de r\u00e9seautage social, vos utilisateurs peuvent facilement se connecter, communiquer et partager du contenu. De plus, il comprend une gamme d&rsquo;options de personnalisation, de la typographie et des sch\u00e9mas de couleurs aux mises en page, vous permettant de cr\u00e9er un environnement en ligne unique et attrayant. Investissez dans le th\u00e8me BuddyBoss Boss et \u00e9levez votre site Web \u00e0 de nouveaux sommets.<\/p>\n","protected":false},"featured_media":143328,"comment_status":"open","ping_status":"open","template":"","meta":[],"product_brand":[2484],"product_cat":[1242,1212,1213],"product_tag":[1480],"class_list":{"0":"post-111333","1":"product","2":"type-product","3":"status-publish","4":"has-post-thumbnail","6":"product_brand-buddyboss","7":"product_cat-creatif","8":"product_cat-themes","9":"product_cat-wordpress-themes","10":"product_tag-buddyboss","11":"member-discount","12":"discount-restricted","14":"first","15":"instock","16":"sale","17":"downloadable","18":"virtual","19":"sold-individually","20":"purchasable","21":"product-type-simple"},"_links":{"self":[{"href":"https:\/\/gpl-love.com\/fr\/wp-json\/wp\/v2\/product\/111333","targetHints":{"allow":["GET"]}}],"collection":[{"href":"https:\/\/gpl-love.com\/fr\/wp-json\/wp\/v2\/product"}],"about":[{"href":"https:\/\/gpl-love.com\/fr\/wp-json\/wp\/v2\/types\/product"}],"replies":[{"embeddable":true,"href":"https:\/\/gpl-love.com\/fr\/wp-json\/wp\/v2\/comments?post=111333"}],"wp:featuredmedia":[{"embeddable":true,"href":"https:\/\/gpl-love.com\/fr\/wp-json\/wp\/v2\/media\/143328"}],"wp:attachment":[{"href":"https:\/\/gpl-love.com\/fr\/wp-json\/wp\/v2\/media?parent=111333"}],"wp:term":[{"taxonomy":"product_brand","embeddable":true,"href":"https:\/\/gpl-love.com\/fr\/wp-json\/wp\/v2\/product_brand?post=111333"},{"taxonomy":"product_cat","embeddable":true,"href":"https:\/\/gpl-love.com\/fr\/wp-json\/wp\/v2\/product_cat?post=111333"},{"taxonomy":"product_tag","embeddable":true,"href":"https:\/\/gpl-love.com\/fr\/wp-json\/wp\/v2\/product_tag?post=111333"}],"curies":[{"name":"wp","href":"https:\/\/api.w.org\/{rel}","templated":true}]}}