{"id":111331,"date":"2026-04-16T00:00:00","date_gmt":"2026-04-15T22:00:00","guid":{"rendered":"http:\/\/gpl-love.com\/fr\/produit\/booster-plus-for-woocommerce\/"},"modified":"2026-04-17T00:30:26","modified_gmt":"2026-04-16T22:30:26","slug":"booster-plus-for-woocommerce","status":"publish","type":"product","link":"https:\/\/gpl-love.com\/fr\/produit\/booster-plus-for-woocommerce\/","title":{"rendered":"Booster Plus pour WooCommerce 8.0.0"},"content":{"rendered":"<h3>Booster Plus pour WooCommerce Traits<\/h3>\n<p>Booster Plus pour WooCommerce, un plugin incroyablement formidable m\u00e9ticuleusement con\u00e7u pour augmenter les fonctionnalit\u00e9s et les fonctionnalit\u00e9s de votre magasin de commerce \u00e9lectronique estim\u00e9, est \u00e0 votre disposition. Ce plugin exceptionnel vous b\u00e9nit avec un vaste assortiment d&rsquo;outils et de configurations de pointe, vous permettant ainsi d&rsquo;am\u00e9liorer les performances de votre magasin, de rationaliser vos workflows complexes et de doter vos clients ch\u00e9ris avec une exp\u00e9rience d&rsquo;achat impeccablement transparente. Que votre d\u00e9sir fervent consiste \u00e0 optimiser votre processus de paiement, \u00e0 automatiser vos efforts de marketing par e-mail complexes ou \u00e0 incorporer une gamme de champs de produits m\u00e9ticuleusement personnalis\u00e9s, assur\u00e9 que Booster Plus poss\u00e8de tous les ingr\u00e9dients indispensables n\u00e9cessaires pour catapulter votre magasin au sommet du succ\u00e8s. Pour amplifier davantage cette proposition de valeur in\u00e9gal\u00e9e, Booster Plus captive vos sens avec son interface remarquablement conviviale et sa conception sublime, cimentant ainsi son statut sans \u00e9quivoque en tant qu&rsquo;outil indispensable pour chaque propri\u00e9taire de magasin de woocommerce exigeant pour augmenter leurs ventes et favoriser la croissance exponentielle de l&rsquo;entreprise exponentielle pour la croissance de l&rsquo;entreprise exponentielle pour augmenter leurs ventes et favoriser la croissance exponentielle exponentielle de la croissance exponentielle de la croissance exponentielle de la croissance exponentielle de la croissance exponentielle de la croissance exponentielle et Foster Exponentielle Growth Grove Growth Growth Growth Growth Grove Growth Growth Growth Grove Growth of Grove Grove Grove Grove Grops Growth Office Grove Growth Rende .<\/p>\n<ul>\n<li>Stimule la vitesse et les performances de votre boutique WooCommerce<\/li>\n<li>Am\u00e9liore l&rsquo;exp\u00e9rience client en rationalisant le processus de paiement<\/li>\n<li>Am\u00e9liore la fonctionnalit\u00e9 de recherche de produits avec des r\u00e9sultats ultra-rapides<\/li>\n<li>Optimise les pages de produits pour les temps de chargement rapides<\/li>\n<li>Stimule les taux de conversion en r\u00e9duisant l&rsquo;abandon des paniers \u00e0 travers des temps de chargement de page plus rapides<\/li>\n<li>Permet un service client plus rapide et plus r\u00e9actif avec des temps de chargement de page plus rapides<\/li>\n<li>Augmente l&rsquo;\u00e9volutivit\u00e9 des magasins, permettant plus de trafic et plus de commandes<\/li>\n<li>Optimise automatiquement les images pour des temps de chargement de page plus rapides<\/li>\n<li>Fournit des informations d\u00e9taill\u00e9es sur les performances pour vous aider \u00e0 affiner votre magasin pour des r\u00e9sultats optimaux<\/li>\n<li>Offre une large gamme d&rsquo;options de personnalisation pour garantir que le booster s&rsquo;int\u00e8gre parfaitement dans la conception de votre site existant.<\/li>\n<\/ul>\n","protected":false},"excerpt":{"rendered":"<p>Boostez votre entreprise de commerce \u00e9lectronique avec Booster Plus pour WooCommerce. Cet outil puissant offre une solution compl\u00e8te pour maximiser les fonctionnalit\u00e9s et l&rsquo;efficacit\u00e9 de votre boutique en ligne. Avec Booster Plus, vous pouvez personnaliser les champs de facturation et d&rsquo;exp\u00e9dition, ajouter plusieurs devises, adapter vos prix et vos remises, et bien plus encore. Cette extension WooCommerce vous permet \u00e9galement de modifier les factures PDF de WooCommerce et les bordereaux d&#8217;emballage pour un look plus professionnel. Sa fonction multilingue et multi-monnaie garantit que votre entreprise atteint un public mondial. Avec Booster Plus pour WooCommerce, vous pouvez rationaliser vos op\u00e9rations, am\u00e9liorer les performances de votre magasin et am\u00e9liorer consid\u00e9rablement vos ventes. C&rsquo;est un investissement pr\u00e9cieux pour tout entrepreneur de commerce \u00e9lectronique visant \u00e0 amener leur entreprise au niveau sup\u00e9rieur. Alors pourquoi attendre? Boostez votre boutique WooCommerce avec Booster Plus aujourd&rsquo;hui!<\/p>\n","protected":false},"featured_media":143304,"comment_status":"open","ping_status":"open","template":"","meta":[],"product_brand":[2477],"product_cat":[1182,1223,1181],"product_tag":[1478],"class_list":{"0":"post-111331","1":"product","2":"type-product","3":"status-publish","4":"has-post-thumbnail","6":"product_brand-booster","7":"product_cat-commerce-electronique-plugins","8":"product_cat-personnalisation-commerce-electronique-plugins","9":"product_cat-plugins","10":"product_tag-booster","11":"member-discount","12":"discount-restricted","14":"first","15":"instock","16":"sale","17":"downloadable","18":"virtual","19":"sold-individually","20":"purchasable","21":"product-type-simple"},"_links":{"self":[{"href":"https:\/\/gpl-love.com\/fr\/wp-json\/wp\/v2\/product\/111331","targetHints":{"allow":["GET"]}}],"collection":[{"href":"https:\/\/gpl-love.com\/fr\/wp-json\/wp\/v2\/product"}],"about":[{"href":"https:\/\/gpl-love.com\/fr\/wp-json\/wp\/v2\/types\/product"}],"replies":[{"embeddable":true,"href":"https:\/\/gpl-love.com\/fr\/wp-json\/wp\/v2\/comments?post=111331"}],"wp:featuredmedia":[{"embeddable":true,"href":"https:\/\/gpl-love.com\/fr\/wp-json\/wp\/v2\/media\/143304"}],"wp:attachment":[{"href":"https:\/\/gpl-love.com\/fr\/wp-json\/wp\/v2\/media?parent=111331"}],"wp:term":[{"taxonomy":"product_brand","embeddable":true,"href":"https:\/\/gpl-love.com\/fr\/wp-json\/wp\/v2\/product_brand?post=111331"},{"taxonomy":"product_cat","embeddable":true,"href":"https:\/\/gpl-love.com\/fr\/wp-json\/wp\/v2\/product_cat?post=111331"},{"taxonomy":"product_tag","embeddable":true,"href":"https:\/\/gpl-love.com\/fr\/wp-json\/wp\/v2\/product_tag?post=111331"}],"curies":[{"name":"wp","href":"https:\/\/api.w.org\/{rel}","templated":true}]}}