{"id":111329,"date":"2026-03-08T00:00:00","date_gmt":"2026-03-07T23:00:00","guid":{"rendered":"http:\/\/gpl-love.com\/fr\/produit\/besa-elementor-marketplace-woocommerce-theme\/"},"modified":"2026-03-20T22:56:09","modified_gmt":"2026-03-20T21:56:09","slug":"besa-elementor-marketplace-woocommerce-theme","status":"publish","type":"product","link":"https:\/\/gpl-love.com\/fr\/produit\/besa-elementor-marketplace-woocommerce-theme\/","title":{"rendered":"Besa Elementor Marketplace WooCommerce Theme 2.3.18"},"content":{"rendered":"<h3>Besa Elementor Marketplace WooCommerce Theme Traits<\/h3>\n<p>Le th\u00e8me WooCommerce du BESA Elementor Marketplace, un th\u00e8me tr\u00e8s dynamique et incroyablement polyvalent, a \u00e9t\u00e9 m\u00e9ticuleusement con\u00e7u dans le but de r\u00e9pondre aux besoins en constante \u00e9volution des march\u00e9s en ligne. Ce th\u00e8me d&rsquo;une conception extr\u00eamement con\u00e7ue offre une abondance d&rsquo;options de personnalisation, associ\u00e9es \u00e0 sa compatibilit\u00e9 transparente avec le constructeur de page Elementor incroyablement populaire, offrant ainsi aux utilisateurs la possibilit\u00e9 de forger sans effort les magasins en ligne \u00e9tonnants et vraiment uniques en son genre. En outre, il est imp\u00e9ratif de noter que ce th\u00e8me extraordinaire a \u00e9t\u00e9 m\u00e9ticuleusement optimis\u00e9 pour WooCommerce, garantissant ainsi que les utilisateurs peuvent s&rsquo;engager dans une int\u00e9gration impeccable avec cette plate-forme de commerce \u00e9lectronique exceptionnellement r\u00e9put\u00e9e. Parmi sa myriade de caract\u00e9ristiques exceptionnelles, on d\u00e9couvrira un assortiment de dispositions de page d&rsquo;accueil, une vaste gamme d&rsquo;options d&rsquo;affichage de produit, ainsi qu&rsquo;une vaste s\u00e9lection de mod\u00e8les pr\u00e9-con\u00e7us qui peuvent \u00eatre facilement adapt\u00e9s et configur\u00e9s avec la plus grande facilit\u00e9, gracieuset\u00e9 de la gracieuset\u00e9 de Elementor. De plus, il convient de souligner que ce th\u00e8me a \u00e9t\u00e9 m\u00e9ticuleusement con\u00e7u pour \u00eatre pleinement r\u00e9actif, garantissant ainsi qu&rsquo;il semblera visuellement captivant et parfaitement fonctionnel sur une vaste gamme d&rsquo;appareils. C&rsquo;est un fait incontestable que le th\u00e8me WooCommerce du march\u00e9 BESA Elementor donne aux utilisateurs la capacit\u00e9 inestimable de commencer rapidement et sans effort sans effort, tout en veillant \u00e0 ce qu&rsquo;ils soient en mesure de montrer leurs produits d&rsquo;une mani\u00e8re qui n&rsquo;est rien de moins que l&rsquo;esth\u00e9tique.<\/p>\n<ul>\n<li>Un th\u00e8me WordPress puissant et moderne sp\u00e9cialement con\u00e7u pour WooCommerce et le g\u00e9n\u00e9rateur de page Elementor<\/li>\n<li>Multiptiers de mod\u00e8les de page d&rsquo;accueil pr\u00e9-con\u00e7us et de pages int\u00e9rieurs au choix, donnant \u00e0 votre magasin un look professionnel et unique<\/li>\n<li>Options de personnalisation avanc\u00e9es \u00e0 l&rsquo;aide du constructeur de page Elementor, vous permettant de cr\u00e9er facilement vos propres pages et dispositions uniques<\/li>\n<li>Optimis\u00e9 pour la vitesse et le r\u00e9f\u00e9rencement, aidant \u00e0 am\u00e9liorer les classements des moteurs de recherche de votre magasin et les performances globales<\/li>\n<li>Options d&rsquo;en-t\u00eate et de pied de page multiples, vous permettant de choisir la meilleure disposition pour les besoins de votre magasin<\/li>\n<li>Conception r\u00e9active mobile, garantir que votre magasin a fi\u00e8re allure et fonctionne en douceur sur tous les appareils<\/li>\n<li>Compatible avec les plugins WooCommerce populaires, tels que Yith WooCommerce Wishlist et WooCommerce Curntency Switcher, vous offrant encore plus de fonctionnalit\u00e9s et de fonctionnalit\u00e9s pour votre magasin<\/li>\n<li>Documentation compl\u00e8te et excellent support client, en vous assurant que vous pouvez faire fonctionner votre magasin rapidement et facilement, et obtenir de l&rsquo;aide chaque fois que vous en avez besoin.<\/li>\n<\/ul>\n","protected":false},"excerpt":{"rendered":"<p>Le th\u00e8me WooCommerce du BESA Elementor Marketplace est un mod\u00e8le WordPress premium con\u00e7u pour les sites Web de commerce \u00e9lectronique. Il est livr\u00e9 avec une gamme de fonctionnalit\u00e9s qui vous permettent de construire et de g\u00e9rer un march\u00e9 en ligne. Avec sa compatibilit\u00e9 avec le plugin WooCommerce, vous pouvez facilement configurer et ex\u00e9cuter votre boutique en ligne, quels que soient les produits ou les services que vous offrez. Ce th\u00e8me est construit avec Elementor, l&rsquo;un des constructeurs de pages de glisser-d\u00e9poser les plus populaires. Cela signifie que m\u00eame si vous n&rsquo;\u00eates pas un expert en technologie, vous pouvez facilement personnaliser l&rsquo;aspect et la sensation de votre site. Le th\u00e8me BESA propose \u00e9galement diverses mises en page et \u00e9l\u00e9ments de conception pr\u00e9-faites, ce qui vous fait gagner du temps et des efforts dans la conception de votre site. Il est \u00e9galement enti\u00e8rement r\u00e9actif, garantissant que votre site a fi\u00e8re allure sur tous les appareils, des ordinateurs de bureau aux t\u00e9l\u00e9phones mobiles. Il est convivial, vous aidant \u00e0 vous classer plus haut sur les moteurs de recherche et \u00e0 attirer plus de clients potentiels. Avec ses fonctionnalit\u00e9s puissantes et ses fonctionnalit\u00e9s faciles \u00e0 utiliser, le th\u00e8me WooCommerce du march\u00e9 BESA Elementor est une excellente option pour tous ceux qui souhaitent<\/p>\n","protected":false},"featured_media":143232,"comment_status":"open","ping_status":"open","template":"","meta":[],"product_brand":[2433],"product_cat":[1238,1851,1212],"product_tag":[1366],"class_list":{"0":"post-111329","1":"product","2":"type-product","3":"status-publish","4":"has-post-thumbnail","6":"product_brand-themeforest","7":"product_cat-commerce-electronique-themes","8":"product_cat-entreprise-commerce-electronique-themes","9":"product_cat-themes","10":"product_tag-themeforest","11":"member-discount","12":"discount-restricted","14":"first","15":"instock","16":"sale","17":"downloadable","18":"virtual","19":"sold-individually","20":"purchasable","21":"product-type-simple"},"_links":{"self":[{"href":"https:\/\/gpl-love.com\/fr\/wp-json\/wp\/v2\/product\/111329","targetHints":{"allow":["GET"]}}],"collection":[{"href":"https:\/\/gpl-love.com\/fr\/wp-json\/wp\/v2\/product"}],"about":[{"href":"https:\/\/gpl-love.com\/fr\/wp-json\/wp\/v2\/types\/product"}],"replies":[{"embeddable":true,"href":"https:\/\/gpl-love.com\/fr\/wp-json\/wp\/v2\/comments?post=111329"}],"wp:featuredmedia":[{"embeddable":true,"href":"https:\/\/gpl-love.com\/fr\/wp-json\/wp\/v2\/media\/143232"}],"wp:attachment":[{"href":"https:\/\/gpl-love.com\/fr\/wp-json\/wp\/v2\/media?parent=111329"}],"wp:term":[{"taxonomy":"product_brand","embeddable":true,"href":"https:\/\/gpl-love.com\/fr\/wp-json\/wp\/v2\/product_brand?post=111329"},{"taxonomy":"product_cat","embeddable":true,"href":"https:\/\/gpl-love.com\/fr\/wp-json\/wp\/v2\/product_cat?post=111329"},{"taxonomy":"product_tag","embeddable":true,"href":"https:\/\/gpl-love.com\/fr\/wp-json\/wp\/v2\/product_tag?post=111329"}],"curies":[{"name":"wp","href":"https:\/\/api.w.org\/{rel}","templated":true}]}}