{"id":111327,"date":"2025-12-25T00:00:00","date_gmt":"2025-12-24T23:00:00","guid":{"rendered":"http:\/\/gpl-love.com\/fr\/produit\/anywhere-elementor-pro\/"},"modified":"2026-03-20T22:54:45","modified_gmt":"2026-03-20T21:54:45","slug":"anywhere-elementor-pro","status":"publish","type":"product","link":"https:\/\/gpl-love.com\/fr\/produit\/anywhere-elementor-pro\/","title":{"rendered":"Anywhere Elementor Pro 2.29.3"},"content":{"rendered":"<h3>Anywhere Elementor Pro Traits<\/h3>\n<p>Partout Elementor Pro, un plugin WordPress tr\u00e8s robuste, permet aux utilisateurs d&rsquo;\u00e9tendre de mani\u00e8re transparente leurs conceptions Elementor \u00e0 tous les coins de leur site Web. En utilisant ce plugin remarquable, les utilisateurs peuvent sans effort en mode, des pieds de page ou des barres lat\u00e9rales sur mesure en utilisant Elementor et les pr\u00e9senter par la suite sur l&rsquo;ensemble de leur site Web, \u00e9liminant manuellement la n\u00e9cessit\u00e9 de duplication ardue sur chaque page. De plus, n&rsquo;importe o\u00f9 Elementor Pro offre des fonctionnalit\u00e9s de contenu dynamique, ce qui permet aux utilisateurs de construire des mod\u00e8les dynamiques et de les pr\u00e9senter en fonction de divers facteurs tels que le type de post, la taxonomie ou d&rsquo;autres param\u00e8tres conditionnels. Dans l&rsquo;ensemble, n&rsquo;importe o\u00f9 Elementor Pro sert d&rsquo;outil exceptionnel, \u00e9levant l&rsquo;exp\u00e9rience de conception du site Web \u00e0 des hauteurs sans pr\u00e9c\u00e9dent.<\/p>\n<ul>\n<li>Un compl\u00e9ment de WordPress puissant qui am\u00e9liore la fonctionnalit\u00e9 de Elementor Page Builder.<\/li>\n<li>Permet aux utilisateurs de cr\u00e9er et de personnaliser les en-t\u00eates, les pieds de page et les mod\u00e8les de publication avec Elementor.<\/li>\n<li>Prend en charge le contenu dynamique, tel que les champs personnalis\u00e9s et Post Meta, pour garantir que les mises \u00e0 jour de contenu sont refl\u00e9t\u00e9es sur le site.<\/li>\n<li>Comprend plus de 50 widgets et mod\u00e8les suppl\u00e9mentaires pour am\u00e9liorer les capacit\u00e9s existantes d&rsquo;Elementor.<\/li>\n<li>Offre des conditions d&rsquo;affichage avanc\u00e9es pour contr\u00f4ler comment et o\u00f9 le contenu est affich\u00e9 sur le site.<\/li>\n<li>Prend en charge WooCommerce et des t\u00e9l\u00e9chargements num\u00e9riques faciles avec des widgets et des mod\u00e8les d\u00e9di\u00e9s.<\/li>\n<li>Comprend une vari\u00e9t\u00e9 d&rsquo;int\u00e9grations avec des plugins WordPress populaires, tels que les formulaires Gravity et MailChimp.<\/li>\n<li>Permet aux utilisateurs de concevoir et de g\u00e9rer les \u00e9l\u00e9ments mondiaux du site, tels que les boutons de partage social et la chapelure, \u00e0 partir d&rsquo;un emplacement centralis\u00e9.<\/li>\n<li>Fournit acc\u00e8s \u00e0 un support client premium et \u00e0 des mises \u00e0 jour r\u00e9guli\u00e8res pour assurer la compatibilit\u00e9 avec la derni\u00e8re version WordPress.<\/li>\n<\/ul>\n","protected":false},"excerpt":{"rendered":"<p>Phey Elementor Pro est le plugin WordPress ultime con\u00e7u pour am\u00e9liorer la fonctionnalit\u00e9 et l&rsquo;apparence de votre site Web. Avec son interface conviviale et ses fonctionnalit\u00e9s avanc\u00e9es, il vous permet de personnaliser tous les aspects de votre site Web sans effort. Sa suite compl\u00e8te d&rsquo;outils comprend un constructeur de glisser-d\u00e9poser, ce qui simplifie le processus de cr\u00e9ation de dispositions. Vous pouvez \u00e9galement concevoir des pages dynamiques en utilisant ses widgets int\u00e9gr\u00e9s. L&rsquo;acc\u00e8s \u00e0 une biblioth\u00e8que de mod\u00e8les pr\u00e9-con\u00e7us vous fait gagner du temps et des efforts, vous permettant de cr\u00e9er des pages \u00e9poustouflantes en quelques minutes. Porfiez Elementor Pro prend \u00e9galement en charge les sites multicanguelles, ce qui en fait un outil polyvalent pour les entreprises ciblant un public mondial. Gr\u00e2ce \u00e0 ses capacit\u00e9s de conception r\u00e9actives, votre site Web cherchera et fonctionnera de mani\u00e8re optimale sur n&rsquo;importe quel appareil. Le plugin est \u00e9galement convivial, augmentant la visibilit\u00e9 de votre site sur les moteurs de recherche. Et avec sa compatibilit\u00e9 WooCommerce, la gestion de votre boutique en ligne devient un jeu d&rsquo;enfant. D\u00e9couvrez la libert\u00e9 du contr\u00f4le de conception ultime avec n&rsquo;importe o\u00f9 Elementor Pro.<\/p>\n","protected":false},"featured_media":143139,"comment_status":"open","ping_status":"open","template":"","meta":[],"product_brand":[2458],"product_cat":[1189,1181,1186],"product_tag":[1476],"class_list":{"0":"post-111327","1":"product","2":"type-product","3":"status-publish","4":"has-post-thumbnail","6":"product_brand-elementor-addons","7":"product_cat-personnalisation","8":"product_cat-plugins","9":"product_cat-wordpress-plugins","10":"product_tag-elementor-addons","11":"member-discount","12":"discount-restricted","14":"first","15":"instock","16":"sale","17":"downloadable","18":"virtual","19":"sold-individually","20":"purchasable","21":"product-type-simple"},"_links":{"self":[{"href":"https:\/\/gpl-love.com\/fr\/wp-json\/wp\/v2\/product\/111327","targetHints":{"allow":["GET"]}}],"collection":[{"href":"https:\/\/gpl-love.com\/fr\/wp-json\/wp\/v2\/product"}],"about":[{"href":"https:\/\/gpl-love.com\/fr\/wp-json\/wp\/v2\/types\/product"}],"replies":[{"embeddable":true,"href":"https:\/\/gpl-love.com\/fr\/wp-json\/wp\/v2\/comments?post=111327"}],"wp:featuredmedia":[{"embeddable":true,"href":"https:\/\/gpl-love.com\/fr\/wp-json\/wp\/v2\/media\/143139"}],"wp:attachment":[{"href":"https:\/\/gpl-love.com\/fr\/wp-json\/wp\/v2\/media?parent=111327"}],"wp:term":[{"taxonomy":"product_brand","embeddable":true,"href":"https:\/\/gpl-love.com\/fr\/wp-json\/wp\/v2\/product_brand?post=111327"},{"taxonomy":"product_cat","embeddable":true,"href":"https:\/\/gpl-love.com\/fr\/wp-json\/wp\/v2\/product_cat?post=111327"},{"taxonomy":"product_tag","embeddable":true,"href":"https:\/\/gpl-love.com\/fr\/wp-json\/wp\/v2\/product_tag?post=111327"}],"curies":[{"name":"wp","href":"https:\/\/api.w.org\/{rel}","templated":true}]}}