{"id":111325,"date":"2026-04-16T00:00:00","date_gmt":"2026-04-15T22:00:00","guid":{"rendered":"http:\/\/gpl-love.com\/fr\/produit\/ajax-search-pro-live-wordpress-search-filter-plugin\/"},"modified":"2026-04-17T00:30:20","modified_gmt":"2026-04-16T22:30:20","slug":"ajax-search-pro-live-wordpress-search-filter-plugin","status":"publish","type":"product","link":"https:\/\/gpl-love.com\/fr\/produit\/ajax-search-pro-live-wordpress-search-filter-plugin\/","title":{"rendered":"Ajax Search Pro Live WordPress Plugin 4.28.4"},"content":{"rendered":"<h3>Ajax Search Pro Live WordPress Plugin Traits<\/h3>\n<p>Le plugin WordPress Ajax Search Pro Live, connu pour ses capacit\u00e9s remarquables dans l&rsquo;augmentation des fonctionnalit\u00e9s de recherche sur les sites Web WordPress, s&rsquo;av\u00e8re \u00eatre un outil indispensable. En fournissant des r\u00e9sultats de recherche en temps r\u00e9el, les utilisateurs peuvent se procurer sans effort les informations souhait\u00e9es sans g\u00eaner d&rsquo;attendre les rechargements de page. Le plugin poss\u00e8de un degr\u00e9 remarquable de personnalisation, permettant aux propri\u00e9taires de sites d&rsquo;adapter son apparence et ses fonctionnalit\u00e9s \u00e0 s&rsquo;aligner pr\u00e9cis\u00e9ment avec leurs exigences uniques. En outre, il \u00e9tend le support \u00e0 plusieurs sources de recherche, englobant les types de publiques personnalis\u00e9es, les champs personnalis\u00e9s et les taxonomies, ce qui le rend particuli\u00e8rement bien adapt\u00e9 aux sites Web complexes. En plus de ces fonctionnalit\u00e9s, le plugin propose \u00e9galement des fonctionnalit\u00e9s pr\u00e9cieuses, notamment des suggestions de mots cl\u00e9s, des analyses de recherche et une assurance automatique, qui fonctionnent en synergie ensemble pour rationaliser l&rsquo;exp\u00e9rience de recherche pour les utilisateurs. En somme, le plugin WordPress Ajax Search Pro Live est un outil par excellence qui est indispensable pour tout site Web WordPress qui aspire \u00e0 optimiser sa fonctionnalit\u00e9 de recherche.<\/p>\n<ul>\n<li>Fournit une fonctionnalit\u00e9 de recherche en direct puissante et personnalisable pour les sites Web WordPress<\/li>\n<li>Comprend la prise en charge des types de publication personnalis\u00e9s, des produits WooCommerce et m\u00eame des profils d&rsquo;utilisateurs<\/li>\n<li>Rapide et l\u00e9ger, avec des r\u00e9sultats de recherche aliment\u00e9s par Ajax qui apparaissent instantan\u00e9ment \u00e0 mesure que les utilisateurs tapent<\/li>\n<li>Hautement personnalisable, avec des options pour contr\u00f4ler la disposition des r\u00e9sultats de la recherche, la typographie et le style<\/li>\n<li>Prise en charge int\u00e9gr\u00e9e pour les th\u00e8mes WordPress populaires tels que Avada, X et Enfold<\/li>\n<li>Comprend des options de filtrage puissantes, y compris la possibilit\u00e9 de rechercher par cat\u00e9gorie, tag, taxonomie et plus<\/li>\n<li>Prend en charge les suggestions de recherche et les fonctionnalit\u00e9s automatiquement compl\u00e8tes, offrant aux utilisateurs des suggestions utiles lors de leur type<\/li>\n<li>Comprend des param\u00e8tres de recherche avanc\u00e9s tels que l&rsquo;appariement flou, la correspondance exacte et la recherche de mots prioritaire pour une pr\u00e9cision am\u00e9lior\u00e9e<\/li>\n<li>S&rsquo;int\u00e9gre aux plugins WordPress populaires tels que Yoast SEO, ACF et Polylang pour une flexibilit\u00e9 et une compatibilit\u00e9 suppl\u00e9mentaires<\/li>\n<li>Soutenu par une \u00e9quipe de d\u00e9veloppeurs exp\u00e9riment\u00e9s avec un d\u00e9vouement au support client et \u00e0 des mises \u00e0 jour de produit.<\/li>\n<\/ul>\n","protected":false},"excerpt":{"rendered":"<p>D\u00e9couvrez la puissance d&rsquo;Ajax Search Pro Live &#8211; Un plugin WordPress premium con\u00e7u pour am\u00e9liorer les fonctionnalit\u00e9s de recherche de votre site Web. Ce plugin propose une fonction de recherche en direct, fournissant des r\u00e9sultats en temps r\u00e9el \u00e0 vos visiteurs lorsqu&rsquo;ils tapent leurs requ\u00eates. Ses options de recherche et de filtrage avanc\u00e9es garantissent que les utilisateurs de votre site Web trouvent exactement ce qu&rsquo;ils recherchent. Le plugin Ajax Search Pro Live est enti\u00e8rement personnalisable, vous permettant d&rsquo;adapter l&rsquo;apparence de la barre de recherche pour correspondre \u00e0 l&rsquo;esth\u00e9tique de votre site Web. Il prend \u00e9galement en charge une multitude de langues, ce qui en fait un excellent choix pour les sites Web multilingues. D\u00e9couvrez l&rsquo;int\u00e9gration transparente, la configuration facile \u00e0 utiliser et les performances sup\u00e9rieures de Ajax Search Pro Live. Ce n&rsquo;est pas seulement un plugin; Cela change la donne pour l&rsquo;exp\u00e9rience utilisateur de votre site WordPress.<\/p>\n","protected":false},"featured_media":143102,"comment_status":"open","ping_status":"open","template":"","meta":[],"product_brand":[2435],"product_cat":[1189,1181,1186],"product_tag":[1231],"class_list":{"0":"post-111325","1":"product","2":"type-product","3":"status-publish","4":"has-post-thumbnail","6":"product_brand-codecanyon","7":"product_cat-personnalisation","8":"product_cat-plugins","9":"product_cat-wordpress-plugins","10":"product_tag-codecanyon","11":"member-discount","12":"discount-restricted","14":"first","15":"instock","16":"sale","17":"downloadable","18":"virtual","19":"sold-individually","20":"purchasable","21":"product-type-simple"},"_links":{"self":[{"href":"https:\/\/gpl-love.com\/fr\/wp-json\/wp\/v2\/product\/111325","targetHints":{"allow":["GET"]}}],"collection":[{"href":"https:\/\/gpl-love.com\/fr\/wp-json\/wp\/v2\/product"}],"about":[{"href":"https:\/\/gpl-love.com\/fr\/wp-json\/wp\/v2\/types\/product"}],"replies":[{"embeddable":true,"href":"https:\/\/gpl-love.com\/fr\/wp-json\/wp\/v2\/comments?post=111325"}],"wp:featuredmedia":[{"embeddable":true,"href":"https:\/\/gpl-love.com\/fr\/wp-json\/wp\/v2\/media\/143102"}],"wp:attachment":[{"href":"https:\/\/gpl-love.com\/fr\/wp-json\/wp\/v2\/media?parent=111325"}],"wp:term":[{"taxonomy":"product_brand","embeddable":true,"href":"https:\/\/gpl-love.com\/fr\/wp-json\/wp\/v2\/product_brand?post=111325"},{"taxonomy":"product_cat","embeddable":true,"href":"https:\/\/gpl-love.com\/fr\/wp-json\/wp\/v2\/product_cat?post=111325"},{"taxonomy":"product_tag","embeddable":true,"href":"https:\/\/gpl-love.com\/fr\/wp-json\/wp\/v2\/product_tag?post=111325"}],"curies":[{"name":"wp","href":"https:\/\/api.w.org\/{rel}","templated":true}]}}