{"id":111254,"date":"2025-12-23T00:00:00","date_gmt":"2025-12-22T23:00:00","guid":{"rendered":"http:\/\/gpl-love.com\/fr\/produit\/woocommerce-recommendation-engine\/"},"modified":"2026-03-20T23:47:26","modified_gmt":"2026-03-20T22:47:26","slug":"woocommerce-recommendation-engine","status":"publish","type":"product","link":"https:\/\/gpl-love.com\/fr\/produit\/woocommerce-recommendation-engine\/","title":{"rendered":"WooCommerce Recommendation Engine 3.5.4"},"content":{"rendered":"<h3>WooCommerce Recommendation Engine Traits<\/h3>\n<p>Le moteur de recommandation WooCommerce est un outil exceptionnellement robuste et efficace qui a \u00e9t\u00e9 m\u00e9ticuleusement con\u00e7u pour aider les entreprises en ligne \u00e0 am\u00e9liorer leurs ventes en offrant des recommandations de produits personnalis\u00e9es \u00e0 leurs clients estim\u00e9s. En utilisant des algorithmes de pointe et une technologie d&rsquo;apprentissage automatique, ce moteur remarquable examine m\u00e9ticuleusement les mod\u00e8les de comportement des clients et l&rsquo;historique des achats pour proposer des produits pertinents qui sont beaucoup plus susceptibles d&rsquo;\u00eatre achet\u00e9s. Ces recommandations inestimables peuvent \u00eatre pr\u00e9sent\u00e9es en bonne place sur une myriade de pages Web, telles que des pages de produits, des pages de paniers et des pages de paiement, et peuvent \u00eatre adapt\u00e9es \u00e0 l&rsquo;alignement de mani\u00e8re transparente pour s&rsquo;aligner impeccablement avec la conception et la marque uniques du site. De plus, ce moteur in\u00e9gal\u00e9 fournit \u00e9galement aux entreprises des analyses et des rapports inestimables, leur permettant de comprendre de mani\u00e8re approfondie les pr\u00e9f\u00e9rences des clients et de strat\u00e9gies de mani\u00e8re optimale de leurs efforts de marketing. En exploitant la puissance du moteur de recommandation WooCommerce, les entreprises peuvent am\u00e9liorer sans \u00e9quivoque l&rsquo;exp\u00e9rience client globale tout en augmentant simultan\u00e9ment leurs revenus, favorisant ainsi la croissance retentissante et le succ\u00e8s sans \u00e9quivoque.<\/p>\n<ul>\n<li>Fournit des recommandations de produits personnalis\u00e9s aux clients en fonction de leur historique de navigation et d&rsquo;achat<\/li>\n<li>Augmente l&rsquo;engagement et la satisfaction des clients en offrant des produits pertinents<\/li>\n<li>Stimule les ventes en conduisant plus de trafic vers des produits recommand\u00e9s et en augmentant les opportunit\u00e9s de vente crois\u00e9e<\/li>\n<li>Prend en charge plusieurs types de recommandations, y compris des produits connexes, des ventes ascendantes et des ventes crois\u00e9es<\/li>\n<li>Facile \u00e0 utiliser et \u00e0 int\u00e9grer avec les magasins WooCommerce<\/li>\n<li>Enti\u00e8rement personnalisable pour correspondre \u00e0 l&rsquo;apparence de votre magasin<\/li>\n<li>Utilise des algorithmes avanc\u00e9s et un apprentissage automatique pour am\u00e9liorer constamment sa pr\u00e9cision de recommandation et son efficacit\u00e9<\/li>\n<li>Fournit des analyses et des rapports d\u00e9taill\u00e9s pour suivre l&rsquo;impact des recommandations sur les taux de vente et de conversion<\/li>\n<li>Offre diverses fa\u00e7ons d&rsquo;afficher des recommandations, telles que des widgets, des fen\u00eatres contextuelles et des notifications par e-mail<\/li>\n<li>Aide les propri\u00e9taires et les gestionnaires de magasin \u00e0 mieux comprendre les pr\u00e9f\u00e9rences et les comportements de leurs clients.<\/li>\n<\/ul>\n","protected":false},"excerpt":{"rendered":"<p>Le moteur de recommandation WooCommerce, un outil incroyablement robuste, exploite la puissance des algorithmes de pointe pour analyser avec diligence les donn\u00e9es des clients et fournir par la suite des recommandations de produits personnalis\u00e9s pour votre magasin WooCommerce. En mettant en \u0153uvre ce plugin ing\u00e9nieux, vous pouvez augmenter consid\u00e9rablement l&rsquo;engagement des clients, augmenter exponentiellement les ventes et, finalement, offrir une exp\u00e9rience d&rsquo;achat sans pr\u00e9c\u00e9dent et extraordinaire aux clients. S&rsquo;int\u00e9grant de mani\u00e8re transparente dans le cadre de votre magasin, le moteur de recommandation vous accorde la capacit\u00e9 inestimable \u00e0 pr\u00e9senter des produits recommand\u00e9s sur un assortiment de pages essentielles telles que les pages de produits, les pages de chariot et les pages de paiement. Le processus de configuration est sans effort et le configurer pour r\u00e9pondre \u00e0 vos sp\u00e9cifications uniques est un jeu d&rsquo;enfant, gracieuset\u00e9 de la diversit\u00e9 d&rsquo;options de personnalisation \u00e0 votre disposition. Si vous aspirez \u00e0 optimiser les performances de votre magasin tout en enrichissant simultan\u00e9ment l&rsquo;exp\u00e9rience client globale, le moteur de recommandation WooCommerce est incontestablement en tant que solution de manuels.<\/p>\n","protected":false},"featured_media":146003,"comment_status":"open","ping_status":"open","template":"","meta":[],"product_brand":[2440],"product_cat":[1200,1182,1181],"product_tag":[1398],"class_list":{"0":"post-111254","1":"product","2":"type-product","3":"status-publish","4":"has-post-thumbnail","6":"product_brand-woocommerce","7":"product_cat-commercialisation","8":"product_cat-commerce-electronique-plugins","9":"product_cat-plugins","10":"product_tag-woocommerce","11":"member-discount","12":"discount-restricted","14":"first","15":"instock","16":"sale","17":"downloadable","18":"virtual","19":"sold-individually","20":"purchasable","21":"product-type-simple"},"_links":{"self":[{"href":"https:\/\/gpl-love.com\/fr\/wp-json\/wp\/v2\/product\/111254","targetHints":{"allow":["GET"]}}],"collection":[{"href":"https:\/\/gpl-love.com\/fr\/wp-json\/wp\/v2\/product"}],"about":[{"href":"https:\/\/gpl-love.com\/fr\/wp-json\/wp\/v2\/types\/product"}],"replies":[{"embeddable":true,"href":"https:\/\/gpl-love.com\/fr\/wp-json\/wp\/v2\/comments?post=111254"}],"wp:featuredmedia":[{"embeddable":true,"href":"https:\/\/gpl-love.com\/fr\/wp-json\/wp\/v2\/media\/146003"}],"wp:attachment":[{"href":"https:\/\/gpl-love.com\/fr\/wp-json\/wp\/v2\/media?parent=111254"}],"wp:term":[{"taxonomy":"product_brand","embeddable":true,"href":"https:\/\/gpl-love.com\/fr\/wp-json\/wp\/v2\/product_brand?post=111254"},{"taxonomy":"product_cat","embeddable":true,"href":"https:\/\/gpl-love.com\/fr\/wp-json\/wp\/v2\/product_cat?post=111254"},{"taxonomy":"product_tag","embeddable":true,"href":"https:\/\/gpl-love.com\/fr\/wp-json\/wp\/v2\/product_tag?post=111254"}],"curies":[{"name":"wp","href":"https:\/\/api.w.org\/{rel}","templated":true}]}}