{"id":111252,"date":"2026-03-13T00:00:00","date_gmt":"2026-03-12T23:00:00","guid":{"rendered":"http:\/\/gpl-love.com\/fr\/produit\/the-grid-responsive-wordpress-grid-plugin\/"},"modified":"2026-04-10T18:42:18","modified_gmt":"2026-04-10T16:42:18","slug":"the-grid-responsive-wordpress-grid-plugin","status":"publish","type":"product","link":"https:\/\/gpl-love.com\/fr\/produit\/the-grid-responsive-wordpress-grid-plugin\/","title":{"rendered":"The Grid Responsive WordPress Grid Plugin 2.8.1"},"content":{"rendered":"<h3>The Grid Responsive WordPress Grid Plugin Traits<\/h3>\n<p>Le plugin Grid Grid Responsive WordPress, connu pour sa polyvalence et sa puissance, sert d&rsquo;outil exceptionnel pour construire des grilles et des dispositions personnalis\u00e9es dans la plate-forme WordPress. En utilisant son interface de tra\u00een\u00e9e et de d\u00e9p\u00f4t conviviale, les individus peuvent rapidement conceptualiser et modifier les grilles pour pr\u00e9senter un \u00e9ventail \u00e9tendu de contenu, englober des images captivantes, captiver des vid\u00e9os et un texte engageant. De plus, le plugin s&rsquo;adapte parfaitement \u00e0 divers appareils, garantissant un attrait visuel exceptionnel sur toutes les tailles d&rsquo;\u00e9cran. La grille amplifie encore son attrait en pr\u00e9sentant une pl\u00e9thore d&rsquo;alternatives de personnalisation, telles que divers styles de peau, des effets d&rsquo;animation captivants et des mod\u00e8les pr\u00e9-con\u00e7us qui facilitent une initiation sans effort. Que l&rsquo;on s&rsquo;identifie comme un blogueur, un concepteur ou un d\u00e9veloppeur, la grille appara\u00eet comme la solution par excellence pour fabriquer des grilles visuellement frappantes et sophistiqu\u00e9es adapt\u00e9es \u00e0 son site Web WordPress.<\/p>\n<ul>\n<li>La grille est un plugin de grille WordPress r\u00e9actif qui vous permet d&rsquo;afficher et de g\u00e9rer une vari\u00e9t\u00e9 de types de contenu dans un format de grille personnalisable.<\/li>\n<li>Avec la grille, vous pouvez cr\u00e9er des grilles d&rsquo;images, des vid\u00e9os, des publications, des produits WooCommerce, et plus encore, le tout avec une interface intuitive de glisser-d\u00e9poser.<\/li>\n<li>Le plugin propose une vari\u00e9t\u00e9 de mod\u00e8les pr\u00e9-con\u00e7us parmi lesquels choisir, ou vous pouvez cr\u00e9er votre propre disposition de grille personnalis\u00e9e \u00e0 l&rsquo;aide des options de personnalisation puissantes.<\/li>\n<li>La grille comprend des options de filtrage et de tri avanc\u00e9es, ainsi que des fonctionnalit\u00e9s Lightbox et Slider pour votre contenu multim\u00e9dia.<\/li>\n<li>Il comprend \u00e9galement des options de partage social int\u00e9gr\u00e9es, afin que vos utilisateurs puissent facilement partager votre contenu sur leurs r\u00e9seaux sociaux.<\/li>\n<li>Le plugin est compatible avec tous les navigateurs modernes et prend en charge les langues RTL.<\/li>\n<li>La grille est hautement optimis\u00e9e pour la vitesse et les performances, garantissant que votre site Web se charge rapidement et en douceur.<\/li>\n<li>Il comprend une documentation d\u00e9taill\u00e9e et un support client r\u00e9actif pour vous aider \u00e0 tirer le meilleur parti du plugin.<\/li>\n<\/ul>\n","protected":false},"excerpt":{"rendered":"<p>La grille, un plugin WordPress tr\u00e8s puissant, offre la capacit\u00e9 impressionnante de construire des grilles r\u00e9actives personnalis\u00e9es pour votre site Web estim\u00e9. Gr\u00e2ce \u00e0 son interface de glisser-d\u00e9poser remarquablement conviviale, int\u00e9grer et organiser sans effort un assortiment de contenu dans de nombreuses colonnes et lignes. En outre, ce plugin exceptionnel poss\u00e8de un vaste assortiment d&rsquo;options de personnalisation, englobant le dimensionnement polyvalent, les effets d&rsquo;animation captivants et les points d&rsquo;arr\u00eat r\u00e9actifs adaptables, tous soigneusement con\u00e7us pour garantir l&rsquo;attrait visuel le plus \u00e9lev\u00e9 de vos grilles sur tous les appareils. Que votre intention soit de montrer votre portefeuille artistique, de promouvoir votre assortiment de produits ou de s&rsquo;arr\u00eater les articles de blog captivants, soyez assur\u00e9 que la grille poss\u00e8de toutes les caract\u00e9ristiques essentielles n\u00e9cessaires pour fabriquer des affichages visuels impressionnants.<\/p>\n","protected":false},"featured_media":145472,"comment_status":"open","ping_status":"open","template":"","meta":[],"product_brand":[2435],"product_cat":[1189,1181,1186],"product_tag":[1231],"class_list":{"0":"post-111252","1":"product","2":"type-product","3":"status-publish","4":"has-post-thumbnail","6":"product_brand-codecanyon","7":"product_cat-personnalisation","8":"product_cat-plugins","9":"product_cat-wordpress-plugins","10":"product_tag-codecanyon","11":"member-discount","12":"discount-restricted","14":"first","15":"instock","16":"sale","17":"downloadable","18":"virtual","19":"sold-individually","20":"purchasable","21":"product-type-simple"},"_links":{"self":[{"href":"https:\/\/gpl-love.com\/fr\/wp-json\/wp\/v2\/product\/111252","targetHints":{"allow":["GET"]}}],"collection":[{"href":"https:\/\/gpl-love.com\/fr\/wp-json\/wp\/v2\/product"}],"about":[{"href":"https:\/\/gpl-love.com\/fr\/wp-json\/wp\/v2\/types\/product"}],"replies":[{"embeddable":true,"href":"https:\/\/gpl-love.com\/fr\/wp-json\/wp\/v2\/comments?post=111252"}],"wp:featuredmedia":[{"embeddable":true,"href":"https:\/\/gpl-love.com\/fr\/wp-json\/wp\/v2\/media\/145472"}],"wp:attachment":[{"href":"https:\/\/gpl-love.com\/fr\/wp-json\/wp\/v2\/media?parent=111252"}],"wp:term":[{"taxonomy":"product_brand","embeddable":true,"href":"https:\/\/gpl-love.com\/fr\/wp-json\/wp\/v2\/product_brand?post=111252"},{"taxonomy":"product_cat","embeddable":true,"href":"https:\/\/gpl-love.com\/fr\/wp-json\/wp\/v2\/product_cat?post=111252"},{"taxonomy":"product_tag","embeddable":true,"href":"https:\/\/gpl-love.com\/fr\/wp-json\/wp\/v2\/product_tag?post=111252"}],"curies":[{"name":"wp","href":"https:\/\/api.w.org\/{rel}","templated":true}]}}