{"id":111250,"date":"2026-02-23T00:00:00","date_gmt":"2026-02-22T23:00:00","guid":{"rendered":"http:\/\/gpl-love.com\/fr\/produit\/salient-responsive-multi-purpose-wordpress-theme\/"},"modified":"2026-04-10T18:38:34","modified_gmt":"2026-04-10T16:38:34","slug":"salient-responsive-multi-purpose-wordpress-theme","status":"publish","type":"product","link":"https:\/\/gpl-love.com\/fr\/produit\/salient-responsive-multi-purpose-wordpress-theme\/","title":{"rendered":"Salient Responsive Multi-Purpose WordPress Theme 18.1.1"},"content":{"rendered":"<h3>Salient Responsive Multi-Purpose WordPress Theme Traits<\/h3>\n<p>Le th\u00e8me WordPress polyvalent saillant r\u00e9actif est un th\u00e8me incroyablement polyvalent et extr\u00eamement puissant qui est exceptionnellement bien adapt\u00e9 aux entreprises, aux blogs, aux portefeuilles et \u00e0 une pl\u00e9thore d&rsquo;autres applications. Sa conception r\u00e9active garantit que votre site Web se pr\u00e9sentera d&rsquo;une mani\u00e8re esth\u00e9tiquement agr\u00e9able sur toutes sortes d&rsquo;appareils, allant des ordinateurs de bureau traditionnels aux smartphones toujours populaires et omnipr\u00e9sents. Le th\u00e8me lui-m\u00eame poss\u00e8de un \u00e9ventail impressionnant de fonctionnalit\u00e9s personnalisables, vous offrant ainsi un niveau de flexibilit\u00e9 sans pr\u00e9c\u00e9dent pour adapter votre site Web \u00e0 vos sp\u00e9cifications et pr\u00e9f\u00e9rences exactes. Parmi ces fonctionnalit\u00e9s, il y a une abondance de dispositions de d\u00e9monstration, vous permettant de visualiser et d&rsquo;exp\u00e9rimenter sans effort avec diff\u00e9rentes configurations; une palette in\u00e9puisable de couleurs et de polices, vous permettant d&rsquo;impr\u00e9gner votre site Web avec votre propre marque et esth\u00e9tique uniques; et l&rsquo;optimisation SEO int\u00e9gr\u00e9e, vous permettant de maximiser la visibilit\u00e9 et la port\u00e9e ult\u00e9rieure de votre site Web. De plus, le th\u00e8me saillant est incroyablement convivial, gracieuset\u00e9 de ses outils de montage tr\u00e8s intuitifs de glisser-d\u00e9poser, qui vous accordent la possibilit\u00e9 de manipuler et de positionner sans effort des \u00e9l\u00e9ments au contenu de votre c\u0153ur. De plus, le th\u00e8me offre commod\u00e9ment la capacit\u00e9 d&rsquo;importation ou d&rsquo;exportation de contenu, garantissant ainsi que vous pouvez facilement transf\u00e9rer le contenu de votre site Web vers d&rsquo;autres plateformes ou vice versa. Que vous soyez un n\u00e9ophyte dans le domaine du d\u00e9veloppement de sites Web ou un d\u00e9veloppeur chevronn\u00e9 et exp\u00e9riment\u00e9, le th\u00e8me WordPress polyvalent r\u00e9actif saillant est un choix exceptionnel pour quiconque d\u00e9sire cr\u00e9er un site Web professionnel et compl\u00e8tement moderne.<\/p>\n<ul>\n<li>Un th\u00e8me WordPress tr\u00e8s polyvalent con\u00e7u pour une utilisation personnelle et commerciale.<\/li>\n<li>Offre une vari\u00e9t\u00e9 d&rsquo;options de personnalisation, y compris des dispositions de plusieurs pages, des sch\u00e9mas de couleurs et des choix de typographie.<\/li>\n<li>Int\u00e9gration transparente avec des plugins populaires, tels que WooCommerce et Contact Form 7, pour ajouter des fonctionnalit\u00e9s.<\/li>\n<li>La conception enti\u00e8rement r\u00e9active garantit que votre site Web a fi\u00e8re allure sur n&rsquo;importe quel appareil, du bureau au mobile.<\/li>\n<li>Les fonctionnalit\u00e9s d&rsquo;optimisation SEO int\u00e9gr\u00e9es pour aider votre site Web \u00e0 se classer plus haut dans les r\u00e9sultats des moteurs de recherche.<\/li>\n<li>RECLARG\u00c9 MISE \u00c0 JOUR AVEC DE LA NOUVELLES CONS\u00c9RATIONS ET DE LES BUGES POUR ALUMER LES PERFORMANCES ET LA SUIVANCE UTILISATEUR.<\/li>\n<li>Des ressources approfondies de documentation et de support fournies pour aider \u00e0 l&rsquo;installation et \u00e0 la configuration.<\/li>\n<li>Livr\u00e9 avec une vari\u00e9t\u00e9 de mod\u00e8les pr\u00e9d\u00e9finis et de contenu de d\u00e9monstration pour aider \u00e0 relancer la conception de votre site Web.<\/li>\n<\/ul>\n","protected":false},"excerpt":{"rendered":"<p>Permettez-nous de vous pr\u00e9senter le th\u00e8me WordPress polyvalent r\u00e9actif remarquable et saillant, une solution incroyablement adaptable et dynamique pour la cr\u00e9ation de sites Web. B\u00e9n\u00e9ficiant d&rsquo;un design \u00e9l\u00e9gant et contemporain, Salient s&rsquo;av\u00e8re \u00eatre un choix id\u00e9al lorsqu&rsquo;il s&rsquo;agit d&rsquo;afficher votre entreprise, votre blog ou votre portefeuille. Sa mise en page tr\u00e8s r\u00e9active garantit une exp\u00e9rience visuelle exceptionnelle sur tous les appareils, et sa multitude de fonctionnalit\u00e9s personnalisables vous offre la possibilit\u00e9 de fa\u00e7onner un site Web qui incarne vraiment votre marque. Faites votre choix parmi une vaste gamme de mod\u00e8les pr\u00e9-con\u00e7us, ou exercez votre cr\u00e9ativit\u00e9 et construisez votre propre \u00e0 l&rsquo;aide du constructeur de pages convivial. Avec une saillie \u00e0 votre disposition, le potentiel d&rsquo;innovation et de cr\u00e9ativit\u00e9 est vraiment sans limites.<\/p>\n","protected":false},"featured_media":145157,"comment_status":"open","ping_status":"open","template":"","meta":[],"product_brand":[2433],"product_cat":[1214,1212,1213],"product_tag":[1366],"class_list":{"0":"post-111250","1":"product","2":"type-product","3":"status-publish","4":"has-post-thumbnail","6":"product_brand-themeforest","7":"product_cat-polyvalent","8":"product_cat-themes","9":"product_cat-wordpress-themes","10":"product_tag-themeforest","11":"member-discount","12":"discount-restricted","14":"first","15":"instock","16":"sale","17":"downloadable","18":"virtual","19":"sold-individually","20":"purchasable","21":"product-type-simple"},"_links":{"self":[{"href":"https:\/\/gpl-love.com\/fr\/wp-json\/wp\/v2\/product\/111250","targetHints":{"allow":["GET"]}}],"collection":[{"href":"https:\/\/gpl-love.com\/fr\/wp-json\/wp\/v2\/product"}],"about":[{"href":"https:\/\/gpl-love.com\/fr\/wp-json\/wp\/v2\/types\/product"}],"replies":[{"embeddable":true,"href":"https:\/\/gpl-love.com\/fr\/wp-json\/wp\/v2\/comments?post=111250"}],"wp:featuredmedia":[{"embeddable":true,"href":"https:\/\/gpl-love.com\/fr\/wp-json\/wp\/v2\/media\/145157"}],"wp:attachment":[{"href":"https:\/\/gpl-love.com\/fr\/wp-json\/wp\/v2\/media?parent=111250"}],"wp:term":[{"taxonomy":"product_brand","embeddable":true,"href":"https:\/\/gpl-love.com\/fr\/wp-json\/wp\/v2\/product_brand?post=111250"},{"taxonomy":"product_cat","embeddable":true,"href":"https:\/\/gpl-love.com\/fr\/wp-json\/wp\/v2\/product_cat?post=111250"},{"taxonomy":"product_tag","embeddable":true,"href":"https:\/\/gpl-love.com\/fr\/wp-json\/wp\/v2\/product_tag?post=111250"}],"curies":[{"name":"wp","href":"https:\/\/api.w.org\/{rel}","templated":true}]}}