{"id":111248,"date":"2025-04-17T00:00:00","date_gmt":"2025-04-16T22:00:00","guid":{"rendered":"http:\/\/gpl-love.com\/fr\/produit\/green-popups-popup-plugin-for-wordpress\/"},"modified":"2026-03-20T23:19:02","modified_gmt":"2026-03-20T22:19:02","slug":"green-popups-popup-plugin-for-wordpress","status":"publish","type":"product","link":"https:\/\/gpl-love.com\/fr\/produit\/green-popups-popup-plugin-for-wordpress\/","title":{"rendered":"Green Popups WordPress Plugin 7.52"},"content":{"rendered":"<h3>Green Popups WordPress Plugin Traits<\/h3>\n<p>Le plugin Green Popups WordPress appara\u00eet comme un outil exceptionnellement robuste et influent, con\u00e7u pour augmenter efficacement les taux de conversion de votre site Web gr\u00e2ce \u00e0 la cr\u00e9ation de popups captivants. Offrant une gamme compl\u00e8te de variations contextuelles, y compris des fen\u00eatres contextuelles intentionnelles, des fen\u00eatres contextuelles d\u00e9clench\u00e9es par d\u00e9filement et des fen\u00eatres contextuelles, ce plugin pr\u00e9sente une large gamme d&rsquo;options qui peuvent se manifester de mani\u00e8re transparente sur toute page Web ou publication souhait\u00e9e dans votre site Web. En vous profitant des popups verts, vous avez la possibilit\u00e9 d&rsquo;adapter vos popups \u00e0 la perfection, incorporant un assortiment d&rsquo;\u00e9l\u00e9ments de conception, allant des images d&rsquo;arri\u00e8re-plan fascinantes au texte et aux boutons convaincants. En outre, ce plugin englobe des capacit\u00e9s de ciblage tr\u00e8s sophistiqu\u00e9es, vous permettant de vous concentrer sur des pages ou un comportement utilisateur sp\u00e9cifiques, garantissant ainsi que vos fen\u00eatres contextuelles sont effectivement pr\u00e9sent\u00e9es au public appropri\u00e9. En plus de ses attributs de collecteur, Green Popups s&rsquo;int\u00e8gre de mani\u00e8re transparente \u00e0 des services de marketing par e-mail de premier plan, rendant le processus de synchronisation de vos popups avec vos campagnes par e-mail remarquablement sans effort. En substance, ce plugin est un actif indispensable pour tout propri\u00e9taire de site Web aspirant \u00e0 amplifier leurs taux de conversion et \u00e0 \u00e9tendre leur liste de courriels.<\/p>\n<ul>\n<li>Processus d&rsquo;installation et de configuration facile<\/li>\n<li>Conceptions et param\u00e8tres popup personnalisables pour correspondre \u00e0 la marque de votre site Web<\/li>\n<li>Plusieurs options de ciblage pour afficher des fen\u00eatres contextuelles \u00e0 un public sp\u00e9cifique ou sur des pages sp\u00e9cifiques<\/li>\n<li>Capacit\u00e9 \u00e0 tester A \/ B Test des conceptions et ciblage pour des r\u00e9sultats optimaux<\/li>\n<li>Int\u00e9gration avec des services de marketing par e-mail tels que MailChimp et un contact constant<\/li>\n<li>Analyse int\u00e9gr\u00e9e pour suivre les performances popup et mesurer le succ\u00e8s<\/li>\n<li>Popups r\u00e9actives mobiles pour l&rsquo;exp\u00e9rience utilisateur transparent sur tous les appareils<\/li>\n<li>Option pour les fen\u00eatres contextuelles chronom\u00e9tr\u00e9es ou les d\u00e9clencheurs \u00e0 d\u00e9calage pour engager les visiteurs au bon moment<\/li>\n<li>Mises \u00e0 jour r\u00e9guli\u00e8res et support client pour toute question ou probl\u00e8me.<\/li>\n<\/ul>\n","protected":false},"excerpt":{"rendered":"<p>Le plugin Green Popups WordPress, un outil tr\u00e8s efficace pour captiver l&rsquo;attention avec ses popups visuellement attrayants, vous permet de saisir sans effort les prospects et d&rsquo;\u00e9tendre votre liste de diffusion. En utilisant son interface glisser-d\u00e9poser conviviale, vous avez la possibilit\u00e9 de personnaliser vos fen\u00eatres contextuelles avec un \u00e9ventail de composants multim\u00e9dias tels que les images captivantes, les vid\u00e9os engageantes et le texte convaincant, tout en harmonisation avec l&rsquo;esth\u00e9tique de votre site Web. De plus, vous \u00eates autoris\u00e9 \u00e0 s\u00e9lectionner dans une gamme diversifi\u00e9e d&rsquo;options de d\u00e9clenchement, y compris l&rsquo;intention de sortie, l&rsquo;affichage chronom\u00e9tr\u00e9 et les d\u00e9clencheurs bas\u00e9s sur un d\u00e9filement, vous offrant ainsi une flexibilit\u00e9 in\u00e9gal\u00e9e. Pour am\u00e9liorer encore vos efforts de marketing, le plugin offre des capacit\u00e9s de ciblage avanc\u00e9es, vous permettant d&rsquo;afficher s\u00e9lectivement vos fen\u00eatres \u00e0 des sous-ensembles sp\u00e9cifiques de votre public en fonction de leurs mod\u00e8les comportementaux ou de leur emplacement g\u00e9ographique. \u00c9levez vos taux de conversion en hauteurs sans pr\u00e9c\u00e9dent en utilisant le plugin WordPress remarquable Green WordPress.<\/p>\n","protected":false},"featured_media":144147,"comment_status":"open","ping_status":"open","template":"","meta":[],"product_brand":[2435],"product_cat":[1207,1181,1186],"product_tag":[1231],"class_list":{"0":"post-111248","1":"product","2":"type-product","3":"status-publish","4":"has-post-thumbnail","6":"product_brand-codecanyon","7":"product_cat-commercialisation-wordpress-plugins","8":"product_cat-plugins","9":"product_cat-wordpress-plugins","10":"product_tag-codecanyon","11":"member-discount","12":"discount-restricted","14":"first","15":"instock","16":"sale","17":"downloadable","18":"virtual","19":"sold-individually","20":"purchasable","21":"product-type-simple"},"_links":{"self":[{"href":"https:\/\/gpl-love.com\/fr\/wp-json\/wp\/v2\/product\/111248","targetHints":{"allow":["GET"]}}],"collection":[{"href":"https:\/\/gpl-love.com\/fr\/wp-json\/wp\/v2\/product"}],"about":[{"href":"https:\/\/gpl-love.com\/fr\/wp-json\/wp\/v2\/types\/product"}],"replies":[{"embeddable":true,"href":"https:\/\/gpl-love.com\/fr\/wp-json\/wp\/v2\/comments?post=111248"}],"wp:featuredmedia":[{"embeddable":true,"href":"https:\/\/gpl-love.com\/fr\/wp-json\/wp\/v2\/media\/144147"}],"wp:attachment":[{"href":"https:\/\/gpl-love.com\/fr\/wp-json\/wp\/v2\/media?parent=111248"}],"wp:term":[{"taxonomy":"product_brand","embeddable":true,"href":"https:\/\/gpl-love.com\/fr\/wp-json\/wp\/v2\/product_brand?post=111248"},{"taxonomy":"product_cat","embeddable":true,"href":"https:\/\/gpl-love.com\/fr\/wp-json\/wp\/v2\/product_cat?post=111248"},{"taxonomy":"product_tag","embeddable":true,"href":"https:\/\/gpl-love.com\/fr\/wp-json\/wp\/v2\/product_tag?post=111248"}],"curies":[{"name":"wp","href":"https:\/\/api.w.org\/{rel}","templated":true}]}}