{"id":110555,"date":"2026-05-02T00:00:00","date_gmt":"2026-05-01T22:00:00","guid":{"rendered":"http:\/\/gpl-love.com\/fr\/produit\/divi-plus-new-modules-and-extensions-to-divi-theme\/"},"modified":"2026-05-03T06:30:27","modified_gmt":"2026-05-03T04:30:27","slug":"divi-plus-new-modules-and-extensions-to-divi-theme","status":"publish","type":"product","link":"https:\/\/gpl-love.com\/fr\/produit\/divi-plus-new-modules-and-extensions-to-divi-theme\/","title":{"rendered":"Divi Plus New Modules et Extensions to Divi Theme 1.20.1"},"content":{"rendered":"<h3>Divi Plus New Modules et Extensions to Divi Theme Traits<\/h3>\n<p>Divi Plus est un assemblage extr\u00eamement influent de nouveaux modules et extensions qui peuvent \u00eatre int\u00e9gr\u00e9s de mani\u00e8re transparente dans votre th\u00e8me Divi, vous permettant ainsi de fabriquer sans effort des sites Web visuellement captivants et tr\u00e8s r\u00e9actifs. Avec l&rsquo;inclusion de Divi Plus, votre site Web peut \u00eatre enrichi d&rsquo;une pl\u00e9thore de fonctionnalit\u00e9s innovantes, englobant les flip-boxes, des tables de prix, des t\u00e9moignages et un \u00e9ventail d&rsquo;autres modules compl\u00e9mentaires remarquables. Notamment, cette suite compl\u00e8te englobe \u00e9galement des extensions m\u00e9ticuleusement con\u00e7ues adapt\u00e9es explicitement \u00e0 WooCommerce, ce qui le rend une option exceptionnellement appropri\u00e9e pour les magasins en ligne. Peu importe si vous \u00eates un d\u00e9veloppeur Web accompli, un propri\u00e9taire d&rsquo;une entreprise modeste, ou simplement un effort individuel pour am\u00e9liorer la fonctionnalit\u00e9 de votre site Web, Divi Plus est une s\u00e9lection in\u00e9gal\u00e9e qui vous aidera sans r\u00e9serve \u00e0 \u00e9lever votre pr\u00e9sence en ligne \u00e0 une pr\u00e9sence sans pr\u00e9c\u00e9dent sans pr\u00e9c\u00e9dent hauteurs.<\/p>\n<ul>\n<li>Boostez vos capacit\u00e9s de conception Web avec Divi Plus<\/li>\n<li>Profitez d&rsquo;une vari\u00e9t\u00e9 de nouveaux modules et extensions sp\u00e9cialement con\u00e7us pour le th\u00e8me Divi<\/li>\n<li>Rationalisez votre flux de travail avec des fonctionnalit\u00e9s de glisser-d\u00e9poser intuites<\/li>\n<li>Cr\u00e9ez des sites Web \u00e9poustouflants avec des mod\u00e8les et des dispositions pr\u00e9d\u00e9finies<\/li>\n<li>Acc\u00e9dez \u00e0 une vaste biblioth\u00e8que d&rsquo;ic\u00f4nes, de boutons et de formes pour am\u00e9liorer vos conceptions<\/li>\n<li>Augmenter l&rsquo;engagement des utilisateurs avec des \u00e9l\u00e9ments interactifs et r\u00e9actifs<\/li>\n<li>Personnalisez vos conceptions avec des options et des animations de typographie avanc\u00e9es<\/li>\n<li>Atteignez la conception parfaite des pixels avec des commandes de conception avanc\u00e9es et des options de mise en page<\/li>\n<li>Optimisez votre site Web avec des fonctionnalit\u00e9s conviviales de r\u00e9f\u00e9rencement<\/li>\n<li>Profitez des mises \u00e0 jour r\u00e9guli\u00e8res et du soutien 24\/7 de l&rsquo;\u00e9quipe Divi Plus.<\/li>\n<\/ul>\n","protected":false},"excerpt":{"rendered":"<p>Pr\u00e9sentation de Divi Plus, un ajout r\u00e9volutionnaire au th\u00e8me Divi standard. Am\u00e9liorez votre site Web avec nos nouveaux modules et extensions sp\u00e9cialement con\u00e7us pour Divi. Avec Divi Plus, vous avez acc\u00e8s \u00e0 une multitude de fonctionnalit\u00e9s uniques qui rationalisent le processus de cr\u00e9ation de votre site Web et stimulent l&rsquo;engagement des utilisateurs. Nos modules regorgent d&rsquo;options personnalisables, offrant le plus haut niveau de flexibilit\u00e9 et de cr\u00e9ativit\u00e9 pour la conception de votre site Web. De plus, nos extensions aident \u00e0 \u00e9lever la fonctionnalit\u00e9 de votre site Web, ce qui la rend plus dynamique et interactive. Avec Divi Plus, chaque site Web que vous concevez sera un chef-d&rsquo;\u0153uvre, attirant et captivant vos clients potentiels. D\u00e9couvrez les avantages de nos fonctionnalit\u00e9s aujourd&rsquo;hui et transformez votre th\u00e8me Divi en un outil puissant pour la cr\u00e9ation de sites Web.<\/p>\n","protected":false},"featured_media":143549,"comment_status":"open","ping_status":"open","template":"","meta":[],"product_brand":[2515],"product_cat":[1189,1181,1186],"product_tag":[2346],"class_list":{"0":"post-110555","1":"product","2":"type-product","3":"status-publish","4":"has-post-thumbnail","6":"product_brand-divi-extended","7":"product_cat-personnalisation","8":"product_cat-plugins","9":"product_cat-wordpress-plugins","10":"product_tag-divi-extended","11":"member-discount","12":"discount-restricted","14":"first","15":"instock","16":"sale","17":"downloadable","18":"virtual","19":"sold-individually","20":"purchasable","21":"product-type-simple"},"_links":{"self":[{"href":"https:\/\/gpl-love.com\/fr\/wp-json\/wp\/v2\/product\/110555","targetHints":{"allow":["GET"]}}],"collection":[{"href":"https:\/\/gpl-love.com\/fr\/wp-json\/wp\/v2\/product"}],"about":[{"href":"https:\/\/gpl-love.com\/fr\/wp-json\/wp\/v2\/types\/product"}],"replies":[{"embeddable":true,"href":"https:\/\/gpl-love.com\/fr\/wp-json\/wp\/v2\/comments?post=110555"}],"wp:featuredmedia":[{"embeddable":true,"href":"https:\/\/gpl-love.com\/fr\/wp-json\/wp\/v2\/media\/143549"}],"wp:attachment":[{"href":"https:\/\/gpl-love.com\/fr\/wp-json\/wp\/v2\/media?parent=110555"}],"wp:term":[{"taxonomy":"product_brand","embeddable":true,"href":"https:\/\/gpl-love.com\/fr\/wp-json\/wp\/v2\/product_brand?post=110555"},{"taxonomy":"product_cat","embeddable":true,"href":"https:\/\/gpl-love.com\/fr\/wp-json\/wp\/v2\/product_cat?post=110555"},{"taxonomy":"product_tag","embeddable":true,"href":"https:\/\/gpl-love.com\/fr\/wp-json\/wp\/v2\/product_tag?post=110555"}],"curies":[{"name":"wp","href":"https:\/\/api.w.org\/{rel}","templated":true}]}}