{"id":110553,"date":"2025-12-15T00:00:00","date_gmt":"2025-12-14T23:00:00","guid":{"rendered":"http:\/\/gpl-love.com\/fr\/produit\/wp-all-export-pro-premium\/"},"modified":"2026-03-20T23:49:25","modified_gmt":"2026-03-20T22:49:25","slug":"wp-all-export-pro-premium","status":"publish","type":"product","link":"https:\/\/gpl-love.com\/fr\/produit\/wp-all-export-pro-premium\/","title":{"rendered":"WP All Export Pro 1.9.15"},"content":{"rendered":"<h3>WP All Export Pro Traits<\/h3>\n<p>WP All Export Pro est un outil incroyablement puissant et robuste qui offre aux utilisateurs la commodit\u00e9 d&rsquo;exporter sans effort des donn\u00e9es directement \u00e0 partir de leur site Web WordPress. Ce plugin remarquable poss\u00e8de une vaste gamme de fonctionnalit\u00e9s, permettant aux utilisateurs de g\u00e9rer efficacement l&rsquo;exportation de donn\u00e9es et de rationaliser le processus d&rsquo;exportation des donn\u00e9es vers une vari\u00e9t\u00e9 de formats de fichiers, notamment CSV, Excel, XML et JSON. WP All Export Pro va au-del\u00e0 en offrant aux utilisateurs la possibilit\u00e9 de planifier des exportations automatiques, d&rsquo;appliquer des filtres pour exporter exclusivement des donn\u00e9es sp\u00e9cifiques et m\u00eame impl\u00e9menter le formatage personnalis\u00e9. Ce plugin exceptionnel est particuli\u00e8rement bien adapt\u00e9 aux propri\u00e9taires de sites Web qui ont besoin d&rsquo;exporter r\u00e9guli\u00e8rement des donn\u00e9es, tels que les individus diligents derri\u00e8re les magasins de commerce \u00e9lectronique, les blogueurs et les professionnels du marketing. En utilisant WP All Export Pro, les utilisateurs peuvent simplifier le processus complexe de transfert de donn\u00e9es, ce qui s&rsquo;est finalement \u00e9conomis\u00e9 de temps et d&rsquo;efforts.<\/p>\n<ul>\n<li>Exporter les donn\u00e9es de WordPress dans une vari\u00e9t\u00e9 de formats, notamment CSV, Excel, XML et JSON<\/li>\n<li>Automatisez vos exportations avec des options de planification avanc\u00e9es<\/li>\n<li>Personnalisez vos mod\u00e8les pour inclure des champs de donn\u00e9es sp\u00e9cifiques et la mise en forme<\/li>\n<li>Filtrer et trier facilement vos donn\u00e9es avant d&rsquo;exporter<\/li>\n<li>Exporter des types de messages personnalis\u00e9s et des champs personnalis\u00e9s<\/li>\n<li>Int\u00e9grer avec des outils tiers comme Zapier et Dropbox<\/li>\n<li>Obtenez un support prioritaire et des mises \u00e0 jour avec un abonnement Pro License<\/li>\n<li>Compatible avec les installations multisites WordPress.<\/li>\n<\/ul>\n","protected":false},"excerpt":{"rendered":"<p>WP All Export Pro est un plugin incroyablement robuste et tr\u00e8s efficace qui accorde aux utilisateurs de WordPress la capacit\u00e9 remarquable d&rsquo;exporter sans effort un vaste gamme de donn\u00e9es de leur site Web dans un assortiment de formats de fichiers, y compris, mais sans s&rsquo;y limiter, CSV, Excel et XML. En int\u00e9grant de mani\u00e8re transparente une fonctionnalit\u00e9 de glisser-d\u00e9poser incroyablement conviviale et intuitive aux c\u00f4t\u00e9s d&rsquo;une gamme impressionnante d&rsquo;options de filtrage avanc\u00e9es, WP Tous Export Pro s&rsquo;\u00e9tablit facilement comme la solution par excellence pour les t\u00e2ches d&rsquo;exportation de donn\u00e9es les plus complexes et les plus complexes. Que votre objectif englobe l&rsquo;extraction d&rsquo;informations client pertinentes, de d\u00e9tails m\u00e9ticuleux du produit ou de tout autre type de donn\u00e9es, WP All Export Pro sert d&rsquo;outil indispensable et inestimable qui simplifie et acc\u00e9l\u00e8re notamment l&rsquo;ensemble du processus, en pr\u00e9servant efficacement une quantit\u00e9 substantielle de temps et Ressources substantielles en cours de route. Par cons\u00e9quent, il est \u00e9vident que WP tous exportant repr\u00e9sentent une n\u00e9cessit\u00e9 absolue et un incontournable absolu pour chaque individu qui poss\u00e8de la propri\u00e9t\u00e9 d&rsquo;un site WordPress et qui souhaite vraiment optimiser et rationaliser leur processus d&rsquo;exportation de donn\u00e9es respectif.<\/p>\n","protected":false},"featured_media":146128,"comment_status":"open","ping_status":"open","template":"","meta":[],"product_brand":[2436],"product_cat":[1187,1181,1186],"product_tag":[1411],"class_list":{"0":"post-110553","1":"product","2":"type-product","3":"status-publish","4":"has-post-thumbnail","6":"product_brand-wp-all-import","7":"product_cat-administration-wordpress-plugins","8":"product_cat-plugins","9":"product_cat-wordpress-plugins","10":"product_tag-wp-all-import","11":"member-discount","12":"discount-restricted","14":"first","15":"instock","16":"sale","17":"downloadable","18":"virtual","19":"sold-individually","20":"purchasable","21":"product-type-simple"},"_links":{"self":[{"href":"https:\/\/gpl-love.com\/fr\/wp-json\/wp\/v2\/product\/110553","targetHints":{"allow":["GET"]}}],"collection":[{"href":"https:\/\/gpl-love.com\/fr\/wp-json\/wp\/v2\/product"}],"about":[{"href":"https:\/\/gpl-love.com\/fr\/wp-json\/wp\/v2\/types\/product"}],"replies":[{"embeddable":true,"href":"https:\/\/gpl-love.com\/fr\/wp-json\/wp\/v2\/comments?post=110553"}],"wp:featuredmedia":[{"embeddable":true,"href":"https:\/\/gpl-love.com\/fr\/wp-json\/wp\/v2\/media\/146128"}],"wp:attachment":[{"href":"https:\/\/gpl-love.com\/fr\/wp-json\/wp\/v2\/media?parent=110553"}],"wp:term":[{"taxonomy":"product_brand","embeddable":true,"href":"https:\/\/gpl-love.com\/fr\/wp-json\/wp\/v2\/product_brand?post=110553"},{"taxonomy":"product_cat","embeddable":true,"href":"https:\/\/gpl-love.com\/fr\/wp-json\/wp\/v2\/product_cat?post=110553"},{"taxonomy":"product_tag","embeddable":true,"href":"https:\/\/gpl-love.com\/fr\/wp-json\/wp\/v2\/product_tag?post=110553"}],"curies":[{"name":"wp","href":"https:\/\/api.w.org\/{rel}","templated":true}]}}