{"id":110551,"date":"2025-11-10T00:00:00","date_gmt":"2025-11-09T23:00:00","guid":{"rendered":"http:\/\/gpl-love.com\/fr\/produit\/revo-multipurpose-woocommerce-wordpress-theme\/"},"modified":"2026-03-20T23:34:01","modified_gmt":"2026-03-20T22:34:01","slug":"revo-multipurpose-woocommerce-wordpress-theme","status":"publish","type":"product","link":"https:\/\/gpl-love.com\/fr\/produit\/revo-multipurpose-woocommerce-wordpress-theme\/","title":{"rendered":"Revo Multipurpose WooCommerce WordPress Theme 4.0.31"},"content":{"rendered":"<h3>Revo Multipurpose WooCommerce WordPress Theme Traits<\/h3>\n<p>Le th\u00e8me WOOCOMMERCE WOOCOMMERCE VVO est un th\u00e8me incroyablement polyvalent et hautement personnalisable qui a \u00e9t\u00e9 m\u00e9ticuleusement con\u00e7u pour r\u00e9pondre aux divers besoins et exigences des entreprises et des particuliers visant \u00e0 \u00e9tablir une formidable boutique en ligne. Ce th\u00e8me poss\u00e8de une interface remarquablement conviviale, facilitant ainsi un processus sans effort de mise en place et de gestion efficace de votre boutique en ligne. Il est \u00e9quip\u00e9 d&rsquo;un \u00e9ventail impressionnant de fonctionnalit\u00e9s puissantes, y compris, mais sans s&rsquo;y limiter, un constructeur de pages de glisser-d\u00e9poser sans couture, une pl\u00e9thore de dispositions de page d&rsquo;accueil \u00e0 choisir, et une large gamme d&rsquo;options de couleurs personnalisables qui sont pratiquement illimit\u00e9es. De plus, ce th\u00e8me s&rsquo;int\u00e8gre parfaitement \u00e0 WooCommerce, vous accordant ainsi la capacit\u00e9 in\u00e9gal\u00e9e de vendre sans effort vos produits, de g\u00e9rer efficacement votre inventaire et de traiter parfaitement les paiements. Que vous soyez un d\u00e9veloppeur chevronn\u00e9 ou un entrepreneur en herbe se lan\u00e7ant dans votre incursion inaugurale dans le monde du commerce \u00e9lectronique, le th\u00e8me WOOCommerce WOOCommerce Revo vous offre une flexibilit\u00e9 in\u00e9gal\u00e9e et un \u00e9ventail \u00e9tendu de fonctionnalit\u00e9s robustes, vous permettant ainsi de cr\u00e9er et de cr\u00e9er et de cr\u00e9er une gamme de fonctionnalit\u00e9s robustes, ce organiser une boutique en ligne r\u00e9ussie ph\u00e9nom\u00e9nale qui est destin\u00e9e \u00e0 captiver et \u00e0 saisir votre public cible.<\/p>\n<ul>\n<li>Conception r\u00e9active pour assurer la compatibilit\u00e9 avec tous les appareils<\/li>\n<li>Construit sp\u00e9cifiquement pour WooCommerce, avec une prise en charge compl\u00e8te pour toutes les fonctionnalit\u00e9s WooCommerce<\/li>\n<li>Plusieurs dispositions de page d&rsquo;accueil au choix, permettant une personnalisation compl\u00e8te<\/li>\n<li>Options avanc\u00e9es de filtrage des produits pour une meilleure exp\u00e9rience d&rsquo;achat<\/li>\n<li>Int\u00e9gr\u00e9 aux plateformes de m\u00e9dias sociaux pour un partage facile des produits<\/li>\n<li>Construit sur le puissant framework Redux pour une personnalisation facile<\/li>\n<li>Comprend des mod\u00e8les pr\u00e9-construits pour les pages de produits, les pages de contact et plus<\/li>\n<li>Support complet pour plusieurs langues avec compatibilit\u00e9 WPML<\/li>\n<li>Facile \u00e0 utiliser Page Builder pour la cr\u00e9ation de sites Web sans effort<\/li>\n<li>Optimis\u00e9 pour que SEO am\u00e9liore le classement des sites Web et la visibilit\u00e9<\/li>\n<li>Mises \u00e0 jour r\u00e9guli\u00e8res et support client disponibles pour la maintenance et les am\u00e9liorations continues.<\/li>\n<\/ul>\n","protected":false},"excerpt":{"rendered":"<p>Le th\u00e8me WOOCommerce Multipurpose WooCommerce se distingue comme un instrument extraordinaire pour les d\u00e9veloppeurs de sites Web qui aspirent \u00e0 fabriquer des sites de commerce \u00e9lectronique. Pr\u00e9sentant son design adaptable et r\u00e9actif, ce th\u00e8me s&rsquo;av\u00e8re adapt\u00e9 \u00e0 un large \u00e9ventail de magasins en ligne qui colportent un assortiment de produits, coulant de la mode \u00e0 la technologie. Autoris\u00e9 par WooCommerce, ce th\u00e8me poss\u00e8de une abondance de fonctionnalit\u00e9s avanc\u00e9es et d&rsquo;options de personnalisation, permettant la cr\u00e9ation d&rsquo;une vitrine de commerce \u00e9lectronique qui s&rsquo;aligne parfaitement avec votre vision. Avec sa conception \u00e9l\u00e9gante, sa vitesse de chargement rapide et ses prouesses d&rsquo;optimisation des moteurs de recherche, ce th\u00e8me am\u00e9liore les performances globales de votre site Web. Si vous vous trouvez \u00e0 la recherche d&rsquo;un th\u00e8me WordPress de commerce \u00e9lectronique puissant et digne de confiance, vous ne pouvez tout simplement pas mal tourner avec le th\u00e8me WooCommerce WOOCommerce Reco.<\/p>\n","protected":false},"featured_media":145132,"comment_status":"open","ping_status":"open","template":"","meta":[],"product_brand":[2433],"product_cat":[1238,1372,1212],"product_tag":[1366],"class_list":{"0":"post-110551","1":"product","2":"type-product","3":"status-publish","4":"has-post-thumbnail","6":"product_brand-themeforest","7":"product_cat-commerce-electronique-themes","8":"product_cat-polyvalent-commerce-electronique-themes","9":"product_cat-themes","10":"product_tag-themeforest","11":"member-discount","12":"discount-restricted","14":"first","15":"instock","16":"sale","17":"downloadable","18":"virtual","19":"sold-individually","20":"purchasable","21":"product-type-simple"},"_links":{"self":[{"href":"https:\/\/gpl-love.com\/fr\/wp-json\/wp\/v2\/product\/110551","targetHints":{"allow":["GET"]}}],"collection":[{"href":"https:\/\/gpl-love.com\/fr\/wp-json\/wp\/v2\/product"}],"about":[{"href":"https:\/\/gpl-love.com\/fr\/wp-json\/wp\/v2\/types\/product"}],"replies":[{"embeddable":true,"href":"https:\/\/gpl-love.com\/fr\/wp-json\/wp\/v2\/comments?post=110551"}],"wp:featuredmedia":[{"embeddable":true,"href":"https:\/\/gpl-love.com\/fr\/wp-json\/wp\/v2\/media\/145132"}],"wp:attachment":[{"href":"https:\/\/gpl-love.com\/fr\/wp-json\/wp\/v2\/media?parent=110551"}],"wp:term":[{"taxonomy":"product_brand","embeddable":true,"href":"https:\/\/gpl-love.com\/fr\/wp-json\/wp\/v2\/product_brand?post=110551"},{"taxonomy":"product_cat","embeddable":true,"href":"https:\/\/gpl-love.com\/fr\/wp-json\/wp\/v2\/product_cat?post=110551"},{"taxonomy":"product_tag","embeddable":true,"href":"https:\/\/gpl-love.com\/fr\/wp-json\/wp\/v2\/product_tag?post=110551"}],"curies":[{"name":"wp","href":"https:\/\/api.w.org\/{rel}","templated":true}]}}