{"id":110549,"date":"2026-01-06T00:00:00","date_gmt":"2026-01-05T23:00:00","guid":{"rendered":"http:\/\/gpl-love.com\/fr\/produit\/pixwell-modern-magazine-wordpress-theme\/"},"modified":"2026-04-10T18:36:38","modified_gmt":"2026-04-10T16:36:38","slug":"pixwell-modern-magazine-wordpress-theme","status":"publish","type":"product","link":"https:\/\/gpl-love.com\/fr\/produit\/pixwell-modern-magazine-wordpress-theme\/","title":{"rendered":"Pixwell Modern Magazine WordPress Theme 11.7"},"content":{"rendered":"<h3>Pixwell Modern Magazine WordPress Theme Traits<\/h3>\n<p>Le th\u00e8me WordPress du magazine Pixwell moderne est un th\u00e8me incroyablement mall\u00e9able et convivial qui a \u00e9t\u00e9 m\u00e9ticuleusement con\u00e7u pour r\u00e9pondre sp\u00e9cifiquement aux besoins des sites Web de magazines en ligne. Il poss\u00e8de une vaste gamme de fonctionnalit\u00e9s con\u00e7ues pour fournir des options de personnalisation maximales pour les utilisateurs, telles qu&rsquo;un constructeur de page d&rsquo;accueil tr\u00e8s flexible, une s\u00e9lection impressionnante de d\u00e9mos pr\u00e9-con\u00e7ues qui se comportent sur 10, une gamme illimit\u00e9e de choix de couleurs et une vaste collection de collection de collections de personnes \u00e9tendues de la gamme illimit\u00e9e de couleurs et une vaste collection de collection de collections de personnes \u00e9tendues de la gamme illimit\u00e9e de couleurs et une vaste collection de collection de collections de personnes \u00e9tendues et d&rsquo;une collection approfondie de la collection de grandes collections de choix de couleurs et d&rsquo;une vaste collection de collection de collections de personnes \u00e9tendues et d&rsquo;une collection approfondie de collection de grandes personnes Plus de 800 polices Google pour am\u00e9liorer l&rsquo;attrait visuel du site Web. De plus, ce th\u00e8me comprend \u00e9galement un syst\u00e8me de revue remarquablement robuste, qui est sp\u00e9cifiquement con\u00e7u pour faciliter le processus transparent et efficace de r\u00e9vision et de notation de divers articles et contenu. En outre, le th\u00e8me est \u00e9quip\u00e9 d&rsquo;une fonctionnalit\u00e9 de recherche avanc\u00e9e qui est sans pr\u00e9c\u00e9dent dans son efficacit\u00e9, car elle permet aux utilisateurs de localiser sans effort des articles ou des sujets d&rsquo;int\u00e9r\u00eat sp\u00e9cifiques. De plus, l&rsquo;int\u00e9gration de diverses plateformes de m\u00e9dias sociaux dans le cadre du th\u00e8me assure un engagement am\u00e9lior\u00e9 et entra\u00eene un trafic substantiel vers le site Web. Les d\u00e9veloppeurs de Pixwell ont \u00e9galement investi des efforts consid\u00e9rables dans l&rsquo;optimisation du codage et de la mise en \u0153uvre d&rsquo;un design r\u00e9actif du th\u00e8me, qui garantit que le site Web pr\u00e9sente des temps de chargement optimaux et offre une exp\u00e9rience utilisateur sans couture et esth\u00e9tique dans tous les appareils. En outre, les mises \u00e0 jour r\u00e9guli\u00e8res sont syst\u00e9matiquement d\u00e9ploy\u00e9es pour le th\u00e8me, accompagn\u00e9es d&rsquo;un support client exemplaire, \u00e9tablissant ainsi Pixwell comme un choix extr\u00eamement fiable et efficace pour tout site Web de magazine en ligne.<\/p>\n<ul>\n<li>Design \u00e9l\u00e9gant et moderne qui convient \u00e0 tout site Web de magazine<\/li>\n<li>Builateur de page de glisser-d\u00e9poser intuitif pour une personnalisation facile et une cr\u00e9ation de mise en page<\/li>\n<li>Plusieurs mod\u00e8les pr\u00e9-con\u00e7us pour diff\u00e9rents types de contenu et de pages<\/li>\n<li>Optimis\u00e9 pour la vitesse et les performances, assurer des temps de chargement rapide pour tous les visiteurs<\/li>\n<li>Structure et code conviviaux pour le r\u00e9f\u00e9rencement, contribuant \u00e0 stimuler les classements des moteurs de recherche<\/li>\n<li>Boutons et widgets de partage social int\u00e9gr\u00e9s pour une promotion de contenu facile<\/li>\n<li>Widgets flexibles et puissants pour ajouter du contenu dynamique aux pages et articles<\/li>\n<li>Prend en charge plusieurs langues et plugins de traduction pour un public mondial<\/li>\n<li>Syst\u00e8me de gestion de publicit\u00e9 int\u00e9gr\u00e9 pour mon\u00e9tiser votre site avec des annonces d&rsquo;affichage<\/li>\n<li>Mises \u00e0 jour r\u00e9guli\u00e8res et support client pour s&rsquo;assurer que le th\u00e8me reste fonctionnel et \u00e0 jour.<\/li>\n<\/ul>\n","protected":false},"excerpt":{"rendered":"<p>Le th\u00e8me WordPress du magazine Pixwell moderne est un th\u00e8me exquis et hautement personnalisable qui est absolument id\u00e9al pour tout magazine en ligne ou site Web d&rsquo;actualit\u00e9s, capable de captiver sans effort l&rsquo;attention de votre lectorat avec sa conception de pointe et rationalis\u00e9e. Il convient de mentionner que ce th\u00e8me est con\u00e7u pour \u00eatre enti\u00e8rement r\u00e9actif, garantissant une exp\u00e9rience utilisateur constamment lisse et transparente sur tous les appareils, quelle que soit la taille ou l&rsquo;orientation de l&rsquo;\u00e9cran. En outre, ce th\u00e8me offre une large gamme d&rsquo;options de personnalisation, vous permettant d&rsquo;adapter tous les aspects de la disposition, du jeu de couleurs et de la s\u00e9lection de polices de votre site \u00e0 vos sp\u00e9cifications exactes, cr\u00e9ant ainsi une identit\u00e9 visuelle unique et vraiment personnalis\u00e9e. B\u00e9n\u00e9ficiant d&rsquo;une pl\u00e9thore de fonctionnalit\u00e9s puissantes et innovantes, ainsi que d&rsquo;une interface intuitive et conviviale, Pixwell s&rsquo;\u00e9tablit sans \u00e9quivoque comme le choix ultime pour tout site de magazine ou d&rsquo;information WordPress.<\/p>\n","protected":false},"featured_media":144989,"comment_status":"open","ping_status":"open","template":"","meta":[],"product_brand":[2433],"product_cat":[1220,1212,1213],"product_tag":[1366],"class_list":{"0":"post-110549","1":"product","2":"type-product","3":"status-publish","4":"has-post-thumbnail","6":"product_brand-themeforest","7":"product_cat-blog-magazine","8":"product_cat-themes","9":"product_cat-wordpress-themes","10":"product_tag-themeforest","11":"member-discount","12":"discount-restricted","14":"first","15":"instock","16":"sale","17":"downloadable","18":"virtual","19":"sold-individually","20":"purchasable","21":"product-type-simple"},"_links":{"self":[{"href":"https:\/\/gpl-love.com\/fr\/wp-json\/wp\/v2\/product\/110549","targetHints":{"allow":["GET"]}}],"collection":[{"href":"https:\/\/gpl-love.com\/fr\/wp-json\/wp\/v2\/product"}],"about":[{"href":"https:\/\/gpl-love.com\/fr\/wp-json\/wp\/v2\/types\/product"}],"replies":[{"embeddable":true,"href":"https:\/\/gpl-love.com\/fr\/wp-json\/wp\/v2\/comments?post=110549"}],"wp:featuredmedia":[{"embeddable":true,"href":"https:\/\/gpl-love.com\/fr\/wp-json\/wp\/v2\/media\/144989"}],"wp:attachment":[{"href":"https:\/\/gpl-love.com\/fr\/wp-json\/wp\/v2\/media?parent=110549"}],"wp:term":[{"taxonomy":"product_brand","embeddable":true,"href":"https:\/\/gpl-love.com\/fr\/wp-json\/wp\/v2\/product_brand?post=110549"},{"taxonomy":"product_cat","embeddable":true,"href":"https:\/\/gpl-love.com\/fr\/wp-json\/wp\/v2\/product_cat?post=110549"},{"taxonomy":"product_tag","embeddable":true,"href":"https:\/\/gpl-love.com\/fr\/wp-json\/wp\/v2\/product_tag?post=110549"}],"curies":[{"name":"wp","href":"https:\/\/api.w.org\/{rel}","templated":true}]}}