{"id":110547,"date":"2026-02-14T00:00:00","date_gmt":"2026-02-13T23:00:00","guid":{"rendered":"http:\/\/gpl-love.com\/fr\/produit\/recaptcha-for-woocommerce\/"},"modified":"2026-04-10T18:37:53","modified_gmt":"2026-04-10T16:37:53","slug":"recaptcha-for-woocommerce","status":"publish","type":"product","link":"https:\/\/gpl-love.com\/fr\/produit\/recaptcha-for-woocommerce\/","title":{"rendered":"ReCaptcha pour WooCommerce 2.72"},"content":{"rendered":"<h3>ReCaptcha pour WooCommerce Traits<\/h3>\n<p>L&rsquo;utilisation de RecaptCha pour WooCommerce sert de m\u00e9canisme efficace pour les entreprises en ligne, leur permettant de fortifier leurs d\u00e9fenses contre les menaces pernicieuses pos\u00e9es par le spam et la fraude. En incorporant ce plugin dans leur infrastructure num\u00e9rique, les propri\u00e9taires de sites Web peuvent d\u00e9ployer efficacement la technologie RecaptCha de pointe de Google sur des pages critiques telles que la page de paiement, la page de connexion et les formulaires d&rsquo;enregistrement, ce qui les rend imperm\u00e9ables aux activit\u00e9s n\u00e9fastes des robots automatis\u00e9s et de l&rsquo;utilisateur furtif comptes. De plus, le processus d&rsquo;installation transparent et l&rsquo;interface conviviale de ce plugin garantissent une exp\u00e9rience superlative pour les clients. En outre, RecaptCha pour WooCommerce a pour objectif de permettre aux propri\u00e9taires de sites de rester enti\u00e8rement conformes aux r\u00e9glementations de confidentialit\u00e9, car il sert de rempart contre les violations de donn\u00e9es potentielles et garantit les informations personnelles de leur client\u00e8le estim\u00e9e. L&#8217;emploi de cette solution de s\u00e9curit\u00e9 de pointe est sans \u00e9quivoque indispensable \u00e0 toute entreprise en ligne qui aspire \u00e0 prot\u00e9ger leur \u00e9cosyst\u00e8me num\u00e9rique et \u00e0 \u00e9riger une obstacle formidable contre les entreprises frauduleuses.<\/p>\n<ul>\n<li>S\u00e9curisez votre boutique en ligne \u00e0 partir de spam et d&rsquo;attaques malveillantes avec recaptcha pour woocommerce<\/li>\n<li>Prot\u00e9gez les informations de vos clients avec une s\u00e9curit\u00e9 avanc\u00e9e en utilisant l&rsquo;API RecaptCha de Google<\/li>\n<li>Int\u00e9grez de mani\u00e8re transparente RecaptCha dans votre magasin WooCommerce avec le plugin facile \u00e0 utiliser<\/li>\n<li>Choisissez parmi diff\u00e9rents types de recaptcha, y compris la bo\u00eete \u00e0 cocher, Invisible et V3, pour r\u00e9pondre aux besoins de votre site Web<\/li>\n<li>Personnalisez la conception RecaptCha pour correspondre \u00e0 la marque et au style de votre site Web<\/li>\n<li>Configurez RecaptCha en quelques clics pour commencer \u00e0 profiter de la s\u00e9curit\u00e9 et de la confiance des clients am\u00e9lior\u00e9s<\/li>\n<li>B\u00e9n\u00e9ficier de mises \u00e0 jour automatis\u00e9es et d&rsquo;assistance pour vous assurer que votre site Web reste prot\u00e9g\u00e9 \u00e0 tout moment<\/li>\n<li>Augmentez votre classement de moteur de recherche et la fid\u00e9lit\u00e9 \u00e0 la client\u00e8le en offrant une exp\u00e9rience d&rsquo;achat s\u00fbre et sans spam<\/li>\n<li>Choisissez une solution rentable avec des plans de prix flexibles pour s&rsquo;adapter \u00e0 tout budget.<\/li>\n<\/ul>\n","protected":false},"excerpt":{"rendered":"<p>L&rsquo;entr\u00e9e: RecaptCha pour le plugin WooCommerce est un outil incroyablement robuste qui offre une int\u00e9gration transparente avec Google Recaptcha, augmentant la s\u00e9curit\u00e9 de votre boutique en ligne construite sur la plate-forme WooCommerce. En incorporant une couche suppl\u00e9mentaire de protection \u00e0 vos pages de paiement, formulaires de connexion et autres sections cruciales de votre site Web, ce plugin prot\u00e8ge efficacement votre magasin \u00e0 partir du spam et de l&rsquo;acc\u00e8s non autoris\u00e9. Avec la contribution: recaptcha pour WooCommerce, vous pouvez exploiter votre boutique en ligne en toute confiance, sachant qu&rsquo;il est sauvegard\u00e9 et s\u00e9curis\u00e9 \u00e0 chaque instant. N&rsquo;attendez plus pour ressentir la multitude d&rsquo;avantages offerts par ce puissant plugin &#8211; prenez l&rsquo;initiative aujourd&rsquo;hui!<\/p>\n","protected":false},"featured_media":145093,"comment_status":"open","ping_status":"open","template":"","meta":[],"product_brand":[2440],"product_cat":[1183,1182,1181],"product_tag":[1398],"class_list":{"0":"post-110547","1":"product","2":"type-product","3":"status-publish","4":"has-post-thumbnail","6":"product_brand-woocommerce","7":"product_cat-administration","8":"product_cat-commerce-electronique-plugins","9":"product_cat-plugins","10":"product_tag-woocommerce","11":"member-discount","12":"discount-restricted","14":"first","15":"instock","16":"sale","17":"downloadable","18":"virtual","19":"sold-individually","20":"purchasable","21":"product-type-simple"},"_links":{"self":[{"href":"https:\/\/gpl-love.com\/fr\/wp-json\/wp\/v2\/product\/110547","targetHints":{"allow":["GET"]}}],"collection":[{"href":"https:\/\/gpl-love.com\/fr\/wp-json\/wp\/v2\/product"}],"about":[{"href":"https:\/\/gpl-love.com\/fr\/wp-json\/wp\/v2\/types\/product"}],"replies":[{"embeddable":true,"href":"https:\/\/gpl-love.com\/fr\/wp-json\/wp\/v2\/comments?post=110547"}],"wp:featuredmedia":[{"embeddable":true,"href":"https:\/\/gpl-love.com\/fr\/wp-json\/wp\/v2\/media\/145093"}],"wp:attachment":[{"href":"https:\/\/gpl-love.com\/fr\/wp-json\/wp\/v2\/media?parent=110547"}],"wp:term":[{"taxonomy":"product_brand","embeddable":true,"href":"https:\/\/gpl-love.com\/fr\/wp-json\/wp\/v2\/product_brand?post=110547"},{"taxonomy":"product_cat","embeddable":true,"href":"https:\/\/gpl-love.com\/fr\/wp-json\/wp\/v2\/product_cat?post=110547"},{"taxonomy":"product_tag","embeddable":true,"href":"https:\/\/gpl-love.com\/fr\/wp-json\/wp\/v2\/product_tag?post=110547"}],"curies":[{"name":"wp","href":"https:\/\/api.w.org\/{rel}","templated":true}]}}