{"id":110545,"date":"2026-04-16T00:00:00","date_gmt":"2026-04-15T22:00:00","guid":{"rendered":"http:\/\/gpl-love.com\/fr\/produit\/ultimate-affiliate-pro\/"},"modified":"2026-04-17T00:31:14","modified_gmt":"2026-04-16T22:31:14","slug":"ultimate-affiliate-pro","status":"publish","type":"product","link":"https:\/\/gpl-love.com\/fr\/produit\/ultimate-affiliate-pro\/","title":{"rendered":"Ultimate Affiliate Pro 9.5.6"},"content":{"rendered":"<h3>Ultimate Affiliate Pro Traits<\/h3>\n<p>Ultimate Affiliate Pro, un plugin WordPress tr\u00e8s influent, a \u00e9t\u00e9 m\u00e9ticuleusement con\u00e7u pour r\u00e9pondre aux besoins des entreprises cherchant \u00e0 \u00e9tendre leur r\u00e9seau d&rsquo;affiliation et \u00e0 renforcer leurs ventes. B\u00e9n\u00e9ficiant d&rsquo;une pl\u00e9thore de fonctionnalit\u00e9s de pointe, allant des subtilit\u00e9s complexes du marketing \u00e0 plusieurs niveaux \u00e0 la gamme diversifi\u00e9e de types de commissions et \u00e0 l&rsquo;incorporation de codes de r\u00e9duction, ce plugin permet \u00e0 ses utilisateurs de fa\u00e7onner les structures de commission sur mesure et les incitations attrayantes, ce qui impr\u00e8gne ainsi leur Les affili\u00e9s \u00e0 l&rsquo;\u00e9lan pour d\u00e9fendre avec ferveur leurs produits ou services. En outre, le plugin offre un tableau de bord intuitif, rempli de fonctionnalit\u00e9s conviviales, ainsi que de rapports complets et de notifications instantan\u00e9es, qui facilitent tous deux de mani\u00e8re transparente la surveillance des performances et l&rsquo;optimisation du programme d&rsquo;affiliation. En totalit\u00e9, Ultimate Affiliate Pro pr\u00e9sente les entreprises avec une suite d&rsquo;outils in\u00e9gal\u00e9e, garantissant la gestion comp\u00e9tente de leurs programmes d&rsquo;affiliation et propulsant la trajectoire de la croissance des revenus.<\/p>\n<ul>\n<li>Solution tout-en-un pour cr\u00e9er et g\u00e9rer un programme d&rsquo;affiliation pour votre entreprise<\/li>\n<li>Taux et r\u00e8gles de commission personnalisables pour les affili\u00e9s<\/li>\n<li>Suivi et rapport en temps r\u00e9el des performances et commissions d&rsquo;affiliation<\/li>\n<li>Option pour offrir des commissions \u00e0 vie pour les r\u00e9f\u00e9rences<\/li>\n<li>Plusieurs options de paiement, y compris PayPal et Transfert bancaire<\/li>\n<li>Int\u00e9gration avec des plateformes de commerce \u00e9lectronique populaires, y compris WooCommerce et les t\u00e9l\u00e9chargements num\u00e9riques faciles<\/li>\n<li>Tiers et niveaux d&rsquo;affiliation illimit\u00e9s pour des structures de commission plus complexes<\/li>\n<li>Outils de marketing int\u00e9gr\u00e9s, y compris les mod\u00e8les de messagerie et les banni\u00e8res \u00e0 utiliser<\/li>\n<li>Option pour configurer des paiements d&rsquo;affiliation automatique et des commissions r\u00e9currentes<\/li>\n<li>Tableau de bord convivial pour les administrateurs et les affili\u00e9s pour naviguer facilement et g\u00e9rer leurs comptes.<\/li>\n<\/ul>\n","protected":false},"excerpt":{"rendered":"<p>L&rsquo;Ultimate Affiliate Pro est un plugin extr\u00eamement puissant et influent qui vous donne la capacit\u00e9 d&rsquo;administrer et de surveiller efficacement vos affili\u00e9s. Ce plugin extraordinaire fournit une vaste gamme de fonctionnalit\u00e9s, englobant le marketing \u00e0 plusieurs niveaux, un nombre illimit\u00e9 de campagnes d&rsquo;affiliation, des notifications par e-mail personnalis\u00e9es et adaptables, un suivi des commissions m\u00e9ticuleux et une pl\u00e9thore d&rsquo;autres attributs pr\u00e9cieux. Avec l&rsquo;utilisation de l&rsquo;Ultimate Affiliate Pro, vous pouvez cultiver et superviser sans effort vos programmes d&rsquo;affiliation, facilitant ainsi l&rsquo;augmentation du trafic du site Web et une augmentation substantielle des ventes. Par cons\u00e9quent, que vous poss\u00e9diez une vaste exp\u00e9rience dans le domaine du marketing d&rsquo;affiliation ou que vous vous lancez simplement dans cette entreprise, ce plugin remarquable est sans \u00e9quivoque comme l&rsquo;instrument optimal pour la gestion de vos affili\u00e9s et l&rsquo;optimisation de votre entreprise virtuelle.<\/p>\n","protected":false},"featured_media":145632,"comment_status":"open","ping_status":"open","template":"","meta":[],"product_brand":[2435],"product_cat":[1191,1181,1186],"product_tag":[1231],"class_list":{"0":"post-110545","1":"product","2":"type-product","3":"status-publish","4":"has-post-thumbnail","6":"product_brand-codecanyon","7":"product_cat-formes","8":"product_cat-plugins","9":"product_cat-wordpress-plugins","10":"product_tag-codecanyon","11":"member-discount","12":"discount-restricted","14":"first","15":"instock","16":"sale","17":"downloadable","18":"virtual","19":"sold-individually","20":"purchasable","21":"product-type-simple"},"_links":{"self":[{"href":"https:\/\/gpl-love.com\/fr\/wp-json\/wp\/v2\/product\/110545","targetHints":{"allow":["GET"]}}],"collection":[{"href":"https:\/\/gpl-love.com\/fr\/wp-json\/wp\/v2\/product"}],"about":[{"href":"https:\/\/gpl-love.com\/fr\/wp-json\/wp\/v2\/types\/product"}],"replies":[{"embeddable":true,"href":"https:\/\/gpl-love.com\/fr\/wp-json\/wp\/v2\/comments?post=110545"}],"wp:featuredmedia":[{"embeddable":true,"href":"https:\/\/gpl-love.com\/fr\/wp-json\/wp\/v2\/media\/145632"}],"wp:attachment":[{"href":"https:\/\/gpl-love.com\/fr\/wp-json\/wp\/v2\/media?parent=110545"}],"wp:term":[{"taxonomy":"product_brand","embeddable":true,"href":"https:\/\/gpl-love.com\/fr\/wp-json\/wp\/v2\/product_brand?post=110545"},{"taxonomy":"product_cat","embeddable":true,"href":"https:\/\/gpl-love.com\/fr\/wp-json\/wp\/v2\/product_cat?post=110545"},{"taxonomy":"product_tag","embeddable":true,"href":"https:\/\/gpl-love.com\/fr\/wp-json\/wp\/v2\/product_tag?post=110545"}],"curies":[{"name":"wp","href":"https:\/\/api.w.org\/{rel}","templated":true}]}}