{"id":110544,"date":"2026-01-28T00:00:00","date_gmt":"2026-01-27T23:00:00","guid":{"rendered":"http:\/\/gpl-love.com\/fr\/produit\/amelia-enterprise-level-appointment-booking-wordpress-plugin\/"},"modified":"2026-04-01T00:30:12","modified_gmt":"2026-03-31T22:30:12","slug":"amelia-enterprise-level-appointment-booking-wordpress-plugin","status":"publish","type":"product","link":"https:\/\/gpl-love.com\/fr\/produit\/amelia-enterprise-level-appointment-booking-wordpress-plugin\/","title":{"rendered":"Amelia Enterprise Level Appointment Booking WordPress Plugin 9.3"},"content":{"rendered":"<h3>Amelia Enterprise Level Appointment Booking WordPress Plugin Traits<\/h3>\n<p>Le plugin WordPress de rendez-vous Amelia Enterprise Romenment est un outil global qui a \u00e9t\u00e9 sp\u00e9cialement cr\u00e9\u00e9 pour faciliter le processus de r\u00e9servation de rendez-vous pour les entreprises, quelle que soit leur taille. Ce plugin remarquable poss\u00e8de une interface conviviale qui est incroyablement facile \u00e0 naviguer, associ\u00e9e \u00e0 une vaste gamme de fonctionnalit\u00e9s qui garantissent la gestion de rendez-vous transparente, l&rsquo;organisation de planification et l&rsquo;administration des clients, tous consolid\u00e9s en une seule plate-forme pratique. Ce qui distingue Amelia des autres plugins, c&rsquo;est son niveau de personnalisation sans pr\u00e9c\u00e9dent, permettant aux entreprises d&rsquo;adapter le plugin \u00e0 leurs besoins et exigences individuels. De plus, Amelia offre une pl\u00e9thore de fonctionnalit\u00e9s avanc\u00e9es, telles que l&rsquo;int\u00e9gration transparente avec des passerelles de paiement populaires, des notifications par e-mail rapides et une synchronisation en temps r\u00e9el avec divers calendriers. Par cons\u00e9quent, que vous soyez exploit\u00e9 une entreprise de taille modeste ou une entit\u00e9 d&rsquo;entreprise colossale, le plugin WordPress de rendez-vous de rendez-vous de niveau Amelia d&rsquo;entreprise sert de solution optimale pour optimiser votre processus de r\u00e9servation de rendez-vous et augmenter l&rsquo;exp\u00e9rience client globale.<\/p>\n<ul>\n<li>Un puissant plugin WordPress pour la r\u00e9servation de rendez-vous avanc\u00e9e<\/li>\n<li>Caract\u00e9ristiques au niveau de l&rsquo;entreprise pour les besoins de r\u00e9servation \u00e0 haut volume<\/li>\n<li>Pages de r\u00e9servation personnalisables et e-mails de confirmation<\/li>\n<li>Vues de calendrier multiples pour une gestion de planification facile<\/li>\n<li>R\u00e8gles et options de r\u00e9servation flexibles pour divers types de rendez-vous<\/li>\n<li>Int\u00e9gration avec des passerelles de paiement populaires pour un traitement de paiement facile<\/li>\n<li>Int\u00e9gration transparente avec des applications tierces comme le CRM et les outils de marketing par e-mail<\/li>\n<li>Rapports avanc\u00e9s et analyses pour le suivi des donn\u00e9es et des performances de r\u00e9servation<\/li>\n<li>\u00c9quipe de support d\u00e9di\u00e9e pour une assistance rapide et un d\u00e9pannage<\/li>\n<li>Interface simple et conviviale pour une configuration et une personnalisation faciles.<\/li>\n<\/ul>\n","protected":false},"excerpt":{"rendered":"<p>Pr\u00e9sentation d&rsquo;Amelia, le plugin WordPress sophistiqu\u00e9 et puissant de r\u00e9servation de rendez-vous en entreprise con\u00e7u pour les entreprises de toutes \u00e9chelles. Amelia simplifie le processus de r\u00e9servation, permettant aux clients potentiels de planifier des rendez-vous directement \u00e0 partir de votre site Web, en am\u00e9liorant leur exp\u00e9rience utilisateur globale. Il est dynamique, convivial et propose un syst\u00e8me automatis\u00e9, en vous assurant de ne plus jamais manquer un rendez-vous. Avec Amelia, vous pouvez g\u00e9rer plusieurs emplacements, services et employ\u00e9s, ce qui en fait un excellent choix pour les grandes entreprises. Il est facile \u00e0 configurer, s&rsquo;int\u00e8gre parfaitement \u00e0 WordPress et est livr\u00e9 avec une gamme de fonctionnalit\u00e9s personnalisables que vous pouvez adapter aux besoins de votre entreprise. \u00c9levez votre pr\u00e9sence en ligne, am\u00e9liorez la commodit\u00e9 des clients et soyez plus de r\u00e9servations avec Amelia, le plugin WordPress ultime pour une gestion efficace des rendez-vous.<\/p>\n","protected":false},"featured_media":143118,"comment_status":"open","ping_status":"open","template":"","meta":[],"product_brand":[2435],"product_cat":[1189,1181,1186],"product_tag":[1231],"class_list":{"0":"post-110544","1":"product","2":"type-product","3":"status-publish","4":"has-post-thumbnail","6":"product_brand-codecanyon","7":"product_cat-personnalisation","8":"product_cat-plugins","9":"product_cat-wordpress-plugins","10":"product_tag-codecanyon","11":"member-discount","12":"discount-restricted","14":"first","15":"instock","16":"sale","17":"downloadable","18":"virtual","19":"sold-individually","20":"purchasable","21":"product-type-simple"},"_links":{"self":[{"href":"https:\/\/gpl-love.com\/fr\/wp-json\/wp\/v2\/product\/110544","targetHints":{"allow":["GET"]}}],"collection":[{"href":"https:\/\/gpl-love.com\/fr\/wp-json\/wp\/v2\/product"}],"about":[{"href":"https:\/\/gpl-love.com\/fr\/wp-json\/wp\/v2\/types\/product"}],"replies":[{"embeddable":true,"href":"https:\/\/gpl-love.com\/fr\/wp-json\/wp\/v2\/comments?post=110544"}],"wp:featuredmedia":[{"embeddable":true,"href":"https:\/\/gpl-love.com\/fr\/wp-json\/wp\/v2\/media\/143118"}],"wp:attachment":[{"href":"https:\/\/gpl-love.com\/fr\/wp-json\/wp\/v2\/media?parent=110544"}],"wp:term":[{"taxonomy":"product_brand","embeddable":true,"href":"https:\/\/gpl-love.com\/fr\/wp-json\/wp\/v2\/product_brand?post=110544"},{"taxonomy":"product_cat","embeddable":true,"href":"https:\/\/gpl-love.com\/fr\/wp-json\/wp\/v2\/product_cat?post=110544"},{"taxonomy":"product_tag","embeddable":true,"href":"https:\/\/gpl-love.com\/fr\/wp-json\/wp\/v2\/product_tag?post=110544"}],"curies":[{"name":"wp","href":"https:\/\/api.w.org\/{rel}","templated":true}]}}