{"id":110483,"date":"2024-02-05T00:00:00","date_gmt":"2024-02-04T23:00:00","guid":{"rendered":"http:\/\/gpl-love.com\/fr\/produit\/butcher-meat-shop-woocommerce-wordpress-theme\/"},"modified":"2026-03-20T22:57:48","modified_gmt":"2026-03-20T21:57:48","slug":"butcher-meat-shop-woocommerce-wordpress-theme","status":"publish","type":"product","link":"https:\/\/gpl-love.com\/fr\/produit\/butcher-meat-shop-woocommerce-wordpress-theme\/","title":{"rendered":"Butcher Meat Shop WooCommerce WordPress Theme 2.36"},"content":{"rendered":"<h3>Butcher Meat Shop WooCommerce WordPress Theme Traits<\/h3>\n<p>Le th\u00e8me WordPress WooCommerce WOOCOMMERCE est une solution incroyablement id\u00e9ale pour les propri\u00e9taires d&rsquo;entreprise qui souhaitent \u00e9tablir une boutique en ligne professionnelle et contemporaine pour leur boutique de viande. Ce th\u00e8me remarquable poss\u00e8de une compatibilit\u00e9 avec WooCommerce, accordant aux utilisateurs la capacit\u00e9 pratique de g\u00e9rer sans effort leur inventaire de produits, de commandes et de paiements de traitement, et de fournir aux clients une exp\u00e9rience de magasinage transparente et d\u00e9licieuse. Avec son design \u00e9l\u00e9gant et personnalisable, le th\u00e8me de la boutique de viande de boucherie permet aux utilisateurs de pr\u00e9senter leurs produits de mani\u00e8re visuellement captivante, tout en offrant une gamme de fonctionnalit\u00e9s impressionnantes, y compris une disposition r\u00e9active, un panneau d&rsquo;administration convivial, des widgets personnalisables et un assortiment de assortiment de assortiment de convivialit\u00e9, des widgets personnalisables et un assortiment de assortiment de l&rsquo;assortiment, et un assortiment de assortiment de convivialit\u00e9 Autres attributs b\u00e9n\u00e9fiques. Que vous vous lanciez dans le voyage de d\u00e9marrer une toute nouvelle boutique en ligne ou que vous cherchiez \u00e0 rajeunir une nouvelle boutique existante, il est \u00e9vident sans \u00e9quivoque que le th\u00e8me WOOCOMMERCE WORDPRESS WOOCOMMERCE sera un choix exceptionnel et astucieux pour votre entreprise estim\u00e9e.<\/p>\n<ul>\n<li>Bucherie et th\u00e8me de la bouche de viande con\u00e7us par des professionnels pour WordPress<\/li>\n<li>Enti\u00e8rement personnalisable pour r\u00e9pondre aux besoins et \u00e0 la marque de votre entreprise<\/li>\n<li>La conception r\u00e9active garantit que votre site Web a fi\u00e8re allure sur tous les appareils<\/li>\n<li>La fonctionnalit\u00e9 WooCommerce int\u00e9gr\u00e9e permet des ventes en ligne faciles de vos produits<\/li>\n<li>Pr\u00e9sentez vos viandes avec des images de haute qualit\u00e9 et des descriptions de produits<\/li>\n<li>Importation de d\u00e9monstration en un clic pour configurer rapidement votre site Web<\/li>\n<li>Comprend une vari\u00e9t\u00e9 de pages pr\u00e9-construites pour une section \u00e0 propos de nous, une FAQ, des services et plus<\/li>\n<li>Les boutons et formulaires de contact sociaux int\u00e9gr\u00e9s facilitent la connexion avec les clients<\/li>\n<li>SEO optimis\u00e9 pour am\u00e9liorer le classement des moteurs de recherche<\/li>\n<li>Mises \u00e0 jour de th\u00e8me r\u00e9guli\u00e8res et excellent support client du d\u00e9veloppeur de th\u00e8me.<\/li>\n<\/ul>\n","protected":false},"excerpt":{"rendered":"<p>Pr\u00e9sentation de notre th\u00e8me WOOCOMMERCE WORDPRESS WOOCOMMERCE WORDOCMERCE, une solution id\u00e9ale pour votre boutique de viande en ligne. Ce th\u00e8me r\u00e9actif est rempli de fonctionnalit\u00e9s con\u00e7ues pour \u00e9lever votre entreprise. Avec son int\u00e9gration WooCommerce, vous pouvez facilement g\u00e9rer votre inventaire, traiter les transactions et surveiller vos ventes. Le th\u00e8me est bas\u00e9 sur WordPress, vous offrant une interface conviviale et la flexibilit\u00e9 pour personnaliser le site pour s&rsquo;adapter \u00e0 l&rsquo;image de votre marque. Notre th\u00e8me est \u00e9galement r\u00e9actif mobile, garantissant que vos clients peuvent magasiner \u00e0 partir de n&rsquo;importe quel appareil. Le th\u00e8me WordPress WooCommerce WOOCOMMERCE est l&rsquo;outil num\u00e9rique parfait pour apporter votre boucherie en ligne et augmenter vos ventes. Il est temps de tailler votre pr\u00e9sence en ligne avec la conception et les fonctionnalit\u00e9s de premier ordre de notre th\u00e8me.<\/p>\n","protected":false},"featured_media":143342,"comment_status":"open","ping_status":"open","template":"","meta":[],"product_brand":[2487],"product_cat":[1516,1212,1213],"product_tag":[1437],"class_list":{"0":"post-110483","1":"product","2":"type-product","3":"status-publish","4":"has-post-thumbnail","6":"product_brand-yith","7":"product_cat-entreprise","8":"product_cat-themes","9":"product_cat-wordpress-themes","10":"product_tag-yith","11":"member-discount","12":"discount-restricted","14":"first","15":"instock","16":"sale","17":"downloadable","18":"virtual","19":"sold-individually","20":"purchasable","21":"product-type-simple"},"_links":{"self":[{"href":"https:\/\/gpl-love.com\/fr\/wp-json\/wp\/v2\/product\/110483","targetHints":{"allow":["GET"]}}],"collection":[{"href":"https:\/\/gpl-love.com\/fr\/wp-json\/wp\/v2\/product"}],"about":[{"href":"https:\/\/gpl-love.com\/fr\/wp-json\/wp\/v2\/types\/product"}],"replies":[{"embeddable":true,"href":"https:\/\/gpl-love.com\/fr\/wp-json\/wp\/v2\/comments?post=110483"}],"wp:featuredmedia":[{"embeddable":true,"href":"https:\/\/gpl-love.com\/fr\/wp-json\/wp\/v2\/media\/143342"}],"wp:attachment":[{"href":"https:\/\/gpl-love.com\/fr\/wp-json\/wp\/v2\/media?parent=110483"}],"wp:term":[{"taxonomy":"product_brand","embeddable":true,"href":"https:\/\/gpl-love.com\/fr\/wp-json\/wp\/v2\/product_brand?post=110483"},{"taxonomy":"product_cat","embeddable":true,"href":"https:\/\/gpl-love.com\/fr\/wp-json\/wp\/v2\/product_cat?post=110483"},{"taxonomy":"product_tag","embeddable":true,"href":"https:\/\/gpl-love.com\/fr\/wp-json\/wp\/v2\/product_tag?post=110483"}],"curies":[{"name":"wp","href":"https:\/\/api.w.org\/{rel}","templated":true}]}}