{"id":110481,"date":"2025-10-28T00:00:00","date_gmt":"2025-10-27T23:00:00","guid":{"rendered":"http:\/\/gpl-love.com\/fr\/produit\/capie-minimal-creative-woocommerce-wordpress-theme\/"},"modified":"2026-03-20T22:57:56","modified_gmt":"2026-03-20T21:57:56","slug":"capie-minimal-creative-woocommerce-wordpress-theme","status":"publish","type":"product","link":"https:\/\/gpl-love.com\/fr\/produit\/capie-minimal-creative-woocommerce-wordpress-theme\/","title":{"rendered":"Capie Minimal Creative WooCommerce WordPress Theme 1.0.55"},"content":{"rendered":"<h3>Capie Minimal Creative WooCommerce WordPress Theme Traits<\/h3>\n<p>Capie Minimal Creative WooCommerce WordPress Th\u00e8me, un th\u00e8me r\u00e9put\u00e9 pour son haut niveau de personnalisation et de polyvalence, est la quintessence de l&rsquo;excellence en ce qui concerne les magasins en ligne et divers autres sites Web cr\u00e9atifs. B\u00e9n\u00e9ficiant d&rsquo;un design \u00e9l\u00e9gant et moderne, Capie offre aux utilisateurs une exp\u00e9rience in\u00e9gal\u00e9e et sans couture, accompagn\u00e9e d&rsquo;une vaste gamme de fonctionnalit\u00e9s qui permettent la personnalisation du site Web sans effort, sp\u00e9cialement con\u00e7ue pour r\u00e9pondre \u00e0 vos exigences individuelles. Que votre objectif implique la vente de produits dans le domaine virtuel ou l&rsquo;affichage de vos efforts cr\u00e9atifs, Capie englobe tous les outils n\u00e9cessaires pour fa\u00e7onner un site Web qui est \u00e0 la fois visuellement frappant et captivant. Gr\u00e2ce \u00e0 sa formidable int\u00e9gration avec WooCommerce, \u00e0 la gestion de vos produits, \u00e0 la surveillance des commandes, et beaucoup plus devient une entreprise sans effort. Ainsi, si votre qu\u00eate implique un th\u00e8me qui se caract\u00e9rise par sa flexibilit\u00e9, sa nature conviviale et ses fonctionnalit\u00e9s remarquables, Capie appara\u00eet sans effort comme le choix id\u00e9al pour vous.<\/p>\n<ul>\n<li>Design propre et moderne<\/li>\n<li>Compatible avec WooCommerce<\/li>\n<li>Builder de page glisser-d\u00e9poser<\/li>\n<li>Pays de page multiples<\/li>\n<li>Conception enti\u00e8rement r\u00e9active<\/li>\n<li>Options de personnalisation faciles<\/li>\n<li>Compatible avec des plugins populaires comme le formulaire de contact 7 et le r\u00e9f\u00e9rencement Yoast<\/li>\n<li>Int\u00e9gration Google Fonts<\/li>\n<li>Fonction d&rsquo;importation de d\u00e9monstration en un clic<\/li>\n<li>Int\u00e9gration des m\u00e9dias sociaux<\/li>\n<li>Bien document\u00e9 avec des tutoriels vid\u00e9o et une documentation de support.<\/li>\n<\/ul>\n","protected":false},"excerpt":{"rendered":"<p>Lib\u00e9rez votre cr\u00e9ativit\u00e9 avec le th\u00e8me WOTOCRYPRESS WOOCOMMERCE CR\u00c9ATIVE CARIATIF CAPIE. Ce th\u00e8me innovant est la plate-forme parfaite pour ceux qui souhaitent cr\u00e9er une boutique en ligne \u00e9l\u00e9gante et moderne. Profitez de la facilit\u00e9 et de la flexibilit\u00e9 de WooCommerce, la principale plateforme de commerce \u00e9lectronique au monde, tout en b\u00e9n\u00e9ficiant d&rsquo;une gamme de fonctionnalit\u00e9s uniques. Capie offre un design minimaliste, permettant \u00e0 vos produits de prendre le devant de la sc\u00e8ne. Le th\u00e8me est convivial pour le r\u00e9f\u00e9rencement, aidant votre magasin plus haut sur les r\u00e9sultats des moteurs de recherche. Il est \u00e9galement enti\u00e8rement r\u00e9actif, garantissant que votre site est parfait sur n&rsquo;importe quel appareil. Le th\u00e8me comprend une vari\u00e9t\u00e9 d&rsquo;options de mise en page, vous permettant de personnaliser votre magasin pour s&rsquo;adapter \u00e0 l&rsquo;esth\u00e9tique de votre marque. Avec Capie, vous pouvez facilement g\u00e9rer votre inventaire, suivre les commandes et interagir avec les clients, le tout \u00e0 partir de la commodit\u00e9 de votre tableau de bord WordPress. Choisissez Capie pour une exp\u00e9rience de commerce \u00e9lectronique rationalis\u00e9e et professionnelle.<\/p>\n","protected":false},"featured_media":143350,"comment_status":"open","ping_status":"open","template":"","meta":[],"product_brand":[2487],"product_cat":[1238,1444,1212],"product_tag":[1437],"class_list":{"0":"post-110481","1":"product","2":"type-product","3":"status-publish","4":"has-post-thumbnail","6":"product_brand-yith","7":"product_cat-commerce-electronique-themes","8":"product_cat-creatif-commerce-electronique-themes","9":"product_cat-themes","10":"product_tag-yith","11":"member-discount","12":"discount-restricted","14":"first","15":"instock","16":"sale","17":"downloadable","18":"virtual","19":"sold-individually","20":"purchasable","21":"product-type-simple"},"_links":{"self":[{"href":"https:\/\/gpl-love.com\/fr\/wp-json\/wp\/v2\/product\/110481","targetHints":{"allow":["GET"]}}],"collection":[{"href":"https:\/\/gpl-love.com\/fr\/wp-json\/wp\/v2\/product"}],"about":[{"href":"https:\/\/gpl-love.com\/fr\/wp-json\/wp\/v2\/types\/product"}],"replies":[{"embeddable":true,"href":"https:\/\/gpl-love.com\/fr\/wp-json\/wp\/v2\/comments?post=110481"}],"wp:featuredmedia":[{"embeddable":true,"href":"https:\/\/gpl-love.com\/fr\/wp-json\/wp\/v2\/media\/143350"}],"wp:attachment":[{"href":"https:\/\/gpl-love.com\/fr\/wp-json\/wp\/v2\/media?parent=110481"}],"wp:term":[{"taxonomy":"product_brand","embeddable":true,"href":"https:\/\/gpl-love.com\/fr\/wp-json\/wp\/v2\/product_brand?post=110481"},{"taxonomy":"product_cat","embeddable":true,"href":"https:\/\/gpl-love.com\/fr\/wp-json\/wp\/v2\/product_cat?post=110481"},{"taxonomy":"product_tag","embeddable":true,"href":"https:\/\/gpl-love.com\/fr\/wp-json\/wp\/v2\/product_tag?post=110481"}],"curies":[{"name":"wp","href":"https:\/\/api.w.org\/{rel}","templated":true}]}}