{"id":110479,"date":"2023-06-16T00:00:00","date_gmt":"2023-06-15T22:00:00","guid":{"rendered":"http:\/\/gpl-love.com\/fr\/produit\/drone-single-product-wordpress-theme\/"},"modified":"2026-03-20T23:01:35","modified_gmt":"2026-03-20T22:01:35","slug":"drone-single-product-wordpress-theme","status":"publish","type":"product","link":"https:\/\/gpl-love.com\/fr\/produit\/drone-single-product-wordpress-theme\/","title":{"rendered":"Drone Single Product WordPress Theme 1.35"},"content":{"rendered":"<h3>Drone Single Product WordPress Theme Traits<\/h3>\n<p>Le th\u00e8me WordPress de Drone Single Product, un th\u00e8me distingu\u00e9 et exquis, a \u00e9t\u00e9 m\u00e9ticuleusement con\u00e7u avec une intention singuli\u00e8re: montrer et mettre en \u00e9vidence un produit unique, en particulier un drone. Ce th\u00e8me extraordinaire convient extr\u00eamement aux entreprises qui cherchent \u00e0 propager et \u00e0 annoncer leurs mod\u00e8les de drones de pointe, ainsi qu&rsquo;aux individus aspirant \u00e0 afficher leurs prouesses de photographie de drones in\u00e9gal\u00e9es. Impeccablement orn\u00e9 d&rsquo;un design \u00e9l\u00e9gant et contemporain, le th\u00e8me est enti\u00e8rement r\u00e9actif et m\u00e9ticuleusement optimis\u00e9 pour l&rsquo;optimisation des moteurs de recherche (SEO). Il offre une gamme d&rsquo;options de personnalisation in\u00e9gal\u00e9es, y compris une vaste s\u00e9lection de sch\u00e9mas et de polices de couleurs, facilitant ainsi les utilisateurs en alignant sans effort leur site Web avec le style unique de leur marque. En outre, le th\u00e8me englobe un assortiment de fonctionnalit\u00e9s captivantes, allant des arri\u00e8re-plans vid\u00e9o impressionnants aux effets de parallaxe fascinants et \u00e0 un d\u00e9filement transparent, qui augmentent et augmentent en synergie et augmentent l&rsquo;exp\u00e9rience utilisateur globale. Par cons\u00e9quent, il est sans \u00e9quivoque ind\u00e9niable que le th\u00e8me WordPress de produit de drone soit un choix exemplaire et hautement recommand\u00e9 pour tout d\u00e9sir individuel exigeant pour fa\u00e7onner un site Web captivant et resplendissant pour leurs efforts commerciaux li\u00e9s au drone ou les activit\u00e9s r\u00e9cr\u00e9atives.<\/p>\n<ul>\n<li>Un th\u00e8me WordPress premium et r\u00e9actif sp\u00e9cialement con\u00e7u pour pr\u00e9senter des produits de drones<\/li>\n<li>Design \u00e9l\u00e9gant et moderne avec des sch\u00e9mas de couleurs personnalisables et des options de typographie<\/li>\n<li>Pages de vitrine de produits int\u00e9gr\u00e9s avec plusieurs options de mise en page pour afficher les drones et les accessoires connexes<\/li>\n<li>Options de personnalisation faciles \u00e0 utiliser avec des fonctionnalit\u00e9s de glisser-d\u00e9poser<\/li>\n<li>Optimis\u00e9 pour les vitesses de chargement rapide et la conception conviviale<\/li>\n<li>Comprend des pages pr\u00e9-construites pour nous, contactez-nous et sections de blog<\/li>\n<li>Compatible avec WooCommerce pour une int\u00e9gration facile du commerce \u00e9lectronique<\/li>\n<li>Comprend une vari\u00e9t\u00e9 de widgets et de plugins utiles pour des fonctionnalit\u00e9s suppl\u00e9mentaires<\/li>\n<li>Documentation compl\u00e8te et prise en charge d\u00e9di\u00e9e \u00e0 l&rsquo;installation et \u00e0 la configuration sans tracas.<\/li>\n<\/ul>\n","protected":false},"excerpt":{"rendered":"<p>Pr\u00e9sentation de notre impressionnant th\u00e8me WordPress de produit de drone Drone, une solution de pointe pour votre magasin de drones en ligne. Ce th\u00e8me WordPress est con\u00e7u sp\u00e9cifiquement pour les amateurs de drones, offrant une plate-forme \u00e9l\u00e9gante et moderne pour pr\u00e9senter vos produits de drones. Les principales fonctionnalit\u00e9s incluent une liste de produits faciles \u00e0 utiliser, une conception r\u00e9active pour la navigation transparente sur n&rsquo;importe quel appareil et un codage convivial pour stimuler votre pr\u00e9sence en ligne. Il est \u00e9galement livr\u00e9 avec une disposition personnalisable, vous permettant d&rsquo;adapter le th\u00e8me \u00e0 l&rsquo;esth\u00e9tique de votre marque. Si vous recherchez un th\u00e8me WordPress pour \u00e9lever votre entreprise de drones, notre th\u00e8me WordPress de produit de drone est un excellent choix. Il combine les fonctionnalit\u00e9s et le style, garantissant que vos produits sont pr\u00e9sent\u00e9s de la mani\u00e8re la plus attrayante et la plus efficace. Ce n&rsquo;est pas seulement un th\u00e8me, il change la donne pour votre magasin de drones en ligne.<\/p>\n","protected":false},"featured_media":143588,"comment_status":"open","ping_status":"open","template":"","meta":[],"product_brand":[2433],"product_cat":[1242,1212,1213],"product_tag":[1366],"class_list":{"0":"post-110479","1":"product","2":"type-product","3":"status-publish","4":"has-post-thumbnail","6":"product_brand-themeforest","7":"product_cat-creatif","8":"product_cat-themes","9":"product_cat-wordpress-themes","10":"product_tag-themeforest","11":"member-discount","12":"discount-restricted","14":"first","15":"instock","16":"sale","17":"downloadable","18":"virtual","19":"sold-individually","20":"purchasable","21":"product-type-simple"},"_links":{"self":[{"href":"https:\/\/gpl-love.com\/fr\/wp-json\/wp\/v2\/product\/110479","targetHints":{"allow":["GET"]}}],"collection":[{"href":"https:\/\/gpl-love.com\/fr\/wp-json\/wp\/v2\/product"}],"about":[{"href":"https:\/\/gpl-love.com\/fr\/wp-json\/wp\/v2\/types\/product"}],"replies":[{"embeddable":true,"href":"https:\/\/gpl-love.com\/fr\/wp-json\/wp\/v2\/comments?post=110479"}],"wp:featuredmedia":[{"embeddable":true,"href":"https:\/\/gpl-love.com\/fr\/wp-json\/wp\/v2\/media\/143588"}],"wp:attachment":[{"href":"https:\/\/gpl-love.com\/fr\/wp-json\/wp\/v2\/media?parent=110479"}],"wp:term":[{"taxonomy":"product_brand","embeddable":true,"href":"https:\/\/gpl-love.com\/fr\/wp-json\/wp\/v2\/product_brand?post=110479"},{"taxonomy":"product_cat","embeddable":true,"href":"https:\/\/gpl-love.com\/fr\/wp-json\/wp\/v2\/product_cat?post=110479"},{"taxonomy":"product_tag","embeddable":true,"href":"https:\/\/gpl-love.com\/fr\/wp-json\/wp\/v2\/product_tag?post=110479"}],"curies":[{"name":"wp","href":"https:\/\/api.w.org\/{rel}","templated":true}]}}