{"id":110471,"date":"2026-02-05T00:00:00","date_gmt":"2026-02-04T23:00:00","guid":{"rendered":"http:\/\/gpl-love.com\/fr\/produit\/woocommerce-bulk-stock-management\/"},"modified":"2026-04-10T18:46:15","modified_gmt":"2026-04-10T16:46:15","slug":"woocommerce-bulk-stock-management","status":"publish","type":"product","link":"https:\/\/gpl-love.com\/fr\/produit\/woocommerce-bulk-stock-management\/","title":{"rendered":"WooCommerce Bulk Stock Management 2.3.4"},"content":{"rendered":"<h3>WooCommerce Bulk Stock Management Traits<\/h3>\n<p>Le plugin de gestion des stocks en vrac WooCommerce, un outil extr\u00eamement puissant m\u00e9ticuleusement con\u00e7u pour faciliter la gestion transparente de l&rsquo;inventaire pour les propri\u00e9taires de magasins num\u00e9riques, sert de quintessence d&rsquo;efficacit\u00e9. En utilisant ce plugin, vous pourrez sans effort superviser les niveaux de stock pour de nombreux produits simultan\u00e9ment, entra\u00eenant ainsi une \u00e9conomie consid\u00e9rable de votre temps pr\u00e9cieux et de vos efforts pr\u00e9cieux. Ce qui accentue davantage son attrait, c&rsquo;est sa capacit\u00e9 \u00e0 faciliter la mise \u00e0 jour et l&rsquo;ajustement des niveaux de stock en masse, \u00e9vitant ainsi la n\u00e9cessit\u00e9 de modifier laborieusement chaque produit individuel. De plus, cet outil inestimable vous permet de parcourir facilement les informations sur le stock relatives \u00e0 tous les produits d&rsquo;une page solitaire, engendrez ainsi un processus simplifi\u00e9 de maintien des niveaux d&rsquo;inventaire. En effet, ce plugin est un actif indispensable pour tout propri\u00e9taire de magasin en ligne aspirant \u00e0 rationaliser son processus de gestion des stocks tout en garantissant simultan\u00e9ment l&rsquo;entretien perp\u00e9tuellement pr\u00e9cis des niveaux de stock.<\/p>\n<ul>\n<li>G\u00e9rer facilement les niveaux de stock pour plusieurs produits en vrac<\/li>\n<li>Mettre \u00e0 jour rapidement les quantit\u00e9s de stock pour plusieurs produits \u00e0 la fois<\/li>\n<li>Surveiller et suivre les niveaux d&rsquo;inventaire avec facilit\u00e9<\/li>\n<li>R\u00e9duire le temps pass\u00e9 manuellement \u00e0 mettre \u00e0 jour les niveaux de stock<\/li>\n<li>Personnaliser les alertes et notifications au niveau du stock<\/li>\n<li>Compatible avec WooCommerce, la principale plateforme de commerce \u00e9lectronique<\/li>\n<li>Am\u00e9liorer la pr\u00e9cision des stocks et emp\u00eacher la survente<\/li>\n<li>Rationaliser la gestion des stocks et am\u00e9liorer l&rsquo;efficacit\u00e9 globale<\/li>\n<li>Interface intuitive pour une utilisation facile par les entreprises de toute taille<\/li>\n<li>Favorise une plus grande productivit\u00e9 pour les entreprises en r\u00e9duisant les erreurs des niveaux de stock et en augmentant l&rsquo;exactitude des informations sur les actions entrantes.<\/li>\n<\/ul>\n","protected":false},"excerpt":{"rendered":"<p>WooCommerce Bulk Stock Management se pr\u00e9sente comme un outil exceptionnel qui vise \u00e0 rationaliser et \u00e0 am\u00e9liorer la t\u00e2che tr\u00e8s critique de la gestion des stocks pour les propri\u00e9taires de magasins en utilisant WooCommerce. L&rsquo;objectif principal derri\u00e8re cet outil est de soulager la nature lourde de la gestion des stocks en offrant aux propri\u00e9taires de magasins la possibilit\u00e9 de mettre \u00e0 jour et de g\u00e9rer sans effort les niveaux de stock en vrac, r\u00e9duisant ainsi consid\u00e9rablement la consommation de leur temps et de leurs efforts pr\u00e9cieux. L&rsquo;int\u00e9gration transparente avec cet outil permet aux propri\u00e9taires de magasins de t\u00e9l\u00e9charger facilement un fichier CSV contenant des informations compl\u00e8tes sur les produits ainsi que les niveaux de stock correspondants, facilitant ensuite l&rsquo;outil pour mettre \u00e0 jour avec diligence l&rsquo;inventaire en cons\u00e9quence. Cette solution innovante est particuli\u00e8rement avantageuse pour les entreprises op\u00e9rant avec un vaste assortiment de produits et rencontrant fr\u00e9quemment le besoin de mises \u00e0 jour de stock.<\/p>\n","protected":false},"featured_media":145822,"comment_status":"open","ping_status":"open","template":"","meta":[],"product_brand":[2440],"product_cat":[1183,1182,1181],"product_tag":[1398],"class_list":{"0":"post-110471","1":"product","2":"type-product","3":"status-publish","4":"has-post-thumbnail","6":"product_brand-woocommerce","7":"product_cat-administration","8":"product_cat-commerce-electronique-plugins","9":"product_cat-plugins","10":"product_tag-woocommerce","11":"member-discount","12":"discount-restricted","14":"first","15":"instock","16":"sale","17":"downloadable","18":"virtual","19":"sold-individually","20":"purchasable","21":"product-type-simple"},"_links":{"self":[{"href":"https:\/\/gpl-love.com\/fr\/wp-json\/wp\/v2\/product\/110471","targetHints":{"allow":["GET"]}}],"collection":[{"href":"https:\/\/gpl-love.com\/fr\/wp-json\/wp\/v2\/product"}],"about":[{"href":"https:\/\/gpl-love.com\/fr\/wp-json\/wp\/v2\/types\/product"}],"replies":[{"embeddable":true,"href":"https:\/\/gpl-love.com\/fr\/wp-json\/wp\/v2\/comments?post=110471"}],"wp:featuredmedia":[{"embeddable":true,"href":"https:\/\/gpl-love.com\/fr\/wp-json\/wp\/v2\/media\/145822"}],"wp:attachment":[{"href":"https:\/\/gpl-love.com\/fr\/wp-json\/wp\/v2\/media?parent=110471"}],"wp:term":[{"taxonomy":"product_brand","embeddable":true,"href":"https:\/\/gpl-love.com\/fr\/wp-json\/wp\/v2\/product_brand?post=110471"},{"taxonomy":"product_cat","embeddable":true,"href":"https:\/\/gpl-love.com\/fr\/wp-json\/wp\/v2\/product_cat?post=110471"},{"taxonomy":"product_tag","embeddable":true,"href":"https:\/\/gpl-love.com\/fr\/wp-json\/wp\/v2\/product_tag?post=110471"}],"curies":[{"name":"wp","href":"https:\/\/api.w.org\/{rel}","templated":true}]}}