{"id":110467,"date":"2023-06-01T00:00:00","date_gmt":"2023-05-31T22:00:00","guid":{"rendered":"http:\/\/gpl-love.com\/fr\/produit\/ultimate-member-mailchimp-addon\/"},"modified":"2026-04-10T18:35:23","modified_gmt":"2026-04-10T16:35:23","slug":"ultimate-member-mailchimp-addon","status":"publish","type":"product","link":"https:\/\/gpl-love.com\/fr\/produit\/ultimate-member-mailchimp-addon\/","title":{"rendered":"Organiz An Organic Store WooCommerce Theme 2.5"},"content":{"rendered":"<h3>Organiz An Organic Store WooCommerce Theme Traits<\/h3>\n<p>Les organisations, un th\u00e8me WooCommerce m\u00e9ticuleusement con\u00e7u, sp\u00e9cialement con\u00e7u pour les magasins organiques, d\u00e9gage un design \u00e0 couper le souffle. Sa disposition immacul\u00e9e et contemporaine offre une extravagance de magasinage in\u00e9gal\u00e9e qui captivera et satisfait sans aucun doute vos clients estim\u00e9s. Ce splendide th\u00e8me rend la navigation sans effort et la navigation sans couture de produits, ce qui le rend remarquablement pratique pour les clients de localiser les articles souhait\u00e9s. De plus, sa r\u00e9activit\u00e9 in\u00e9gal\u00e9e garantit une pr\u00e9sentation exquise de votre magasin sur tous les appareils, que ce soit le bureau majestueux ou le mobile omnipr\u00e9sent. De plus, ce th\u00e8me extraordinaire arrive d\u00e9bordant d&rsquo;une vaste gamme d&rsquo;attributs personnalisables englobant les polices, les couleurs et les dispositions, facilitant ainsi la cr\u00e9ation d&rsquo;une personnalit\u00e9 en ligne extraordinaire et distinctive pour votre \u00e9tablissement ch\u00e9ri. De plus, sa remarquable int\u00e9gration avec WooCommerce endowt votre emporium num\u00e9rique avec des fonctionnalit\u00e9s suppl\u00e9mentaires telles que les listes de produits, les m\u00e9canismes d&rsquo;exp\u00e9dition et les options de paiement, \u00e9levant ainsi votre exp\u00e9rience de vente au d\u00e9tail en ligne \u00e0 un Zenith sans pr\u00e9c\u00e9dent. Avec l&rsquo;aide des organisations, vous avez l&rsquo;occasion in\u00e9gal\u00e9e de pr\u00e9senter votre vaste r\u00e9pertoire de produits et services organiques de la mani\u00e8re la plus splendide et la plus captivante imaginable, se lan\u00e7ant ainsi sans effort dans le voyage exaltant du commerce en ligne.<\/p>\n<ul>\n<li>Un th\u00e8me magnifique et moderne con\u00e7u sp\u00e9cifiquement pour les magasins organiques \u00e0 l&rsquo;aide de WooCommerce<\/li>\n<li>Conception enti\u00e8rement r\u00e9active qui a fi\u00e8re allure sur tous les appareils, y compris le mobile et la tablette<\/li>\n<li>Plusieurs dispositions de page d&rsquo;accueil au choix, y compris un curseur pleine largeur et une option d&rsquo;arri\u00e8re-plan vid\u00e9o<\/li>\n<li>Sch\u00e9ma de couleurs personnalisable et options de police pour correspondre \u00e0 votre marque et cr\u00e9er une apparence et une sensation coh\u00e9rentes tout au long de votre site<\/li>\n<li>Int\u00e9gr\u00e9 \u00e0 WooCommerce pour des achats et un traitement de paiement en ligne faciles<\/li>\n<li>Filtres de produits int\u00e9gr\u00e9s pour aider les clients \u00e0 trouver ce dont ils ont besoin rapidement et facilement<\/li>\n<li>Support complet pour l&rsquo;int\u00e9gration des m\u00e9dias sociaux, y compris les liens vers tous vos profils sociaux et vos boutons de partage pour vos produits et articles de blog<\/li>\n<li>Comprend une vari\u00e9t\u00e9 de pages pr\u00e9-con\u00e7ues, y compris un blog, une page de contact et une page FAQ, afin que vous puissiez faire fonctionner votre site rapidement<\/li>\n<li>Livr\u00e9 avec une documentation compl\u00e8te et un soutien d\u00e9di\u00e9 pour vous aider \u00e0 tirer le meilleur parti de votre th\u00e8me et \u00e0 maximiser votre pr\u00e9sence en ligne.<\/li>\n<\/ul>\n","protected":false},"excerpt":{"rendered":"<p>Les organisations, un th\u00e8me de WooCommerce branch\u00e9 et contemporain, ont \u00e9t\u00e9 m\u00e9ticuleusement con\u00e7ues pour r\u00e9pondre aux besoins des magasins organiques. Ce th\u00e8me hautement adaptable et r\u00e9actif comprend une myriade de fonctionnalit\u00e9s pr\u00e9charg\u00e9es, comme une page d&rsquo;accueil enti\u00e8rement personnalisable, un curseur de produit attrayant et un carrousel de produit s\u00e9duisant. En int\u00e9grant de mani\u00e8re transparente ces fonctionnalit\u00e9s, les organisations autorisent les utilisateurs sans effort \u00e0 \u00e9tablir une boutique en ligne visuellement captivante pour les produits biologiques, facilitant ainsi une exp\u00e9rience d&rsquo;achat sans tracas remplie d&rsquo;un panier convivial et d&rsquo;un processus de paiement efficace. Avec son processus d&rsquo;installation transparente, son interface utilisateur intuitive et son \u00e9ventail de fonctionnalit\u00e9s robustes, les organisations apparaissent sans aucun doute comme le choix ultime pour tout magasin organique aspirant \u00e0 \u00e9tendre leurs horizons dans le domaine du commerce \u00e9lectronique.<\/p>\n","protected":false},"featured_media":144875,"comment_status":"open","ping_status":"open","template":"","meta":[],"product_brand":[2433],"product_cat":[1606,1212,1213],"product_tag":[1366],"class_list":{"0":"post-110467","1":"product","2":"type-product","3":"status-publish","4":"has-post-thumbnail","6":"product_brand-themeforest","7":"product_cat-restauration-et-restaurant","8":"product_cat-themes","9":"product_cat-wordpress-themes","10":"product_tag-themeforest","11":"member-discount","12":"discount-restricted","14":"first","15":"instock","16":"sale","17":"downloadable","18":"virtual","19":"sold-individually","20":"purchasable","21":"product-type-simple"},"_links":{"self":[{"href":"https:\/\/gpl-love.com\/fr\/wp-json\/wp\/v2\/product\/110467","targetHints":{"allow":["GET"]}}],"collection":[{"href":"https:\/\/gpl-love.com\/fr\/wp-json\/wp\/v2\/product"}],"about":[{"href":"https:\/\/gpl-love.com\/fr\/wp-json\/wp\/v2\/types\/product"}],"replies":[{"embeddable":true,"href":"https:\/\/gpl-love.com\/fr\/wp-json\/wp\/v2\/comments?post=110467"}],"wp:featuredmedia":[{"embeddable":true,"href":"https:\/\/gpl-love.com\/fr\/wp-json\/wp\/v2\/media\/144875"}],"wp:attachment":[{"href":"https:\/\/gpl-love.com\/fr\/wp-json\/wp\/v2\/media?parent=110467"}],"wp:term":[{"taxonomy":"product_brand","embeddable":true,"href":"https:\/\/gpl-love.com\/fr\/wp-json\/wp\/v2\/product_brand?post=110467"},{"taxonomy":"product_cat","embeddable":true,"href":"https:\/\/gpl-love.com\/fr\/wp-json\/wp\/v2\/product_cat?post=110467"},{"taxonomy":"product_tag","embeddable":true,"href":"https:\/\/gpl-love.com\/fr\/wp-json\/wp\/v2\/product_tag?post=110467"}],"curies":[{"name":"wp","href":"https:\/\/api.w.org\/{rel}","templated":true}]}}