{"id":110463,"date":"2025-06-05T00:00:00","date_gmt":"2025-06-04T22:00:00","guid":{"rendered":"http:\/\/gpl-love.com\/fr\/produit\/ultimate-member-for-woocommerce\/"},"modified":"2026-04-10T18:46:24","modified_gmt":"2026-04-10T16:46:24","slug":"ultimate-member-for-woocommerce","status":"publish","type":"product","link":"https:\/\/gpl-love.com\/fr\/produit\/ultimate-member-for-woocommerce\/","title":{"rendered":"WooCommerce Checkout Fields et Fees 11.2"},"content":{"rendered":"<h3>WooCommerce Checkout Fields et Fees Traits<\/h3>\n<p>Le plugin WooCommerce Checkout Fields and Fees propose une gamme de fonctionnalit\u00e9s robustes qui permettent aux propri\u00e9taires de magasins d&rsquo;adapter leur page de paiement en incorporant des champs et des frais suppl\u00e9mentaires. En tirant parti de ce plugin, les commer\u00e7ants peuvent inclure sans effort des champs personnalis\u00e9s pour extraire des donn\u00e9es plus compl\u00e8tes des clients tout au long de la proc\u00e9dure de paiement, englobant les demandes li\u00e9es \u00e0 des instructions de livraison pr\u00e9cises ou \u00e0 leur mode de paiement favoris\u00e9. De plus, ce plugin facilite l&rsquo;inclusion des frais aux commandes en fonction de divers facteurs, notamment le poids du produit ou la destination d&rsquo;exp\u00e9dition, aidant ainsi les propri\u00e9taires de magasins \u00e0 g\u00e9rer efficacement la rentabilit\u00e9 de leur magasin. Dans l&rsquo;ensemble, ce plugin indispensable sert d&rsquo;outil essentiel pour les propri\u00e9taires de magasins WooCommerce cherchant \u00e0 optimiser leur processus de paiement et \u00e0 am\u00e9liorer l&rsquo;exp\u00e9rience client globale.<\/p>\n<ul>\n<li>Personnalisez facilement les champs de paiement dans votre boutique WooCommerce<\/li>\n<li>Ajouter, supprimer ou modifier les champs si n\u00e9cessaire pour mieux r\u00e9pondre aux besoins de votre entreprise<\/li>\n<li>Configurer les exigences sur le terrain pour garantir que les clients fournissent les informations n\u00e9cessaires<\/li>\n<li>Configurer des frais pour diverses options de paiement, telles que l&rsquo;exp\u00e9dition acc\u00e9l\u00e9r\u00e9e, l&#8217;emballage des cadeaux ou les personnalisations<\/li>\n<li>Appliquer des frais \u00e0 des produits sp\u00e9cifiques ou des sous-ensembles de produits, ou \u00e0 l&rsquo;ensemble du panier<\/li>\n<li>Utilisez des options avanc\u00e9es pour appliquer des frais en fonction de l&#8217;emplacement du client, du groupe de clients ou de la valeur de commande<\/li>\n<li>Rationalisez le processus de paiement pour les clients tout en collectant les informations n\u00e9cessaires pour vos op\u00e9rations commerciales<\/li>\n<li>Boost les ventes avec la possibilit\u00e9 d&rsquo;offrir des services ou des personnalisations suppl\u00e9mentaires \u00e0 la caisse<\/li>\n<li>Am\u00e9liorez la satisfaction des clients en fournissant des champs et des frais de paiement clairs et personnalisables, adapt\u00e9s \u00e0 vos besoins commerciaux uniques.<\/li>\n<\/ul>\n","protected":false},"excerpt":{"rendered":"<p>L&rsquo;extension de paiement et de frais de WooCommerce est un outil incroyablement puissant qui vous accorde la possibilit\u00e9 d&rsquo;ajouter sans effort des champs suppl\u00e9mentaires \u00e0 votre page de paiement et d&rsquo;attribuer des frais correspondants \u00e0 ces champs. En utilisant ce plugin exceptionnel, vous avez la capacit\u00e9 de collecter des donn\u00e9es suppl\u00e9mentaires de vos pr\u00e9cieux clients pendant le processus de paiement, englobant des d\u00e9tails imp\u00e9ratifs tels que les instructions de livraison, les messages cadeaux sinc\u00e8res ou les sp\u00e9cifications de personnalisation des produits complexes. De plus, vous poss\u00e9dez le pouvoir de d\u00e9signer les frais dans des champs individualis\u00e9s, y compris des frais de traitement rapides ou des frais pour l&rsquo;art m\u00e9ticuleux de l&#8217;emballage des cadeaux. Sans aucun doute, ce plugin remarquable est une n\u00e9cessit\u00e9 absolue pour tout propri\u00e9taire de magasin vigilant qui aspire \u00e0 adapter m\u00e9ticuleusement leur processus de paiement et \u00e0 subir une augmentation substantielle des revenus gr\u00e2ce \u00e0 la mise en \u0153uvre des frais suppl\u00e9mentaires.<\/p>\n","protected":false},"featured_media":145837,"comment_status":"open","ping_status":"open","template":"","meta":[],"product_brand":[2435],"product_cat":[1182,1223,1181],"product_tag":[1231],"class_list":{"0":"post-110463","1":"product","2":"type-product","3":"status-publish","4":"has-post-thumbnail","6":"product_brand-codecanyon","7":"product_cat-commerce-electronique-plugins","8":"product_cat-personnalisation-commerce-electronique-plugins","9":"product_cat-plugins","10":"product_tag-codecanyon","11":"member-discount","12":"discount-restricted","14":"first","15":"instock","16":"sale","17":"downloadable","18":"virtual","19":"sold-individually","20":"purchasable","21":"product-type-simple"},"_links":{"self":[{"href":"https:\/\/gpl-love.com\/fr\/wp-json\/wp\/v2\/product\/110463","targetHints":{"allow":["GET"]}}],"collection":[{"href":"https:\/\/gpl-love.com\/fr\/wp-json\/wp\/v2\/product"}],"about":[{"href":"https:\/\/gpl-love.com\/fr\/wp-json\/wp\/v2\/types\/product"}],"replies":[{"embeddable":true,"href":"https:\/\/gpl-love.com\/fr\/wp-json\/wp\/v2\/comments?post=110463"}],"wp:featuredmedia":[{"embeddable":true,"href":"https:\/\/gpl-love.com\/fr\/wp-json\/wp\/v2\/media\/145837"}],"wp:attachment":[{"href":"https:\/\/gpl-love.com\/fr\/wp-json\/wp\/v2\/media?parent=110463"}],"wp:term":[{"taxonomy":"product_brand","embeddable":true,"href":"https:\/\/gpl-love.com\/fr\/wp-json\/wp\/v2\/product_brand?post=110463"},{"taxonomy":"product_cat","embeddable":true,"href":"https:\/\/gpl-love.com\/fr\/wp-json\/wp\/v2\/product_cat?post=110463"},{"taxonomy":"product_tag","embeddable":true,"href":"https:\/\/gpl-love.com\/fr\/wp-json\/wp\/v2\/product_tag?post=110463"}],"curies":[{"name":"wp","href":"https:\/\/api.w.org\/{rel}","templated":true}]}}