{"id":110461,"date":"2021-03-11T00:00:00","date_gmt":"2021-03-10T23:00:00","guid":{"rendered":"http:\/\/gpl-love.com\/fr\/produit\/optimizer-pro-flexible-wordpress-theme\/"},"modified":"2026-04-10T18:35:21","modified_gmt":"2026-04-10T16:35:21","slug":"optimizer-pro-flexible-wordpress-theme","status":"publish","type":"product","link":"https:\/\/gpl-love.com\/fr\/produit\/optimizer-pro-flexible-wordpress-theme\/","title":{"rendered":"Optimizer Pro Flexible WordPress Theme 0.8.0"},"content":{"rendered":"<h3>Optimizer Pro Flexible WordPress Theme Traits<\/h3>\n<p>Le th\u00e8me WordPress Optimizer Pro Flexible, connu pour ses fonctionnalit\u00e9s remarquables, sert d&rsquo;outil inestimable dans la construction de sites Web sur mesure qui r\u00e9pondent aux exigences distinctives des entreprises ou des particuliers. Ce th\u00e8me extraordinaire poss\u00e8de une vaste gamme d&rsquo;options de personnalisation, accordant aux utilisateurs la possibilit\u00e9 de fa\u00e7onner sans effort un site Web qui s&rsquo;aligne parfaitement sur leur marque et leur style personnel. Au moyen de son constructeur de pages convivial, les individus peuvent man\u0153uvrer et positionner sans effort divers \u00e9l\u00e9ments, g\u00e9n\u00e9rant ainsi un site Web dynamique et captivant qui est \u00e0 la fois optimis\u00e9 pour une vitesse et des performances exceptionnelles. En plus de ces fonctionnalit\u00e9s exceptionnelles, le th\u00e8me WordPress Optimizer Pro Flexible englobe une suite compl\u00e8te de plugins et de fonctionnalit\u00e9s, englobant des outils d&rsquo;optimisation SEO, des capacit\u00e9s de commerce \u00e9lectronique transparentes et une int\u00e9gration transparente avec les plateformes de m\u00e9dias sociaux. Peu importe si vous vous lancez dans la construction d&rsquo;un site Web d&rsquo;activit\u00e9 modeste ou d&rsquo;une plate-forme de commerce \u00e9lectronique \u00e0 multiples facettes, le th\u00e8me WordPress Optimizer Pro Flexible Reigns comme solution par excellence pour fabriquer un site Web esth\u00e9tique et fonctionnel qui est certain de captiver et d&rsquo;impressionner votre visiteurs.<\/p>\n<ul>\n<li>Th\u00e8me WordPress enti\u00e8rement personnalisable sp\u00e9cialement con\u00e7u pour des performances optimales<\/li>\n<li>Options de couleurs illimit\u00e9es et dispositions de page personnalisables<\/li>\n<li>Compatible avec les plugins WordPress populaires, notamment WooCommerce, le formulaire de contact 7, et plus<\/li>\n<li>Caract\u00e9ristiques d&rsquo;optimisation du r\u00e9f\u00e9rencement int\u00e9gr\u00e9es pour am\u00e9liorer les classements des moteurs de recherche<\/li>\n<li>Conception r\u00e9active mobile pour une visualisation transparente sur n&rsquo;importe quel appareil<\/li>\n<li>Panneau d&rsquo;options de th\u00e8me avanc\u00e9 pour une personnalisation facile<\/li>\n<li>Importation de contenu de d\u00e9monstration en un clic pour une configuration rapide et facile<\/li>\n<li>Mises \u00e0 jour r\u00e9guli\u00e8res du th\u00e8me pour le support continu et les nouvelles fonctionnalit\u00e9s<\/li>\n<li>\u00c9quipe de support client rapide et fiable<\/li>\n<li>Documentation approfondie et didacticiels vid\u00e9o pour une impl\u00e9mentation facile<\/li>\n<\/ul>\n","protected":false},"excerpt":{"rendered":"<p>D\u00e9verrouillez votre cr\u00e9ativit\u00e9 et montrez votre professionnalisme sans effort avec le th\u00e8me WordPress flexible Exquis Optimizer Pro. Que vous visiez \u00e0 organiser un blog personnel enchanteur ou \u00e0 vous lancer dans le voyage passionnant d&rsquo;\u00e9tablissement d&rsquo;une boutique en ligne, ce th\u00e8me remarquable pr\u00e9sente un \u00e9ventail d&rsquo;options sur mesure pour r\u00e9pondre \u00e0 tous vos caprices et exigences. Immergez-vous dans l&rsquo;exp\u00e9rience transparente fournie par la conception r\u00e9active et l&rsquo;optimisation optimale du r\u00e9f\u00e9rencement, garantissant que votre site Web d\u00e9gage de l&rsquo;\u00e9clat et capture l&rsquo;attention sur tous les appareils tout en montant les rangs des r\u00e9sultats des moteurs de recherche. De plus, d\u00e9lectez-vous de l&rsquo;interface conviviale et adoptez la simplicit\u00e9 qui vous a \u00e9t\u00e9 accord\u00e9e par l&rsquo;ing\u00e9nient \u00e9diteur de drag et de chute int\u00e9gr\u00e9, permettant m\u00eame \u00e0 ceux qui sont d\u00e9pourvus de codage des connaissances pour fa\u00e7onner un site Web \u00e0 couper le souffle. \u00c9levez votre pr\u00e9sence en ligne \u00e0 des hauteurs sans pr\u00e9c\u00e9dent en embrassant le potentiel in\u00e9gal\u00e9 du th\u00e8me WordPress Optimizer Pro Flexible.<\/p>\n","protected":false},"featured_media":144872,"comment_status":"open","ping_status":"open","template":"","meta":[],"product_brand":[2611],"product_cat":[1214,1212,1213],"product_tag":[1319],"class_list":{"0":"post-110461","1":"product","2":"type-product","3":"status-publish","4":"has-post-thumbnail","6":"product_brand-optimizer-wp","7":"product_cat-polyvalent","8":"product_cat-themes","9":"product_cat-wordpress-themes","10":"product_tag-optimizer-wp","11":"member-discount","12":"discount-restricted","14":"first","15":"instock","16":"sale","17":"downloadable","18":"virtual","19":"sold-individually","20":"purchasable","21":"product-type-simple"},"_links":{"self":[{"href":"https:\/\/gpl-love.com\/fr\/wp-json\/wp\/v2\/product\/110461","targetHints":{"allow":["GET"]}}],"collection":[{"href":"https:\/\/gpl-love.com\/fr\/wp-json\/wp\/v2\/product"}],"about":[{"href":"https:\/\/gpl-love.com\/fr\/wp-json\/wp\/v2\/types\/product"}],"replies":[{"embeddable":true,"href":"https:\/\/gpl-love.com\/fr\/wp-json\/wp\/v2\/comments?post=110461"}],"wp:featuredmedia":[{"embeddable":true,"href":"https:\/\/gpl-love.com\/fr\/wp-json\/wp\/v2\/media\/144872"}],"wp:attachment":[{"href":"https:\/\/gpl-love.com\/fr\/wp-json\/wp\/v2\/media?parent=110461"}],"wp:term":[{"taxonomy":"product_brand","embeddable":true,"href":"https:\/\/gpl-love.com\/fr\/wp-json\/wp\/v2\/product_brand?post=110461"},{"taxonomy":"product_cat","embeddable":true,"href":"https:\/\/gpl-love.com\/fr\/wp-json\/wp\/v2\/product_cat?post=110461"},{"taxonomy":"product_tag","embeddable":true,"href":"https:\/\/gpl-love.com\/fr\/wp-json\/wp\/v2\/product_tag?post=110461"}],"curies":[{"name":"wp","href":"https:\/\/api.w.org\/{rel}","templated":true}]}}