{"id":110459,"date":"2021-11-15T00:00:00","date_gmt":"2021-11-14T23:00:00","guid":{"rendered":"http:\/\/gpl-love.com\/fr\/produit\/molla-multi-purpose-woocommerce-theme\/"},"modified":"2026-03-20T23:25:27","modified_gmt":"2026-03-20T22:25:27","slug":"molla-multi-purpose-woocommerce-theme","status":"publish","type":"product","link":"https:\/\/gpl-love.com\/fr\/produit\/molla-multi-purpose-woocommerce-theme\/","title":{"rendered":"Molla Multi-Purpose WooCommerce Theme 1.3.3"},"content":{"rendered":"<h3>Molla Multi-Purpose WooCommerce Theme Traits<\/h3>\n<p>Le th\u00e8me WooCommerce polyvalent Molla se pr\u00e9sente comme une solution exceptionnelle pour les sites Web de commerce \u00e9lectronique qui ont un besoin urgent d&rsquo;une conception \u00e0 la fois polyvalente et flexible. Ce th\u00e8me particulier est un choix id\u00e9al pour les entreprises de toutes tailles et types, allant des magasins en ligne \u00e0 plus petite \u00e9chelle aux soci\u00e9t\u00e9s plus grandes et plus \u00e9tablies. Ce qui distingue ce th\u00e8me, c&rsquo;est sa conception propre et contemporaine, qui peut \u00eatre enti\u00e8rement personnalis\u00e9e pour s&rsquo;aligner de mani\u00e8re transparente sur toutes les exigences de marque ou de conception. De plus, il est emball\u00e9 \u00e0 ras bord avec une impressionnante gamme de fonctionnalit\u00e9s, y compris de nombreuses dispositions de page d&rsquo;accueil, une abondance d&rsquo;options de pages de produits et une s\u00e9lection diversifi\u00e9e de widgets personnalis\u00e9s. De plus, il poss\u00e8de un \u00e9ventail de fonctionnalit\u00e9s de commerce \u00e9lectronique puissantes, telles que des filtres de produit, des pages de panier et de caisse, et un assortiment d&rsquo;autres outils tr\u00e8s utiles. \u00c0 l&rsquo;aide du th\u00e8me WooCommerce polyvalent Molla, les entreprises peuvent \u00e9laborer sans effort une boutique en ligne non seulement visuellement \u00e9tonnante, mais \u00e9galement enti\u00e8rement optimis\u00e9e pour maximiser les ventes et les conversions.<\/p>\n<ul>\n<li>Th\u00e8me WooCommerce enti\u00e8rement personnalisable adapt\u00e9 \u00e0 tout type de boutique en ligne<\/li>\n<li>Livr\u00e9 avec 17 d\u00e9mos pr\u00e9-con\u00e7ues pour diff\u00e9rentes niches telles que la mode, l&rsquo;\u00e9lectronique et les meubles<\/li>\n<li>Panneau d&rsquo;options de page Drag and Drop Pander et de d\u00e9crochage pour une exp\u00e9rience de personnalisation transparente<\/li>\n<li>Con\u00e7u avec les derni\u00e8res technologies de d\u00e9veloppement Web telles que Bootstrap 4 et SASS<\/li>\n<li>Enti\u00e8rement r\u00e9actif et r\u00e9tine pr\u00eat pour une superbe exp\u00e9rience utilisateur sur n&rsquo;importe quel appareil<\/li>\n<li>S&rsquo;int\u00e8gre aux plugins WooComcece populaires comme Yith WishList, MailChimp et WPML pour des fonctionnalit\u00e9s suppl\u00e9mentaires<\/li>\n<li>Prend en charge diverses m\u00e9thodes de paiement et options d&rsquo;exp\u00e9dition pour un processus de paiement transparent<\/li>\n<li>SEO optimis\u00e9 pour une meilleure visibilit\u00e9 et un meilleur classement des moteurs de recherche<\/li>\n<li>Comprend le support client 24\/7 et les mises \u00e0 jour de th\u00e8me r\u00e9guli\u00e8res pour une exp\u00e9rience de boutique en ligne sans souci.<\/li>\n<\/ul>\n","protected":false},"excerpt":{"rendered":"<p>Le th\u00e8me WooCommerce polyvalent Molla se pr\u00e9sente comme un th\u00e8me de commerce \u00e9lectronique incroyablement polyvalent et personnalisable qui a \u00e9t\u00e9 explicitement adapt\u00e9 pour r\u00e9pondre aux magasins en ligne, quelle que soit leur \u00e9chelle ou leur ampleur. Incarnant un design \u00e9l\u00e9gant, ce th\u00e8me poss\u00e8de une vaste gamme de fonctionnalit\u00e9s, y compris, mais sans s&rsquo;y limiter, diverses dispositions de page d&rsquo;accueil, des pages de produits m\u00e9ticuleusement con\u00e7ues et une fonction de recherche Ajax extr\u00eamement puissante, qui contribuent synergistiquement \u00e0 am\u00e9liorer l&rsquo;exp\u00e9rience navigative de votre client\u00e8le estim\u00e9e synergistique tout en parcourant votre site Web. De plus, ce th\u00e8me se targue d&rsquo;\u00eatre enti\u00e8rement compatible avec les appareils mobiles, d&rsquo;assurer une exp\u00e9rience utilisateur optimale et de cimenter davantage son engagement \u00e0 maximiser l&rsquo;optimisation des moteurs de recherche. Pour faciliter le processus de d\u00e9veloppement, ce th\u00e8me est \u00e9quip\u00e9 d&rsquo;une pl\u00e9thore de d\u00e9mos pr\u00e9-construites qui s&rsquo;adressent \u00e0 une large gamme d&rsquo;industries, vous permettant de personnaliser sans effort votre plate-forme de commerce \u00e9lectronique en fonction de vos exigences sp\u00e9cifiques. En embrassant le th\u00e8me Molla, vous serez arm\u00e9 d&rsquo;un arsenal d&rsquo;outils qui sont essentiels pour fa\u00e7onner une boutique en ligne qui d\u00e9gage du professionnalisme et met l&rsquo;accent sur la convivialit\u00e9.<\/p>\n","protected":false},"featured_media":144571,"comment_status":"open","ping_status":"open","template":"","meta":[],"product_brand":[2433],"product_cat":[1516,1212,1213],"product_tag":[1366],"class_list":{"0":"post-110459","1":"product","2":"type-product","3":"status-publish","4":"has-post-thumbnail","6":"product_brand-themeforest","7":"product_cat-entreprise","8":"product_cat-themes","9":"product_cat-wordpress-themes","10":"product_tag-themeforest","11":"member-discount","12":"discount-restricted","14":"first","15":"instock","16":"sale","17":"downloadable","18":"virtual","19":"sold-individually","20":"purchasable","21":"product-type-simple"},"_links":{"self":[{"href":"https:\/\/gpl-love.com\/fr\/wp-json\/wp\/v2\/product\/110459","targetHints":{"allow":["GET"]}}],"collection":[{"href":"https:\/\/gpl-love.com\/fr\/wp-json\/wp\/v2\/product"}],"about":[{"href":"https:\/\/gpl-love.com\/fr\/wp-json\/wp\/v2\/types\/product"}],"replies":[{"embeddable":true,"href":"https:\/\/gpl-love.com\/fr\/wp-json\/wp\/v2\/comments?post=110459"}],"wp:featuredmedia":[{"embeddable":true,"href":"https:\/\/gpl-love.com\/fr\/wp-json\/wp\/v2\/media\/144571"}],"wp:attachment":[{"href":"https:\/\/gpl-love.com\/fr\/wp-json\/wp\/v2\/media?parent=110459"}],"wp:term":[{"taxonomy":"product_brand","embeddable":true,"href":"https:\/\/gpl-love.com\/fr\/wp-json\/wp\/v2\/product_brand?post=110459"},{"taxonomy":"product_cat","embeddable":true,"href":"https:\/\/gpl-love.com\/fr\/wp-json\/wp\/v2\/product_cat?post=110459"},{"taxonomy":"product_tag","embeddable":true,"href":"https:\/\/gpl-love.com\/fr\/wp-json\/wp\/v2\/product_tag?post=110459"}],"curies":[{"name":"wp","href":"https:\/\/api.w.org\/{rel}","templated":true}]}}