{"id":110457,"date":"2025-10-01T00:00:00","date_gmt":"2025-09-30T22:00:00","guid":{"rendered":"http:\/\/gpl-love.com\/fr\/produit\/wp-fusion-marketing-automation-for-wordpress-plugin\/"},"modified":"2026-03-20T23:49:50","modified_gmt":"2026-03-20T22:49:50","slug":"wp-fusion-marketing-automation-for-wordpress-plugin","status":"publish","type":"product","link":"https:\/\/gpl-love.com\/fr\/produit\/wp-fusion-marketing-automation-for-wordpress-plugin\/","title":{"rendered":"WP Fusion Marketing Automation pour WordPress Plugin 3.46.2"},"content":{"rendered":"<h3>WP Fusion Marketing Automation pour WordPress Plugin Traits<\/h3>\n<p>WP Fusion Marketing Automation for WordPress Plugin est un outil incroyablement robuste et dynamique qui fournit une int\u00e9gration transparente et sans effort entre votre site Web WordPress et une vaste gamme de CRM et de plateformes d&rsquo;automatisation marketing tr\u00e8s populaires. Ce plugin remarquable vous permet d&rsquo;automatiser vos campagnes de marketing, de g\u00e9rer efficacement vos pr\u00e9cieuses prospects et vos clients estim\u00e9s, de suivre m\u00e9ticuleusement toutes leurs activit\u00e9s sur votre site Web et, finalement, de personnaliser leur exp\u00e9rience en fonction de leurs mod\u00e8les de comportement uniques et de leurs pr\u00e9f\u00e9rences individuelles. De plus, ce plugin extraordinaire vous accorde le pouvoir de cr\u00e9er et de mettre en \u0153uvre de puissantes automations en marketing sans n\u00e9cessiter de codage complexe ou de comp\u00e9tences techniques sp\u00e9cialis\u00e9es. En outre, il s&rsquo;accompagne d&rsquo;une interface incroyablement conviviale qui simplifie le processus de configuration et de personnalisation de vos workflows complexes. Par cons\u00e9quent, que votre objectif principal soit de renforcer consid\u00e9rablement vos chiffres de vente, d&rsquo;am\u00e9liorer consid\u00e9rablement vos niveaux d&rsquo;engagement client, ou m\u00eame de rationaliser et d&rsquo;optimiser vos efforts de marketing globaux, WP Fusion offre sans effort une abondance de fonctionnalit\u00e9s remarquables et de fonctionnalit\u00e9 in\u00e9gal\u00e9e qui facilitera invariablement l&rsquo;on R\u00e9alisation r\u00e9ussie de vos objectifs ambitieux.<\/p>\n<ul>\n<li>Int\u00e8gre de mani\u00e8re transparente votre site Web WordPress avec les principales plateformes d&rsquo;automatisation marketing comme Infusionsoft, ActiveCampaign et Convertkit<\/li>\n<li>Vous permet de personnaliser vos efforts de marketing en fonction du comportement et des int\u00e9r\u00eats de vos utilisateurs<\/li>\n<li>Automatise votre processus de capture de lead, vous pouvez donc vous concentrer sur la nourrisson de ces pistes aux clients<\/li>\n<li>Fournit des rapports et des analyses d\u00e9taill\u00e9s sur les efforts de performance et de marketing de votre site Web<\/li>\n<li>Offre une vari\u00e9t\u00e9 de fonctionnalit\u00e9s personnalisables pour r\u00e9pondre \u00e0 vos besoins commerciaux uniques, tels que des options de balisage et de segmentation avanc\u00e9es<\/li>\n<li>Vous permet d&rsquo;\u00e9conomiser du temps et de l&rsquo;argent en rationalisant vos processus de marketing et de vente dans une plate-forme facile \u00e0 utiliser<\/li>\n<li>Fournit une prise en charge et une documentation compl\u00e8tes pour assurer une impl\u00e9mentation et une utilisation r\u00e9ussies du plugin<\/li>\n<li>Mis \u00e0 jour en permanence avec de nouvelles fonctionnalit\u00e9s et int\u00e9grations pour suivre le paysage marketing en constante \u00e9volution.<\/li>\n<\/ul>\n","protected":false},"excerpt":{"rendered":"<p>WP Fusion Marketing Automation for WordPress Plugin est une solution compl\u00e8te qui r\u00e9pond aux besoins des entreprises visant \u00e0 am\u00e9liorer et rationaliser leurs efforts de marketing. En tirant parti de l&rsquo;immense puissance de ce plugin, vous pouvez int\u00e9grer sans effort votre site WordPress avec une multitude de CRM et de plates-formes d&rsquo;automatisation marketing renomm\u00e9es, telles que Infusionsoft, HubSpot, ActiveCampaign, et bien d&rsquo;autres. Cette capacit\u00e9 inestimable vous permet d&rsquo;automatiser et de personnaliser efficacement vos campagnes de marketing en synchronisant les donn\u00e9es utilisateur, les balises et les champs personnalis\u00e9s en temps r\u00e9el, en forgeant une connexion transparente entre votre site Web et ces plateformes. En outre, WP Fusion offre la capacit\u00e9 de surveiller avec diligence l&rsquo;activit\u00e9 du site Web, de d\u00e9clencher des actions automatis\u00e9es et de construire des workflows complexes en fonction du comportement de l&rsquo;utilisateur. Le processus d&rsquo;installation et de configuration transparente de WP Fusion solidifie davantage sa position en tant que solution ultime pour les entreprises d&rsquo;\u00e9chelles diverses cherchant \u00e0 \u00e9lever leurs efforts de marketing \u00e0 des hauteurs sans pr\u00e9c\u00e9dent.<\/p>\n","protected":false},"featured_media":146151,"comment_status":"open","ping_status":"open","template":"","meta":[],"product_brand":[2720],"product_cat":[1207,1181,1186],"product_tag":[1424],"class_list":{"0":"post-110457","1":"product","2":"type-product","3":"status-publish","4":"has-post-thumbnail","6":"product_brand-wp-fusion","7":"product_cat-commercialisation-wordpress-plugins","8":"product_cat-plugins","9":"product_cat-wordpress-plugins","10":"product_tag-wp-fusion","11":"member-discount","12":"discount-restricted","14":"first","15":"instock","16":"sale","17":"downloadable","18":"virtual","19":"sold-individually","20":"purchasable","21":"product-type-simple"},"_links":{"self":[{"href":"https:\/\/gpl-love.com\/fr\/wp-json\/wp\/v2\/product\/110457","targetHints":{"allow":["GET"]}}],"collection":[{"href":"https:\/\/gpl-love.com\/fr\/wp-json\/wp\/v2\/product"}],"about":[{"href":"https:\/\/gpl-love.com\/fr\/wp-json\/wp\/v2\/types\/product"}],"replies":[{"embeddable":true,"href":"https:\/\/gpl-love.com\/fr\/wp-json\/wp\/v2\/comments?post=110457"}],"wp:featuredmedia":[{"embeddable":true,"href":"https:\/\/gpl-love.com\/fr\/wp-json\/wp\/v2\/media\/146151"}],"wp:attachment":[{"href":"https:\/\/gpl-love.com\/fr\/wp-json\/wp\/v2\/media?parent=110457"}],"wp:term":[{"taxonomy":"product_brand","embeddable":true,"href":"https:\/\/gpl-love.com\/fr\/wp-json\/wp\/v2\/product_brand?post=110457"},{"taxonomy":"product_cat","embeddable":true,"href":"https:\/\/gpl-love.com\/fr\/wp-json\/wp\/v2\/product_cat?post=110457"},{"taxonomy":"product_tag","embeddable":true,"href":"https:\/\/gpl-love.com\/fr\/wp-json\/wp\/v2\/product_tag?post=110457"}],"curies":[{"name":"wp","href":"https:\/\/api.w.org\/{rel}","templated":true}]}}