{"id":110455,"date":"2026-04-30T00:00:00","date_gmt":"2026-04-29T22:00:00","guid":{"rendered":"http:\/\/gpl-love.com\/fr\/produit\/vehica-car-dealer-automotive-directory\/"},"modified":"2026-05-01T06:31:08","modified_gmt":"2026-05-01T04:31:08","slug":"vehica-car-dealer-automotive-directory","status":"publish","type":"product","link":"https:\/\/gpl-love.com\/fr\/produit\/vehica-car-dealer-automotive-directory\/","title":{"rendered":"Vehica Car Dealer et Automotive Directory 1.0.107"},"content":{"rendered":"<h3>Vehica Car Dealer et Automotive Directory Traits<\/h3>\n<p>Le concessionnaire automobile et r\u00e9pertoire automobile est une solution logicielle globale et compl\u00e8te sp\u00e9cialement con\u00e7ue pour r\u00e9pondre aux besoins des concessionnaires automobiles et des entreprises automobiles. Cette plate-forme innovante et de pointe rationalise et simplifie efficacement le processus par ailleurs complexe et \u00e0 forte intensit\u00e9 de main-d&rsquo;\u0153uvre de gestion et de pr\u00e9sentation des stocks, de planification des rendez-vous et de s&rsquo;engager dans une communication transparente avec les clients. La nature conviviale de Vehica garantit que les concessionnaires peuvent \u00e9num\u00e9rer et commercialiser sans effort leurs v\u00e9hicules, g\u00e9rer et superviser efficacement les prospects et les interactions des clients, ainsi que surveiller et analyser de pr\u00e8s les mesures de performance vitales. En outre, Vehica s&rsquo;int\u00e8gre de mani\u00e8re transparente aux syst\u00e8mes de paiement renomm\u00e9s et largement utilis\u00e9s, facilitant ainsi les transactions financi\u00e8res transparentes. Comme si cela ne suffisait pas, cette plate-forme exceptionnelle propose \u00e9galement des options de marque hautement personnalis\u00e9es et met en \u0153uvre des techniques d&rsquo;optimisation SEO de pointe, garantissant ainsi une visibilit\u00e9 maximale et une pr\u00e9sence en ligne pour les entreprises. Il est \u00e9vident que Vehica est l&rsquo;ultime \u00e0 guichet unique, offrant aux entreprises automobiles une bo\u00eete \u00e0 outils compl\u00e8te qui am\u00e9liore efficacement l&rsquo;efficacit\u00e9 op\u00e9rationnelle, stimule les ventes et, en fin de compte, cr\u00e9e une exp\u00e9rience client in\u00e9gal\u00e9e et exceptionnelle.<\/p>\n<ul>\n<li>R\u00e9pertoire automobile complet et r\u00e9pertoire automobile avec un large \u00e9ventail de listes<\/li>\n<li>Interface conviviale pour une navigation et une recherche faciles<\/li>\n<li>Informations d\u00e9taill\u00e9es sur chaque liste, y compris l&#8217;emplacement, les coordonn\u00e9es, les stocks et les notes \/ avis des clients pr\u00e9c\u00e9dents<\/li>\n<li>Filtres de recherche avanc\u00e9s pour aider les utilisateurs \u00e0 trouver exactement ce qu&rsquo;ils recherchent, par exemple par la marque \/ mod\u00e8le, la gamme de prix et l&#8217;emplacement<\/li>\n<li>Possibilit\u00e9 d&rsquo;enregistrer les listes pr\u00e9f\u00e9r\u00e9es et de recevoir des alertes par e-mail pour de nouvelles annonces ou des modifications aux existantes existantes<\/li>\n<li>Int\u00e9gration avec les m\u00e9dias sociaux et d&rsquo;autres plateformes en ligne pour le partage et la promotion<\/li>\n<li>Option pour que les concessionnaires am\u00e9liorent leur liste avec des fonctionnalit\u00e9s suppl\u00e9mentaires et des opportunit\u00e9s de publicit\u00e9<\/li>\n<li>Base de donn\u00e9es r\u00e9guli\u00e8rement mise \u00e0 jour pour garantir l&rsquo;exactitude et la pertinence des listes<\/li>\n<li>Accessible via des appareils de bureau ou mobiles pour une utilisation pratique en d\u00e9placement.<\/li>\n<\/ul>\n","protected":false},"excerpt":{"rendered":"<p>Le concessionnaire automobile et r\u00e9pertoire automobile est une plate-forme compl\u00e8te, visant \u00e0 soutenir les concessionnaires automobiles en promouvant efficacement leurs v\u00e9hicules et en \u00e9tablissant des liens avec les acheteurs potentiels. Ce r\u00e9pertoire poss\u00e8de une interface extr\u00eamement conviviale, permettant aux concessionnaires de t\u00e9l\u00e9charger de mani\u00e8re transparente les d\u00e9tails cruciaux du v\u00e9hicule, les photographies captivantes et les sp\u00e9cifications complexes. De plus, il sert d&rsquo;outil b\u00e9n\u00e9fique pour les acheteurs de voitures, ce qui leur permet de rechercher sans effort les v\u00e9hicules de marque et de mod\u00e8le souhait\u00e9s, de comparer les prix approfondis et d&rsquo;acc\u00e9der \u00e0 un \u00e9ventail d&rsquo;informations pertinentes, y compris les examens et les notes des concessionnaires. Vehica, en substance, aide non seulement les concessionnaires \u00e0 accentuer leur inventaire, mais garantit \u00e9galement que les consommateurs sont \u00e9quip\u00e9s de la capacit\u00e9 de d\u00e9couvrir la voiture id\u00e9ale qui s&rsquo;aligne harmonieusement avec leur ensemble unique d&rsquo;exigences.<\/p>\n","protected":false},"featured_media":145708,"comment_status":"open","ping_status":"open","template":"","meta":[],"product_brand":[2433],"product_cat":[1516,1212,1213],"product_tag":[1366],"class_list":{"0":"post-110455","1":"product","2":"type-product","3":"status-publish","4":"has-post-thumbnail","6":"product_brand-themeforest","7":"product_cat-entreprise","8":"product_cat-themes","9":"product_cat-wordpress-themes","10":"product_tag-themeforest","11":"member-discount","12":"discount-restricted","14":"first","15":"instock","16":"sale","17":"downloadable","18":"virtual","19":"sold-individually","20":"purchasable","21":"product-type-simple"},"_links":{"self":[{"href":"https:\/\/gpl-love.com\/fr\/wp-json\/wp\/v2\/product\/110455","targetHints":{"allow":["GET"]}}],"collection":[{"href":"https:\/\/gpl-love.com\/fr\/wp-json\/wp\/v2\/product"}],"about":[{"href":"https:\/\/gpl-love.com\/fr\/wp-json\/wp\/v2\/types\/product"}],"replies":[{"embeddable":true,"href":"https:\/\/gpl-love.com\/fr\/wp-json\/wp\/v2\/comments?post=110455"}],"wp:featuredmedia":[{"embeddable":true,"href":"https:\/\/gpl-love.com\/fr\/wp-json\/wp\/v2\/media\/145708"}],"wp:attachment":[{"href":"https:\/\/gpl-love.com\/fr\/wp-json\/wp\/v2\/media?parent=110455"}],"wp:term":[{"taxonomy":"product_brand","embeddable":true,"href":"https:\/\/gpl-love.com\/fr\/wp-json\/wp\/v2\/product_brand?post=110455"},{"taxonomy":"product_cat","embeddable":true,"href":"https:\/\/gpl-love.com\/fr\/wp-json\/wp\/v2\/product_cat?post=110455"},{"taxonomy":"product_tag","embeddable":true,"href":"https:\/\/gpl-love.com\/fr\/wp-json\/wp\/v2\/product_tag?post=110455"}],"curies":[{"name":"wp","href":"https:\/\/api.w.org\/{rel}","templated":true}]}}