{"id":110451,"date":"2025-04-17T00:00:00","date_gmt":"2025-04-16T22:00:00","guid":{"rendered":"http:\/\/gpl-love.com\/fr\/produit\/gravity-forms-constant-contact-addon\/"},"modified":"2026-03-20T23:17:43","modified_gmt":"2026-03-20T22:17:43","slug":"gravity-forms-constant-contact-addon","status":"publish","type":"product","link":"https:\/\/gpl-love.com\/fr\/produit\/gravity-forms-constant-contact-addon\/","title":{"rendered":"Gravity Forms Constant Contact Addon 1.8.0"},"content":{"rendered":"<h3>Gravity Forms Constant Contact Addon Traits<\/h3>\n<p>La gravit\u00e9 constitue une addition de contact constant, un outil tr\u00e8s puissant et efficace, a \u00e9t\u00e9 m\u00e9ticuleusement con\u00e7u pour faciliter les entreprises et les organisations pour rationaliser leurs efforts de marketing par e-mail. En int\u00e9grant de mani\u00e8re transparente un contact constant avec les formulaires de gravit\u00e9, les utilisateurs sont autoris\u00e9s \u00e0 incorporer sans effort de nouveaux abonn\u00e9s dans leurs listes de diffusion, ainsi qu&rsquo;\u00e0 construire des campagnes de messagerie personnalis\u00e9es. Cet addon remarquable englobe une pl\u00e9thore de caract\u00e9ristiques inestimables, allant de la capacit\u00e9 de faire correspondre les champs de formulaire pour contacter les champs, \u00e0 l&rsquo;\u00e9tablissement de cases \u00e0 cocher sur mesure, entre autres. Par cons\u00e9quent, il va sans dire que la gravit\u00e9 des formulaires de contact constant est un actif indispensable pour toute entreprise cherchant \u00e0 amplifier leurs initiatives de marketing par e-mail et \u00e0 \u00e9tendre leur base d&rsquo;abonn\u00e9s en constante augmentation.<\/p>\n<ul>\n<li>Int\u00e9gration transparente des formes de gravit\u00e9 et contact constant<\/li>\n<li>Permet un transfert facile et automatis\u00e9 des soumissions de formulaires \u00e0 un contact constant<\/li>\n<li>Ajoute automatiquement de nouveaux contacts aux listes d\u00e9sign\u00e9es en contact constant<\/li>\n<li>Param\u00e8tres personnalisables pour la cartographie des champs et la s\u00e9lection de liste<\/li>\n<li>Fournit des rapports d\u00e9taill\u00e9s sur toutes les soumissions de formulaires et l&rsquo;activit\u00e9 de contact constant<\/li>\n<li>Prend en charge plusieurs formulaires et listes de flexibilit\u00e9 dans les campagnes<\/li>\n<li>Gave le temps et \u00e9limine la saisie manuelle des donn\u00e9es<\/li>\n<li>Fournit un outil pr\u00e9cieux pour construire et g\u00e9rer les listes de marketing par e-mail<\/li>\n<li>Tr\u00e8s bien not\u00e9 et fiable par les utilisateurs et les experts<\/li>\n<li>Mis \u00e0 jour et pris en charge en permanence pour des performances optimales et une exp\u00e9rience utilisateur.<\/li>\n<\/ul>\n","protected":false},"excerpt":{"rendered":"<p>L&rsquo;addition de contact constant des formulaires de gravit\u00e9 est un outil incroyablement robuste et tr\u00e8s efficace qui int\u00e8gre de mani\u00e8re transparente les capacit\u00e9s puissantes de formes de gravit\u00e9 avec la fonctionnalit\u00e9 in\u00e9gal\u00e9e du contact constant. Cette int\u00e9gration unique vous offre la capacit\u00e9 exceptionnelle \u00e0 capturer sans effort et efficacement les prospects et les abonn\u00e9s pr\u00e9cieux directement \u00e0 partir de vos formes m\u00e9ticuleusement con\u00e7ues. Ce faisant, cet addon exceptionnel simplifie consid\u00e9rablement la t\u00e2che autrement intimidante de g\u00e9rer efficacement vos campagnes de marketing par e-mail complexes et complexes. Il r\u00e9alise cet exploit en ajoutant automatiquement et de mani\u00e8re transparente tous les nouveaux prospects et abonn\u00e9s \u00e0 votre compte de contact constant sans aucun effort manuel requis de votre part.<\/p>\n","protected":false},"featured_media":144063,"comment_status":"open","ping_status":"open","template":"","meta":[],"product_brand":[2565],"product_cat":[1191,1181,1186],"product_tag":[1275],"class_list":{"0":"post-110451","1":"product","2":"type-product","3":"status-publish","4":"has-post-thumbnail","6":"product_brand-gravityforms","7":"product_cat-formes","8":"product_cat-plugins","9":"product_cat-wordpress-plugins","10":"product_tag-gravityforms","11":"member-discount","12":"discount-restricted","14":"first","15":"instock","16":"sale","17":"downloadable","18":"virtual","19":"sold-individually","20":"purchasable","21":"product-type-simple"},"_links":{"self":[{"href":"https:\/\/gpl-love.com\/fr\/wp-json\/wp\/v2\/product\/110451","targetHints":{"allow":["GET"]}}],"collection":[{"href":"https:\/\/gpl-love.com\/fr\/wp-json\/wp\/v2\/product"}],"about":[{"href":"https:\/\/gpl-love.com\/fr\/wp-json\/wp\/v2\/types\/product"}],"replies":[{"embeddable":true,"href":"https:\/\/gpl-love.com\/fr\/wp-json\/wp\/v2\/comments?post=110451"}],"wp:featuredmedia":[{"embeddable":true,"href":"https:\/\/gpl-love.com\/fr\/wp-json\/wp\/v2\/media\/144063"}],"wp:attachment":[{"href":"https:\/\/gpl-love.com\/fr\/wp-json\/wp\/v2\/media?parent=110451"}],"wp:term":[{"taxonomy":"product_brand","embeddable":true,"href":"https:\/\/gpl-love.com\/fr\/wp-json\/wp\/v2\/product_brand?post=110451"},{"taxonomy":"product_cat","embeddable":true,"href":"https:\/\/gpl-love.com\/fr\/wp-json\/wp\/v2\/product_cat?post=110451"},{"taxonomy":"product_tag","embeddable":true,"href":"https:\/\/gpl-love.com\/fr\/wp-json\/wp\/v2\/product_tag?post=110451"}],"curies":[{"name":"wp","href":"https:\/\/api.w.org\/{rel}","templated":true}]}}