{"id":110449,"date":"2026-04-10T00:00:00","date_gmt":"2026-04-09T22:00:00","guid":{"rendered":"http:\/\/gpl-love.com\/fr\/produit\/mymedi-responsive-woocommerce-wordpress-theme\/"},"modified":"2026-04-10T18:32:38","modified_gmt":"2026-04-10T16:32:38","slug":"mymedi-responsive-woocommerce-wordpress-theme","status":"publish","type":"product","link":"https:\/\/gpl-love.com\/fr\/produit\/mymedi-responsive-woocommerce-wordpress-theme\/","title":{"rendered":"MyMedi Responsive WooCommerce WordPress Theme 1.8.0"},"content":{"rendered":"<h3>MyMedi Responsive WooCommerce WordPress Theme Traits<\/h3>\n<p>Le th\u00e8me WordPress de WooCommerce r\u00e9actif Mymedi est un th\u00e8me de commerce \u00e9lectronique exquis et de haute qualit\u00e9 qui a \u00e9t\u00e9 m\u00e9ticuleusement con\u00e7u pour r\u00e9pondre aux besoins exigeants des entreprises orient\u00e9es m\u00e9dicales. Ce th\u00e8me exceptionnel se vante d&rsquo;une r\u00e9activit\u00e9 compl\u00e8te et d&rsquo;une personnalisation in\u00e9gal\u00e9e, vous accordant la libert\u00e9 de fa\u00e7onner un site Web vraiment distinctif qui s&rsquo;aligne parfaitement avec vos exigences exactes. MyMedi est fourni avec un assortiment impressionnant de fonctionnalit\u00e9s de pointe, y compris un constructeur de pages extr\u00eamement puissant, un m\u00e9canisme de filtrage de produit avanc\u00e9, une fonctionnalit\u00e9 de vue rapide de produit pratique et un mega mega facilement personnalisable, entre autres. Avec son design \u00e9l\u00e9gant et contemporain, MyMedi facilite sans effort la navigation transparente et l&rsquo;approvisionnement en ligne sans tracas pour votre client\u00e8le estim\u00e9e, favorisant simultan\u00e9ment un air de professionnalisme et inculquant une confiance in\u00e9branlable dans votre entreprise. Que vous soyez un fournisseur m\u00e9dical distingu\u00e9, une pharmacie r\u00e9put\u00e9e ou un fournisseur de soins de sant\u00e9 estim\u00e9, l&rsquo;illustre th\u00e8me Mymedi est sans \u00e9quivoque la plate-forme par excellence \u00e0 travers laquelle vous pouvez pr\u00e9senter et pr\u00e9senter efficacement votre large \u00e9ventail de produits exceptionnels et de services exemplaires.<\/p>\n<ul>\n<li>Conception enti\u00e8rement r\u00e9active qui s&rsquo;adapte \u00e0 n&rsquo;importe quelle taille d&rsquo;\u00e9cran, ce qui rend votre magasin accessible sur le bureau, la tablette et les appareils mobiles<\/li>\n<li>Construit avec WooCommerce, la principale plateforme de commerce \u00e9lectronique, pour une puissante exp\u00e9rience en ligne<\/li>\n<li>Options de couleur et de police personnalisables, vous permettant d&rsquo;adapter l&rsquo;apparence et la sensation de votre magasin pour correspondre \u00e0 votre marque<\/li>\n<li>Installation de d\u00e9monstration en un clic pour configurer rapidement votre magasin avec des dispositions et des pages pr\u00e9d\u00e9finies<\/li>\n<li>Optimis\u00e9 pour que SEO augmente la visibilit\u00e9 dans le classement des moteurs de recherche et attire plus de clients<\/li>\n<li>Prend en charge les langues RTL (droite \u00e0 gauche) pour les magasins s&rsquo;adressant \u00e0 des haut-parleurs non latins<\/li>\n<li>Comprend une vari\u00e9t\u00e9 de blocs de contenu et de widgets pr\u00e9fabriqu\u00e9s pour ajouter un flair et des fonctionnalit\u00e9s \u00e0 votre site<\/li>\n<li>Mises \u00e0 jour r\u00e9guli\u00e8res et soutien continu de l&rsquo;\u00e9quipe MyMedi pour assurer une exp\u00e9rience d&rsquo;achat fluide et s\u00e9curis\u00e9e pour vos clients.<\/li>\n<\/ul>\n","protected":false},"excerpt":{"rendered":"<p>Mymedi, un th\u00e8me WooCommerce m\u00e9ticuleusement con\u00e7u et exceptionnellement convivial, a \u00e9t\u00e9 d\u00e9lib\u00e9r\u00e9ment construit exclusivement pour les magasins de sant\u00e9 et en ligne m\u00e9dicale. Dot\u00e9 d&rsquo;une conception remarquablement r\u00e9active et d&rsquo;un \u00e9ventail de fonctionnalit\u00e9s navigables sans effort, ce th\u00e8me vous permet sans effort de pr\u00e9senter sans effort votre vaste gamme de produits et services \u00e0 votre client\u00e8le estim\u00e9e avec une efficacit\u00e9 in\u00e9gal\u00e9e. B\u00e9n\u00e9ficiant d&rsquo;un assortiment impressionnant d&rsquo;options de mise en page, de styles d&rsquo;en-t\u00eate multiples et de mod\u00e8les m\u00e9ticuleusement personnalisables, Mymedi facilite de mani\u00e8re transparente la cr\u00e9ation d&rsquo;une exp\u00e9rience d&rsquo;achat in\u00e9gal et vraiment distinctive. De plus, avec son panneau administratif astucieusement intuitif, vous exercerez ind\u00e9niablement un contr\u00f4le in\u00e9gal\u00e9 sur l&rsquo;esth\u00e9tique et la fonctionnalit\u00e9 de votre site Web. En conclusion, Mymedi appara\u00eet ind\u00e9niablement comme le choix d\u00e9finitif de tous ceux qui s&rsquo;efforcent d&rsquo;\u00e9tablir une boutique m\u00e9dicale en ligne impeccablement moderne et sans \u00e9quivoque.<\/p>\n","protected":false},"featured_media":144639,"comment_status":"open","ping_status":"open","template":"","meta":[],"product_brand":[2433],"product_cat":[1516,1212,1213],"product_tag":[1366],"class_list":{"0":"post-110449","1":"product","2":"type-product","3":"status-publish","4":"has-post-thumbnail","6":"product_brand-themeforest","7":"product_cat-entreprise","8":"product_cat-themes","9":"product_cat-wordpress-themes","10":"product_tag-themeforest","11":"member-discount","12":"discount-restricted","14":"first","15":"instock","16":"sale","17":"downloadable","18":"virtual","19":"sold-individually","20":"purchasable","21":"product-type-simple"},"_links":{"self":[{"href":"https:\/\/gpl-love.com\/fr\/wp-json\/wp\/v2\/product\/110449","targetHints":{"allow":["GET"]}}],"collection":[{"href":"https:\/\/gpl-love.com\/fr\/wp-json\/wp\/v2\/product"}],"about":[{"href":"https:\/\/gpl-love.com\/fr\/wp-json\/wp\/v2\/types\/product"}],"replies":[{"embeddable":true,"href":"https:\/\/gpl-love.com\/fr\/wp-json\/wp\/v2\/comments?post=110449"}],"wp:featuredmedia":[{"embeddable":true,"href":"https:\/\/gpl-love.com\/fr\/wp-json\/wp\/v2\/media\/144639"}],"wp:attachment":[{"href":"https:\/\/gpl-love.com\/fr\/wp-json\/wp\/v2\/media?parent=110449"}],"wp:term":[{"taxonomy":"product_brand","embeddable":true,"href":"https:\/\/gpl-love.com\/fr\/wp-json\/wp\/v2\/product_brand?post=110449"},{"taxonomy":"product_cat","embeddable":true,"href":"https:\/\/gpl-love.com\/fr\/wp-json\/wp\/v2\/product_cat?post=110449"},{"taxonomy":"product_tag","embeddable":true,"href":"https:\/\/gpl-love.com\/fr\/wp-json\/wp\/v2\/product_tag?post=110449"}],"curies":[{"name":"wp","href":"https:\/\/api.w.org\/{rel}","templated":true}]}}