{"id":110447,"date":"2025-09-25T00:00:00","date_gmt":"2025-09-24T22:00:00","guid":{"rendered":"http:\/\/gpl-love.com\/fr\/produit\/give-stripe-gateway\/"},"modified":"2026-03-20T23:17:03","modified_gmt":"2026-03-20T22:17:03","slug":"give-stripe-gateway","status":"publish","type":"product","link":"https:\/\/gpl-love.com\/fr\/produit\/give-stripe-gateway\/","title":{"rendered":"GiveWP Stripe Gateway 2.7.1"},"content":{"rendered":"<h3>GiveWP Stripe Gateway Traits<\/h3>\n<p>GiveWP Stripe Gateway est une solution de traitement de paiement tr\u00e8s efficace con\u00e7ue sp\u00e9cifiquement pour les organisations \u00e0 but non lucratif qui cherchent \u00e0 faciliter les dons en ligne. En int\u00e9grant de mani\u00e8re transparente avec GiveWP et Stripe, cette passerelle remarquable permet \u00e0 des organisations \u00e0 but non lucratif de fournir \u00e0 leurs donateurs une plate-forme s\u00e9curis\u00e9e et fiable \u00e0 travers laquelle ils peuvent apporter des contributions via des cartes de cr\u00e9dit ou des transferts bancaires. La force inh\u00e9rente de cet outil r\u00e9side dans sa capacit\u00e9 \u00e0 offrir une interface conviviale, permettant ainsi aux organisations de personnaliser sans effort leurs pages de dons et de g\u00e9rer efficacement les donn\u00e9es des donneurs. Par cons\u00e9quent, \u00e0 l&rsquo;aide de GiveWP Stripe Gateway, les organisations \u00e0 but non lucratif sont en mesure d&rsquo;optimiser leurs efforts de collecte de fonds et d&rsquo;am\u00e9liorer consid\u00e9rablement leurs capacit\u00e9s de don en ligne, tout en garantissant une exp\u00e9rience de don pratique et prot\u00e9g\u00e9e pour leurs pr\u00e9cieux donneurs.<\/p>\n<ul>\n<li>Int\u00e9gration transparente avec le plugin de dons givwp<\/li>\n<li>Traitement des paiements s\u00e9curis\u00e9s via Stripe<\/li>\n<li>Formulaires de don personnalisables<\/li>\n<li>Suivi et rapport de don en temps r\u00e9el<\/li>\n<li>Accepte plusieurs devises<\/li>\n<li>Support aux dons r\u00e9currents<\/li>\n<li>Configuration et configuration faciles<\/li>\n<li>Gestion simplifi\u00e9e des dons pour les organisations \u00e0 but non lucratif et les organismes de bienfaisance<\/li>\n<li>Re\u00e7us par e-mail automatiques pour les donateurs<\/li>\n<li>Conception mobile r\u00e9active et conviviale<\/li>\n<\/ul>\n","protected":false},"excerpt":{"rendered":"<p>La passerelle GiveWP Stripe, un plugin de passerelle de paiement robuste express\u00e9ment con\u00e7u pour optimiser et faciliter le processus de don sur votre site Web GiveWP, t\u00e9moigne des progr\u00e8s remarquables r\u00e9alis\u00e9s dans le domaine des paiements en ligne. Sa fonctionnalit\u00e9 in\u00e9gal\u00e9e permet aux donateurs de contribuer sans effort leurs fonds de mani\u00e8re rapide et s\u00e9curis\u00e9e, exploitant la puissance de leurs cartes de cr\u00e9dit ou de d\u00e9bit. Notamment, la passerelle BidWP Stripe pr\u00e9sente un support in\u00e9branlable pour toutes les principales cartes de cr\u00e9dit, attestant de son adaptabilit\u00e9 et de son compr\u00e9hension. De plus, il offre un engagement constant envers les normes de s\u00e9curit\u00e9 PCI DSS strictes, en supposant ainsi toute pr\u00e9occupation concernant la sauvegarde des informations sensibles de vos donateurs estim\u00e9s. En outre, le plugin poss\u00e8de une gamme de fonctionnalit\u00e9s avanc\u00e9es qui transcendent l&rsquo;ordinaire, y compris la fourniture d&rsquo;options de r\u00e9ception personnalis\u00e9es, la facilitation de dons r\u00e9currents et la possibilit\u00e9 de couvrir les frais de don encourus. En int\u00e9grant de mani\u00e8re transparente la passerelle GiveWP Stripe dans l&rsquo;infrastructure de votre site Web, vous pouvez efficacement \u00e9lever votre processus de don, renfor\u00e7ant finalement vos chances de cultiver un flux de contributions plus prolifique.<\/p>\n","protected":false},"featured_media":144021,"comment_status":"open","ping_status":"open","template":"","meta":[],"product_brand":[2561],"product_cat":[1253,1181,1186],"product_tag":[2282],"class_list":{"0":"post-110447","1":"product","2":"type-product","3":"status-publish","4":"has-post-thumbnail","6":"product_brand-givewp","7":"product_cat-paiement","8":"product_cat-plugins","9":"product_cat-wordpress-plugins","10":"product_tag-givewp","11":"member-discount","12":"discount-restricted","14":"first","15":"instock","16":"sale","17":"downloadable","18":"virtual","19":"sold-individually","20":"purchasable","21":"product-type-simple"},"_links":{"self":[{"href":"https:\/\/gpl-love.com\/fr\/wp-json\/wp\/v2\/product\/110447","targetHints":{"allow":["GET"]}}],"collection":[{"href":"https:\/\/gpl-love.com\/fr\/wp-json\/wp\/v2\/product"}],"about":[{"href":"https:\/\/gpl-love.com\/fr\/wp-json\/wp\/v2\/types\/product"}],"replies":[{"embeddable":true,"href":"https:\/\/gpl-love.com\/fr\/wp-json\/wp\/v2\/comments?post=110447"}],"wp:featuredmedia":[{"embeddable":true,"href":"https:\/\/gpl-love.com\/fr\/wp-json\/wp\/v2\/media\/144021"}],"wp:attachment":[{"href":"https:\/\/gpl-love.com\/fr\/wp-json\/wp\/v2\/media?parent=110447"}],"wp:term":[{"taxonomy":"product_brand","embeddable":true,"href":"https:\/\/gpl-love.com\/fr\/wp-json\/wp\/v2\/product_brand?post=110447"},{"taxonomy":"product_cat","embeddable":true,"href":"https:\/\/gpl-love.com\/fr\/wp-json\/wp\/v2\/product_cat?post=110447"},{"taxonomy":"product_tag","embeddable":true,"href":"https:\/\/gpl-love.com\/fr\/wp-json\/wp\/v2\/product_tag?post=110447"}],"curies":[{"name":"wp","href":"https:\/\/api.w.org\/{rel}","templated":true}]}}