{"id":110443,"date":"2022-03-24T00:00:00","date_gmt":"2022-03-23T23:00:00","guid":{"rendered":"http:\/\/gpl-love.com\/fr\/produit\/admin-columns-pro-toolset-types\/"},"modified":"2026-03-20T22:53:09","modified_gmt":"2026-03-20T21:53:09","slug":"admin-columns-pro-toolset-types","status":"publish","type":"product","link":"https:\/\/gpl-love.com\/fr\/produit\/admin-columns-pro-toolset-types\/","title":{"rendered":"Admin Columns Pro Toolset Types 1.8"},"content":{"rendered":"<h3>Admin Columns Pro Toolset Types Traits<\/h3>\n<p>Admin Columns Pro Toolse Types est un outil robuste et global qui offre une vaste gamme de fonctionnalit\u00e9s am\u00e9lior\u00e9es pour g\u00e9rer efficacement les types de publication et les taxonomies personnalis\u00e9s dans la plate-forme WordPress. En fournissant aux administrateurs la capacit\u00e9 transparente d&rsquo;adapter sans effort les colonnes et les champs qui sont pr\u00e9sent\u00e9s dans le tableau de bord WordPress, cet outil am\u00e9liore consid\u00e9rablement l&rsquo;efficacit\u00e9 de la gestion du contenu et des processus d&rsquo;organisation. En outre, cet outil int\u00e8gre des capacit\u00e9s de filtrage et de tri avanc\u00e9es, en plus d&rsquo;activer les fonctionnalit\u00e9s d&rsquo;\u00e9dition en vrac et d&rsquo;exportation de donn\u00e9es. B\u00e9n\u00e9ficiant d&rsquo;une interface conviviale et d&rsquo;un arsenal de fonctionnalit\u00e9s puissantes, les types de plats d&rsquo;outils d&rsquo;administration Admin, \u00e9merge ind\u00e9niablement comme une ressource indispensable pour les personnes cherchant \u00e0 optimiser leur flux de travail WordPress et \u00e0 renforcer les niveaux de productivit\u00e9 globale.<\/p>\n<ul>\n<li>Un outil puissant pour g\u00e9rer et personnaliser les colonnes dans les pages d&rsquo;administration WordPress<\/li>\n<li>Compatible avec le plugin de types d&rsquo;outils, offrant encore plus de flexibilit\u00e9 et de contr\u00f4le sur votre affichage de contenu<\/li>\n<li>Vous permet d&rsquo;ajouter, de supprimer ou de modifier les colonnes rapidement et facilement, sans aucune connaissance de codage requise<\/li>\n<li>Offre une interface conviviale avec des fonctionnalit\u00e9s de glisser-d\u00e9poser pour une personnalisation sans effort<\/li>\n<li>Permet le tri, le filtrage et la recherche de colonnes, ce qui facilite la recherche des informations dont vous avez besoin<\/li>\n<li>Offre un support pour les types de publiques personnalis\u00e9s, les taxonomies et les champs, vous avez donc un contr\u00f4le complet sur votre gestion de contenu<\/li>\n<li>Livr\u00e9 avec une gamme de colonnes pr\u00e9d\u00e9finies, y compris des valeurs de champ personnalis\u00e9es, des images miniatures, des informations sur l&rsquo;auteur, et plus<\/li>\n<li>Fournit des fonctionnalit\u00e9s avanc\u00e9es telles que l&rsquo;\u00e9dition en ligne, la mise en forme conditionnelle et le contr\u00f4le de la visibilit\u00e9 des colonnes, vous offrant encore plus de puissance pour adapter vos pages d&rsquo;administration \u00e0 vos besoins.<\/li>\n<\/ul>\n","protected":false},"excerpt":{"rendered":"<p>Admin Columns Pro Toolse Types Le plugin est un plugin WordPress incroyablement efficace qui fournit une plate-forme robuste pour pr\u00e9senter des champs personnalis\u00e9s dans WordPress. Cet outil vous permet de g\u00e9rer facilement les colonnes de donn\u00e9es avec des colonnes d&rsquo;administration Pro, vous donnant la capacit\u00e9 d&rsquo;incorporer, modifier et organiser et organiser divers ensembles des colonnes de donn\u00e9es.<\/p>\n<p>Le plugin offre un excellent tri et filtrage des colonnes de donn\u00e9es, ainsi qu&rsquo;une excellente fonctionnalit\u00e9 de recherche dans les colonnes d&rsquo;administration Pro, ce qui en fait un outil indispensable pour les utilisateurs administratifs traitant des collections de donn\u00e9es complexes. Ces fonctionnalit\u00e9s am\u00e9liorent non seulement l&rsquo;efficacit\u00e9 du processus de travail, mais acc\u00e9l\u00e8rent \u00e9galement les t\u00e2ches avec les colonnes d&rsquo;administration pro, ce qui augmente finalement la productivit\u00e9.<\/p>\n<p>Le plugin de types d&rsquo;outils de colonnes d&rsquo;administration Pro ne sert pas seulement aux administrateurs; Il am\u00e9liore \u00e9galement l&rsquo;exp\u00e9rience de navigation pour vos visiteurs. Admin Columns Pro Toolse Types Les avantages sont nombreux, y compris son incorporation transparente des ensembles de donn\u00e9es, ce qui en fait un outil incontournable pour tous ceux qui cherchent \u00e0 optimiser leur exp\u00e9rience WordPress.<\/p>\n","protected":false},"featured_media":143033,"comment_status":"open","ping_status":"open","template":"","meta":[],"product_brand":[2442],"product_cat":[1187,1181,1186],"product_tag":[1185],"class_list":{"0":"post-110443","1":"product","2":"type-product","3":"status-publish","4":"has-post-thumbnail","6":"product_brand-admin-columns-pro","7":"product_cat-administration-wordpress-plugins","8":"product_cat-plugins","9":"product_cat-wordpress-plugins","10":"product_tag-admin-columns-pro","11":"member-discount","12":"discount-restricted","14":"first","15":"instock","16":"sale","17":"downloadable","18":"virtual","19":"sold-individually","20":"purchasable","21":"product-type-simple"},"_links":{"self":[{"href":"https:\/\/gpl-love.com\/fr\/wp-json\/wp\/v2\/product\/110443","targetHints":{"allow":["GET"]}}],"collection":[{"href":"https:\/\/gpl-love.com\/fr\/wp-json\/wp\/v2\/product"}],"about":[{"href":"https:\/\/gpl-love.com\/fr\/wp-json\/wp\/v2\/types\/product"}],"replies":[{"embeddable":true,"href":"https:\/\/gpl-love.com\/fr\/wp-json\/wp\/v2\/comments?post=110443"}],"wp:featuredmedia":[{"embeddable":true,"href":"https:\/\/gpl-love.com\/fr\/wp-json\/wp\/v2\/media\/143033"}],"wp:attachment":[{"href":"https:\/\/gpl-love.com\/fr\/wp-json\/wp\/v2\/media?parent=110443"}],"wp:term":[{"taxonomy":"product_brand","embeddable":true,"href":"https:\/\/gpl-love.com\/fr\/wp-json\/wp\/v2\/product_brand?post=110443"},{"taxonomy":"product_cat","embeddable":true,"href":"https:\/\/gpl-love.com\/fr\/wp-json\/wp\/v2\/product_cat?post=110443"},{"taxonomy":"product_tag","embeddable":true,"href":"https:\/\/gpl-love.com\/fr\/wp-json\/wp\/v2\/product_tag?post=110443"}],"curies":[{"name":"wp","href":"https:\/\/api.w.org\/{rel}","templated":true}]}}