{"id":110442,"date":"2022-03-24T00:00:00","date_gmt":"2022-03-23T23:00:00","guid":{"rendered":"http:\/\/gpl-love.com\/fr\/produit\/admin-columns-pro-pods\/"},"modified":"2026-03-20T22:53:08","modified_gmt":"2026-03-20T21:53:08","slug":"admin-columns-pro-pods","status":"publish","type":"product","link":"https:\/\/gpl-love.com\/fr\/produit\/admin-columns-pro-pods\/","title":{"rendered":"Admin Columns Pro Pods 1.7"},"content":{"rendered":"<h3>Admin Columns Pro Pods Traits<\/h3>\n<p>Admin Columns Pro Pods est un plugin tr\u00e8s robuste qui a \u00e9t\u00e9 sp\u00e9cifiquement d\u00e9velopp\u00e9 pour augmenter consid\u00e9rablement la fonctionnalit\u00e9 globale des sites Web WordPress. En utilisant ce plugin de pointe, les utilisateurs peuvent g\u00e9rer et pr\u00e9senter sans effort des champs personnalis\u00e9s qui ont \u00e9t\u00e9 cr\u00e9\u00e9s de mani\u00e8re experte avec le plugin Pods extr\u00eamement populaire. En outre, cet outil inestimable offre une interface exceptionnellement conviviale qui facilite efficacement la gestion efficace des champs personnalis\u00e9s, tout en permettant aux utilisateurs de les afficher en \u00e9vidence dans leurs colonnes d&rsquo;administration WordPress. Par cons\u00e9quent, ce plugin ing\u00e9nieux rationalise consid\u00e9rablement la t\u00e2che ardue de superviser et de modifier le contenu du site Web, entra\u00eenant finalement des \u00e9conomies substantielles en termes de temps et d&rsquo;\u00e9nergie. Comme si ses fonctionnalit\u00e9s existantes n&rsquo;\u00e9taient pas assez impressionnantes, ce plugin poss\u00e8de \u00e9galement un large \u00e9ventail de capacit\u00e9s avanc\u00e9es, y compris, mais sans s&rsquo;y limiter, le filtrage, le tri et l&rsquo;\u00e9dition en ligne, qui accordent collectivement aux utilisateurs la ma\u00eetrise absolue sur les donn\u00e9es de leur site Web. Lorsqu&rsquo;il est pris dans son int\u00e9gralit\u00e9, il devient clairement clair que les colonnes d&rsquo;administration Pro Pods sont un plugin indispensable qui est une n\u00e9cessit\u00e9 absolue pour tout site WordPress qui s&rsquo;appuie largement sur l&rsquo;utilisation de champs personnalis\u00e9s cr\u00e9\u00e9s \u00e0 l&rsquo;aide de pods.<\/p>\n<ul>\n<li>Admin Columns Pro Pods est un puissant plugin WordPress qui permet aux utilisateurs de personnaliser leurs colonnes et pods d&rsquo;administration.<\/li>\n<li>Avec ce plugin, les utilisateurs peuvent facilement ajouter ou supprimer des colonnes, modifier les en-t\u00eates de colonne et faire glisser et d\u00e9poser des colonnes pour personnaliser leur \u00e9cran d&rsquo;administration.<\/li>\n<li>Ce plugin est id\u00e9al pour les administrateurs de sites WordPress qui souhaitent am\u00e9liorer leur productivit\u00e9 et rationaliser leur flux de travail.<\/li>\n<li>Admin Columns Pro Pods permet aux utilisateurs d&rsquo;acc\u00e9der \u00e0 des donn\u00e9es sp\u00e9cifiques et de gagner du temps en affichant des donn\u00e9es pertinentes pour eux dans les colonnes.<\/li>\n<li>Le plugin est polyvalent et fonctionne avec une gamme de plugins tiers populaires, tels que WooCommerce, Yoast SEO et des champs personnalis\u00e9s avanc\u00e9s.<\/li>\n<li>Avec Admin Columns Pro Pods, les utilisateurs peuvent am\u00e9liorer les performances et l&rsquo;organisation de leur site en cr\u00e9ant des pods personnalis\u00e9s dynamiques, qui peuvent \u00eatre facilement modifi\u00e9s et inclure des types de publication personnalis\u00e9s, des taxonomies et des champs.<\/li>\n<li>Le plugin est con\u00e7u pour \u00eatre convivial et intuitif, avec une interface simple et facile \u00e0 utiliser que n&rsquo;importe qui peut naviguer.<\/li>\n<li>Admin Columns Pro Pods propose \u00e9galement des fonctionnalit\u00e9s premium telles que les fonctionnalit\u00e9s d&rsquo;exportation et d&rsquo;importation, de formatage conditionnel et de filtrage.<\/li>\n<li>Le plugin est r\u00e9guli\u00e8rement mis \u00e0 jour et maintenu, garantissant qu&rsquo;il reste compatible avec les derni\u00e8res versions WordPress et les plugins tiers.<\/li>\n<li>Enfin, Admin Columns Pro Pods offre un support client exceptionnel, avec une \u00e9quipe d&rsquo;experts d\u00e9di\u00e9e pour aider les utilisateurs \u00e0 avoir des questions ou des probl\u00e8mes qu&rsquo;ils peuvent rencontrer.<\/li>\n<\/ul>\n","protected":false},"excerpt":{"rendered":"<p>Vous efforcez-vous de gagner la commande sur votre personnalisation des colonnes d&rsquo;administration WordPress? Votre recherche se termine par l&rsquo;outil Admin Columns Pro Pods, la solution ultime pour les colonnes d&rsquo;administration WordPress. En effectuant un usage efficace des colonnes d&rsquo;administration pro, la personnalisation de vos colonnes d&rsquo;administration WordPress devient un morceau de g\u00e2teau. Affichez les donn\u00e9es personnalis\u00e9es dans WordPress \u00e0 partir de n&rsquo;importe quel champ ou de donn\u00e9es personnalis\u00e9es tir\u00e9es de votre configuration de pods pour WordPress.<\/p>\n<p>Cet outil se distingue dans l&rsquo;organisation des colonnes d&rsquo;administration WordPress, le filtrage des donn\u00e9es WordPress et la consolidation des donn\u00e9es WordPress pour acqu\u00e9rir la vue exacte dont vous avez besoin. L&rsquo;am\u00e9lioration de la productivit\u00e9 avec les colonnes d&rsquo;administration Pro Pods est une donn\u00e9e, avec l&rsquo;avantage suppl\u00e9mentaire d&rsquo;\u00eatre un outil WordPress \u00e9conome en temps.<\/p>\n<p>La gestion des sites WordPress sans couture n&rsquo;est plus un r\u00eave lointain, gr\u00e2ce aux colonnes d&rsquo;administration pro. Cet outil vous aide non seulement \u00e0 conserver un temps pr\u00e9cieux, mais augmente \u00e9galement votre productivit\u00e9, permettant ainsi une gestion efficace de votre site WordPress. Cet outil est en effet la solution ultime pour ceux qui cherchent \u00e0 gagner la commande sur les colonnes d&rsquo;administration WordPress et \u00e0 g\u00e9rer leur site WordPress avec des colonnes d&rsquo;administration pro.<\/p>\n","protected":false},"featured_media":143032,"comment_status":"open","ping_status":"open","template":"","meta":[],"product_brand":[2442],"product_cat":[1187,1181,1186],"product_tag":[1185],"class_list":{"0":"post-110442","1":"product","2":"type-product","3":"status-publish","4":"has-post-thumbnail","6":"product_brand-admin-columns-pro","7":"product_cat-administration-wordpress-plugins","8":"product_cat-plugins","9":"product_cat-wordpress-plugins","10":"product_tag-admin-columns-pro","11":"member-discount","12":"discount-restricted","14":"first","15":"instock","16":"sale","17":"downloadable","18":"virtual","19":"sold-individually","20":"purchasable","21":"product-type-simple"},"_links":{"self":[{"href":"https:\/\/gpl-love.com\/fr\/wp-json\/wp\/v2\/product\/110442","targetHints":{"allow":["GET"]}}],"collection":[{"href":"https:\/\/gpl-love.com\/fr\/wp-json\/wp\/v2\/product"}],"about":[{"href":"https:\/\/gpl-love.com\/fr\/wp-json\/wp\/v2\/types\/product"}],"replies":[{"embeddable":true,"href":"https:\/\/gpl-love.com\/fr\/wp-json\/wp\/v2\/comments?post=110442"}],"wp:featuredmedia":[{"embeddable":true,"href":"https:\/\/gpl-love.com\/fr\/wp-json\/wp\/v2\/media\/143032"}],"wp:attachment":[{"href":"https:\/\/gpl-love.com\/fr\/wp-json\/wp\/v2\/media?parent=110442"}],"wp:term":[{"taxonomy":"product_brand","embeddable":true,"href":"https:\/\/gpl-love.com\/fr\/wp-json\/wp\/v2\/product_brand?post=110442"},{"taxonomy":"product_cat","embeddable":true,"href":"https:\/\/gpl-love.com\/fr\/wp-json\/wp\/v2\/product_cat?post=110442"},{"taxonomy":"product_tag","embeddable":true,"href":"https:\/\/gpl-love.com\/fr\/wp-json\/wp\/v2\/product_tag?post=110442"}],"curies":[{"name":"wp","href":"https:\/\/api.w.org\/{rel}","templated":true}]}}