{"id":110441,"date":"2021-09-23T00:00:00","date_gmt":"2021-09-22T22:00:00","guid":{"rendered":"http:\/\/gpl-love.com\/fr\/produit\/admin-columns-pro-ninja-forms\/"},"modified":"2026-03-20T22:53:07","modified_gmt":"2026-03-20T21:53:07","slug":"admin-columns-pro-ninja-forms","status":"publish","type":"product","link":"https:\/\/gpl-love.com\/fr\/produit\/admin-columns-pro-ninja-forms\/","title":{"rendered":"Admin Columns Pro Ninja Forms 1.5"},"content":{"rendered":"<h3>Admin Columns Pro Ninja Forms Traits<\/h3>\n<p>Le plugin de formulaires Admin Columns Pro Ninja est un plugin WordPress incroyablement robuste et puissant qui offre la capacit\u00e9 unique d&rsquo;\u00e9tablir et de concevoir des colonnes personnalis\u00e9es sp\u00e9cifiquement adapt\u00e9es \u00e0 vos soumissions Ninja Forms. En incorporant ce plugin dans votre site Web WordPress, vous pourrez g\u00e9rer et examiner sans effort vos soumissions de formulaire de mani\u00e8re beaucoup plus conviviale et logique. Ceci est accompli en int\u00e9grant de mani\u00e8re transparente les colonnes personnalis\u00e9es dans l&rsquo;aper\u00e7u des soumissions, ce qui entra\u00eene finalement une exp\u00e9rience plus rationalis\u00e9e et efficace. De plus, le plugin poss\u00e8de un assortiment impressionnant de colonnes pr\u00e9existantes \u00e0 choisir, y compris la date de soumission, l&rsquo;adresse IP de l&rsquo;utilisateur et le titre de formulaire, entre autres. Cependant, la vraie beaut\u00e9 r\u00e9side dans la capacit\u00e9 du plugin \u00e0 offrir \u00e0 ses utilisateurs la possibilit\u00e9 de cr\u00e9er leurs propres colonnes sur mesure et personnalis\u00e9es en fonction des donn\u00e9es sp\u00e9cifiques qu&rsquo;ils souhaitent parcourir. Ce niveau de personnalisation in\u00e9gal\u00e9 est vraiment in\u00e9gal\u00e9. De plus, le plugin accorde gracieusement aux utilisateurs la possibilit\u00e9 de filtrer et de trier leurs soumissions en fonction de l&rsquo;une des colonnes qu&rsquo;ils ont ajout\u00e9es de mani\u00e8re r\u00e9fl\u00e9chie. Cette fonctionnalit\u00e9 inestimable permet une approche consid\u00e9rablement plus simplifi\u00e9e et efficace pour g\u00e9rer et analyser vos soumissions de formulaires Ninja. En conclusion, il va sans dire que le plugin de formulaires de colonnes d&rsquo;administration est un outil n\u00e9cessaire et indispensable pour tous ceux qui cherchent \u00e0 am\u00e9liorer la gestion globale et l&rsquo;analyse de leurs soumissions Ninja Forms.<\/p>\n<ul>\n<li>Simplifie la gestion des soumissions de formes Ninja<\/li>\n<li>Ajoute des colonnes personnalis\u00e9es \u00e0 la table de soumission des formulaires Ninja<\/li>\n<li>Prend en charge divers types de colonnes, y compris les donn\u00e9es des utilisateurs, du poste et de la taxonomie<\/li>\n<li>Permet le filtrage des soumissions bas\u00e9es sur des colonnes personnalis\u00e9es<\/li>\n<li>Permet le tri des soumissions \u00e0 l&rsquo;aide de colonnes personnalis\u00e9es<\/li>\n<li>Offre l&rsquo;\u00e9dition en ligne de colonnes personnalis\u00e9es pour des mises \u00e0 jour rapides<\/li>\n<li>Fournit des options d&rsquo;exportation pour les colonnes et les soumissions personnalis\u00e9es<\/li>\n<li>INTRESSE INT\u00c9RATEMENT avec les colonnes d&rsquo;administration PRO pour une exp\u00e9rience de personnalisation compl\u00e8te de l&rsquo;interface d&rsquo;administration.<\/li>\n<\/ul>\n","protected":false},"excerpt":{"rendered":"<p>Admin Columns Pro Ninja Forms est un outil puissant qui permet aux utilisateurs de cr\u00e9er des tables dynamiques avec des formulaires Ninja sans effort. La fonctionnalit\u00e9 am\u00e9lior\u00e9e des formulaires Ninja est amplifi\u00e9e avec ce plugin, fournissant des colonnes personnalisables pour les formulaires Ninja, ce qui fait de la gestion des donn\u00e9es de formulaires Ninja une brise.<\/p>\n<p>Cette gestion efficace des donn\u00e9es avec des formulaires Ninja est rendue possible par la capacit\u00e9 de trier et de filtrer facilement les entr\u00e9es. Les vues personnalis\u00e9es avec les colonnes d&rsquo;administration Pro Ninja Formulaires simplifient encore le processus, ce qui le rend plus convivial. Le plugin a \u00e9galement la capacit\u00e9 ajout\u00e9e d&rsquo;exporter des donn\u00e9es de formulaires Ninja aux formats CSV, Excel ou PDF, ce qui ajoute \u00e0 l&rsquo;adaptabilit\u00e9 des formulaires de colonnes d&rsquo;administration.<\/p>\n<p>Le plugin sert de solution id\u00e9ale pour g\u00e9rer les donn\u00e9es Ninja Forms pour diff\u00e9rents utilisateurs. Il est parfait pour les propri\u00e9taires de sites Web qui souhaitent am\u00e9liorer leur gestion du site, les d\u00e9veloppeurs qui ont besoin d&rsquo;un outil de gestion des donn\u00e9es flexible et convivial et des sp\u00e9cialistes du marketing qui ont besoin de g\u00e9rer de grands volumes de donn\u00e9es. Par cons\u00e9quent, les formulaires d&rsquo;administration des colonnes Adming sont un outil indispensable pour une gestion efficace des donn\u00e9es et sans tracas.<\/p>\n","protected":false},"featured_media":143031,"comment_status":"open","ping_status":"open","template":"","meta":[],"product_brand":[2442],"product_cat":[1191,1181,1186],"product_tag":[1185],"class_list":{"0":"post-110441","1":"product","2":"type-product","3":"status-publish","4":"has-post-thumbnail","6":"product_brand-admin-columns-pro","7":"product_cat-formes","8":"product_cat-plugins","9":"product_cat-wordpress-plugins","10":"product_tag-admin-columns-pro","11":"member-discount","12":"discount-restricted","14":"first","15":"instock","16":"sale","17":"downloadable","18":"virtual","19":"sold-individually","20":"purchasable","21":"product-type-simple"},"_links":{"self":[{"href":"https:\/\/gpl-love.com\/fr\/wp-json\/wp\/v2\/product\/110441","targetHints":{"allow":["GET"]}}],"collection":[{"href":"https:\/\/gpl-love.com\/fr\/wp-json\/wp\/v2\/product"}],"about":[{"href":"https:\/\/gpl-love.com\/fr\/wp-json\/wp\/v2\/types\/product"}],"replies":[{"embeddable":true,"href":"https:\/\/gpl-love.com\/fr\/wp-json\/wp\/v2\/comments?post=110441"}],"wp:featuredmedia":[{"embeddable":true,"href":"https:\/\/gpl-love.com\/fr\/wp-json\/wp\/v2\/media\/143031"}],"wp:attachment":[{"href":"https:\/\/gpl-love.com\/fr\/wp-json\/wp\/v2\/media?parent=110441"}],"wp:term":[{"taxonomy":"product_brand","embeddable":true,"href":"https:\/\/gpl-love.com\/fr\/wp-json\/wp\/v2\/product_brand?post=110441"},{"taxonomy":"product_cat","embeddable":true,"href":"https:\/\/gpl-love.com\/fr\/wp-json\/wp\/v2\/product_cat?post=110441"},{"taxonomy":"product_tag","embeddable":true,"href":"https:\/\/gpl-love.com\/fr\/wp-json\/wp\/v2\/product_tag?post=110441"}],"curies":[{"name":"wp","href":"https:\/\/api.w.org\/{rel}","templated":true}]}}