{"id":110440,"date":"2022-03-24T00:00:00","date_gmt":"2022-03-23T23:00:00","guid":{"rendered":"http:\/\/gpl-love.com\/fr\/produit\/admin-columns-pro-meta-box\/"},"modified":"2026-03-20T22:53:07","modified_gmt":"2026-03-20T21:53:07","slug":"admin-columns-pro-meta-box","status":"publish","type":"product","link":"https:\/\/gpl-love.com\/fr\/produit\/admin-columns-pro-meta-box\/","title":{"rendered":"Admin Columns Pro Meta Box 1.3"},"content":{"rendered":"<h3>Admin Columns Pro Meta Box Traits<\/h3>\n<p>Les colonnes d&rsquo;administration Pro Meta Box sont un outil extr\u00eamement robuste et influent qui a \u00e9t\u00e9 sp\u00e9cifiquement cr\u00e9\u00e9 pour optimiser les fonctionnalit\u00e9s des colonnes d&rsquo;administration WordPress. Ce plugin extr\u00eamement utile permet aux utilisateurs d&rsquo;int\u00e9grer de mani\u00e8re transparente des champs personnalis\u00e9s dans leurs colonnes d&rsquo;administration, simplifiant ainsi la t\u00e2che de surveillance et d&rsquo;organisation des donn\u00e9es cruciales. En raison de son interface incroyablement conviviale, les individus peuvent configurer et g\u00e9rer efficacement les colonnes dans une gamme diversifi\u00e9e de types de publication, tels que des pages, des publications, des m\u00e9dias et m\u00eame des types de publication personnalis\u00e9s. De plus, ce plugin prend en charge une myriade de fonctionnalit\u00e9s avanc\u00e9es, y compris, mais sans s&rsquo;y limiter, le filtrage, le tri et l&rsquo;exportation des donn\u00e9es, qui servent tous \u00e0 \u00e9conomiser le temps et \u00e0 accro\u00eetre la productivit\u00e9 globale. Tout bien consid\u00e9r\u00e9, les colonnes d&rsquo;administration Pro Meta Box s&rsquo;av\u00e8re \u00eatre une solution exceptionnellement polyvalente pour les utilisateurs de WordPress qui souhaitent rationaliser leurs colonnes d&rsquo;administration et am\u00e9liorer consid\u00e9rablement leur flux de travail.<\/p>\n<ul>\n<li>Un outil puissant et flexible pour g\u00e9rer vos m\u00e9tadonn\u00e9es WordPress<\/li>\n<li>Vous permet de cr\u00e9er des m\u00e9ta-box personnalis\u00e9s en quelques clics seulement<\/li>\n<li>Personnalisez l&rsquo;apparence et la fonctionnalit\u00e9 de chaque m\u00e9ta-bo\u00eete pour r\u00e9pondre \u00e0 vos besoins<\/li>\n<li>G\u00e9rer et modifier vos m\u00e9tadonn\u00e9es directement \u00e0 partir du tableau de bord de l&rsquo;administrateur WordPress<\/li>\n<li>Prend en charge une large gamme de types de champs, y compris du texte, des cases \u00e0 cocher, des boutons radio et plus encore<\/li>\n<li>Int\u00e9grez facilement vos m\u00e9ta-bo\u00eetes personnalis\u00e9es avec vos th\u00e8mes et plugins WordPress<\/li>\n<li>D\u00e9verrouillez le plein potentiel de votre site WordPress en prenant le contr\u00f4le de vos m\u00e9tadonn\u00e9es<\/li>\n<li>Autorisez votre \u00e9quipe avec la possibilit\u00e9 de g\u00e9rer et de modifier les champs personnalis\u00e9s sans avoir \u00e0 acc\u00e9der au code backend<\/li>\n<li>Gagnez du temps et rationalisez votre flux de travail en simplifiant le processus de cr\u00e9ation et de gestion des m\u00e9tadonn\u00e9es personnalis\u00e9es.<\/li>\n<\/ul>\n","protected":false},"excerpt":{"rendered":"<p>Admin Columns Pro Meta Box est un plugin unique et rempli de fonctionnalit\u00e9s qui vous offre les outils pour personnaliser votre site Web WordPress sans effort. Les fonctionnalit\u00e9s robustes de l&rsquo;administrateur Columns Pro Meta Box vous offrent la capacit\u00e9 d&rsquo;administrer plus efficacement les donn\u00e9es de votre site Web.<\/p>\n<p>Ce plugin vous permet de cr\u00e9er des m\u00e9ta-bo\u00eetes sur mesure, permettant une int\u00e9gration transparente de champs divers dans ces bo\u00eetes. Des champs de texte conventionnels aux cases polyvalentes Personnalisation des cases avec les colonnes d&rsquo;administration Pro Meta Box, les options sont illimit\u00e9es. Vous pouvez \u00e9galement inclure la personnalisation des boutons radio avec les colonnes d&rsquo;administration Pro Meta Box, offrant un niveau de personnalisation in\u00e9gal\u00e9.<\/p>\n<p>La convivialit\u00e9 des colonnes d&rsquo;administration Pro Meta Box est une autre fonctionnalit\u00e9 remarquable, vous permettant de cr\u00e9er des conceptions \u00e9poustouflantes qui se m\u00e9langent parfaitement avec votre identit\u00e9 de marque. L&rsquo;harmonisation d&rsquo;identit\u00e9 de marque avec les colonnes d&rsquo;administration Pro Meta Box assure une coh\u00e9rence dans l&rsquo;esth\u00e9tique de votre site Web.<\/p>\n<p>L&rsquo;\u00e9volution de la puissance des colonnes d&rsquo;administration Pro Meta Box vous donne une autorit\u00e9 distincte sur les donn\u00e9es de votre site Web. Vous pouvez rationaliser votre flux de travail avec des colonnes d&rsquo;administration Pro Meta Box, augmentant les niveaux d&rsquo;efficacit\u00e9.<\/p>\n","protected":false},"featured_media":143030,"comment_status":"open","ping_status":"open","template":"","meta":[],"product_brand":[2442],"product_cat":[1187,1181,1186],"product_tag":[1185],"class_list":{"0":"post-110440","1":"product","2":"type-product","3":"status-publish","4":"has-post-thumbnail","6":"product_brand-admin-columns-pro","7":"product_cat-administration-wordpress-plugins","8":"product_cat-plugins","9":"product_cat-wordpress-plugins","10":"product_tag-admin-columns-pro","11":"member-discount","12":"discount-restricted","14":"first","15":"instock","16":"sale","17":"downloadable","18":"virtual","19":"sold-individually","20":"purchasable","21":"product-type-simple"},"_links":{"self":[{"href":"https:\/\/gpl-love.com\/fr\/wp-json\/wp\/v2\/product\/110440","targetHints":{"allow":["GET"]}}],"collection":[{"href":"https:\/\/gpl-love.com\/fr\/wp-json\/wp\/v2\/product"}],"about":[{"href":"https:\/\/gpl-love.com\/fr\/wp-json\/wp\/v2\/types\/product"}],"replies":[{"embeddable":true,"href":"https:\/\/gpl-love.com\/fr\/wp-json\/wp\/v2\/comments?post=110440"}],"wp:featuredmedia":[{"embeddable":true,"href":"https:\/\/gpl-love.com\/fr\/wp-json\/wp\/v2\/media\/143030"}],"wp:attachment":[{"href":"https:\/\/gpl-love.com\/fr\/wp-json\/wp\/v2\/media?parent=110440"}],"wp:term":[{"taxonomy":"product_brand","embeddable":true,"href":"https:\/\/gpl-love.com\/fr\/wp-json\/wp\/v2\/product_brand?post=110440"},{"taxonomy":"product_cat","embeddable":true,"href":"https:\/\/gpl-love.com\/fr\/wp-json\/wp\/v2\/product_cat?post=110440"},{"taxonomy":"product_tag","embeddable":true,"href":"https:\/\/gpl-love.com\/fr\/wp-json\/wp\/v2\/product_tag?post=110440"}],"curies":[{"name":"wp","href":"https:\/\/api.w.org\/{rel}","templated":true}]}}