{"id":110439,"date":"2022-09-26T00:00:00","date_gmt":"2022-09-25T22:00:00","guid":{"rendered":"http:\/\/gpl-love.com\/fr\/produit\/admin-columns-pro-events-calendar\/"},"modified":"2026-03-20T22:53:05","modified_gmt":"2026-03-20T21:53:05","slug":"admin-columns-pro-events-calendar","status":"publish","type":"product","link":"https:\/\/gpl-love.com\/fr\/produit\/admin-columns-pro-events-calendar\/","title":{"rendered":"Admin Columns Pro Events Calendar 1.7.1"},"content":{"rendered":"<h3>Admin Columns Pro Events Calendar Traits<\/h3>\n<p>Admin Columns Pro Events Calendar est un outil tr\u00e8s robuste et efficace qui pr\u00e9sente aux utilisateurs l&rsquo;opportunit\u00e9 pratique de g\u00e9rer et de personnaliser sans effort leurs calendriers d&rsquo;\u00e9v\u00e9nements WordPress. Au moyen de son interface de glisser-d\u00e9poser par l&rsquo;utilisateur, les utilisateurs re\u00e7oivent la possibilit\u00e9 d&rsquo;incorporer rapidement, d&rsquo;\u00e9liminer et de r\u00e9organiser des colonnes, leur permettant ainsi de montrer les informations souhait\u00e9es. Ce plugin offre en outre les utilisateurs des alternatives de filtrage sophistiqu\u00e9es et la capacit\u00e9 de modifier plusieurs \u00e9v\u00e9nements simultan\u00e9ment, simplifiant ainsi le processus de mise \u00e0 jour rapidement de nombreux \u00e9v\u00e9nements \u00e0 la fois. De plus, l&rsquo;int\u00e9gration transparente des colonnes d&rsquo;administration du calendrier des \u00e9v\u00e9nements Pro avec des plugins estim\u00e9s tels que WooCommerce et Gravity Forms le rend une solution incroyablement polyvalente qui peut r\u00e9pondre aux divers besoins de n&rsquo;importe quel site WordPress. En r\u00e9sum\u00e9, le calendrier des \u00e9v\u00e9nements Admin Columns Pro sert indiscutablement comme un outil indispensable pour les personnes cherchant \u00e0 optimiser leur flux de travail de gestion d&rsquo;\u00e9v\u00e9nements et \u00e0 enrichir leur calendrier WordPress.<\/p>\n<ul>\n<li>Capacit\u00e9 \u00e0 personnaliser les colonnes du calendrier des \u00e9v\u00e9nements<\/li>\n<li>Interface de glisser-d\u00e9poser facile pour le r\u00e9arrangement des colonnes<\/li>\n<li>Capacit\u00e9 \u00e0 trier les \u00e9v\u00e9nements en fonction des crit\u00e8res de colonne<\/li>\n<li>Option pour afficher \/ masquer les colonnes sp\u00e9cifiques<\/li>\n<li>\u00c9dition rapide des d\u00e9tails de l&rsquo;\u00e9v\u00e9nement directement \u00e0 partir de la vue du calendrier<\/li>\n<li>Int\u00e9gration avec d&rsquo;autres plugins tels que WooCommerce et Formes de gravit\u00e9<\/li>\n<li>Filtres et options de recherche suppl\u00e9mentaires pour trouver des \u00e9v\u00e9nements sp\u00e9cifiques<\/li>\n<li>Option d&rsquo;exporter des donn\u00e9es sur l&rsquo;\u00e9v\u00e9nement pour une analyse plus approfondie<\/li>\n<li>Int\u00e9gration transparente avec le tableau de bord Admin WordPress.<\/li>\n<\/ul>\n","protected":false},"excerpt":{"rendered":"<p>Le calendrier des \u00e9v\u00e9nements Admin Columns Pro est un outil de gestion d&rsquo;\u00e9v\u00e9nements riches en fonctionnalit\u00e9s qui transforme la t\u00e2che difficile de g\u00e9rer et de pr\u00e9senter les \u00e9v\u00e9nements en un processus simple. Ce compl\u00e9ment impressionnant au plugin WordPress populaire, Admin Columns Pro, donne aux utilisateurs la possibilit\u00e9 de g\u00e9rer et de pr\u00e9senter des \u00e9v\u00e9nements efficacement dans un format de table sur mesure.<\/p>\n<p>Les utilisateurs peuvent organiser sans effort les d\u00e9tails des \u00e9v\u00e9nements, y compris les dates, les temps, les emplacements et autres d\u00e9tails pertinents, et les pr\u00e9senter de mani\u00e8re claire et concise. L&rsquo;interface conviviale des colonnes d&rsquo;administration PRO permet une visualisation d&rsquo;\u00e9v\u00e9nements transparente et une modification facile des donn\u00e9es d&rsquo;\u00e9v\u00e9nements.<\/p>\n<p>En plus de gagner du temps, le plugin WordPress pour la gestion des \u00e9v\u00e9nements optimise \u00e9galement vos processus de gestion d&rsquo;\u00e9v\u00e9nements. Avec le calendrier Admin Columns Pro Events, vous pouvez \u00e9conomiser vos efforts et vous concentrer davantage sur la cr\u00e9ation d&rsquo;\u00e9v\u00e9nements engageants plut\u00f4t que sur les t\u00e2ches administratives. D\u00e9couvrez la commodit\u00e9 de ce puissant plugin et \u00e9levez votre gestion d&rsquo;\u00e9v\u00e9nements WordPress \u00e0 de nouveaux sommets.<\/p>\n","protected":false},"featured_media":143028,"comment_status":"open","ping_status":"open","template":"","meta":[],"product_brand":[2442],"product_cat":[1189,1181,1186],"product_tag":[1185],"class_list":{"0":"post-110439","1":"product","2":"type-product","3":"status-publish","4":"has-post-thumbnail","6":"product_brand-admin-columns-pro","7":"product_cat-personnalisation","8":"product_cat-plugins","9":"product_cat-wordpress-plugins","10":"product_tag-admin-columns-pro","11":"member-discount","12":"discount-restricted","14":"first","15":"instock","16":"sale","17":"downloadable","18":"virtual","19":"sold-individually","20":"purchasable","21":"product-type-simple"},"_links":{"self":[{"href":"https:\/\/gpl-love.com\/fr\/wp-json\/wp\/v2\/product\/110439","targetHints":{"allow":["GET"]}}],"collection":[{"href":"https:\/\/gpl-love.com\/fr\/wp-json\/wp\/v2\/product"}],"about":[{"href":"https:\/\/gpl-love.com\/fr\/wp-json\/wp\/v2\/types\/product"}],"replies":[{"embeddable":true,"href":"https:\/\/gpl-love.com\/fr\/wp-json\/wp\/v2\/comments?post=110439"}],"wp:featuredmedia":[{"embeddable":true,"href":"https:\/\/gpl-love.com\/fr\/wp-json\/wp\/v2\/media\/143028"}],"wp:attachment":[{"href":"https:\/\/gpl-love.com\/fr\/wp-json\/wp\/v2\/media?parent=110439"}],"wp:term":[{"taxonomy":"product_brand","embeddable":true,"href":"https:\/\/gpl-love.com\/fr\/wp-json\/wp\/v2\/product_brand?post=110439"},{"taxonomy":"product_cat","embeddable":true,"href":"https:\/\/gpl-love.com\/fr\/wp-json\/wp\/v2\/product_cat?post=110439"},{"taxonomy":"product_tag","embeddable":true,"href":"https:\/\/gpl-love.com\/fr\/wp-json\/wp\/v2\/product_tag?post=110439"}],"curies":[{"name":"wp","href":"https:\/\/api.w.org\/{rel}","templated":true}]}}