{"id":110438,"date":"2022-03-24T00:00:00","date_gmt":"2022-03-23T23:00:00","guid":{"rendered":"http:\/\/gpl-love.com\/fr\/produit\/admin-columns-pro-buddypress-columns\/"},"modified":"2026-03-20T22:53:04","modified_gmt":"2026-03-20T21:53:04","slug":"admin-columns-pro-buddypress-columns","status":"publish","type":"product","link":"https:\/\/gpl-love.com\/fr\/produit\/admin-columns-pro-buddypress-columns\/","title":{"rendered":"Admin Columns Pro BuddyPress Columns 1.7"},"content":{"rendered":"<h3>Admin Columns Pro BuddyPress Columns Traits<\/h3>\n<p>Admin Columns Pro BuddyPress Columns est un plugin remarquablement robuste qui amplifie la fonctionnalit\u00e9 de Buddypress en facilitant les administrateurs en g\u00e9rant et en personnalisant sans effort l&rsquo;exposition des donn\u00e9es utilisateur. Ce plugin permet aux utilisateurs d&rsquo;incorporer, d&rsquo;\u00e9liminer et de r\u00e9organiser des colonnes dans le r\u00e9pertoire utilisateur, d&rsquo;examiner et de modifier rapidement les profils utilisateur rapide, et de filtrer et d&rsquo;organiser facilement les donn\u00e9es utilisateur. De plus, ce plugin comprend des attributs suppl\u00e9mentaires tels que la capacit\u00e9 de pr\u00e9senter des champs personnalis\u00e9s et des images d&rsquo;avatar, fournissant ainsi aux utilisateurs une rencontre augment\u00e9e, personnalis\u00e9e et rationalis\u00e9e. Que l&rsquo;on supervise une vaste communaut\u00e9 ou une \u00e9quipe compacte, les colonnes d&rsquo;administration Pro Buddypress Colonnes repr\u00e9sentent ind\u00e9niablement un instrument imp\u00e9ratif et indispensable pour tout administrateur de copain aspirant \u00e0 accro\u00eetre l&rsquo;efficacit\u00e9 op\u00e9rationnelle et la productivit\u00e9.<\/p>\n<ul>\n<li>Permet \u00e0 l&rsquo;utilisateur de personnaliser les colonnes dans les tables de bouddypress<\/li>\n<li>Ajouter facilement, supprimer ou r\u00e9organiser les colonnes avec l&rsquo;interface glisser-d\u00e9poser<\/li>\n<li>Comprend divers types de colonnes tels que le texte, la date, l&rsquo;utilisateur et l&rsquo;avatar<\/li>\n<li>Permet le tri et le filtrage par colonnes pour une analyse de donn\u00e9es plus facile<\/li>\n<li>Prend en charge des sites Web multilingues avec des capacit\u00e9s pr\u00eates \u00e0 la traduction<\/li>\n<li>Fournit des param\u00e8tres pour la visibilit\u00e9 des colonnes et l&rsquo;acc\u00e8s aux r\u00f4les des utilisateurs<\/li>\n<li>Compatible avec les installations multisites WordPress<\/li>\n<li>Mises \u00e0 jour automatiques et assistance incluses avec l&rsquo;achat<\/li>\n<\/ul>\n","protected":false},"excerpt":{"rendered":"<p>Le plugin de colonnes Admin Columns Pro Buddypress est un outil robuste et riche en fonctionnalit\u00e9s qui am\u00e9liore votre capacit\u00e9 \u00e0 une gestion efficace des utilisateurs avec des colonnes Buddypress. Ce plugin vous permet d&rsquo;int\u00e9grer et de personnaliser les colonnes de profil BuddyPress d&rsquo;une mani\u00e8re qui optimise vos efforts de gestion des utilisateurs.<\/p>\n<p>En tant qu&rsquo;outil inestimable dans les communaut\u00e9s en ligne, le plugin Admin Columns Pro vous aide \u00e0 personnaliser les colonnes pour les profils utilisateur Buddypress, ce qui augmente davantage l&rsquo;exp\u00e9rience utilisateur. Cet outil est non seulement utile pour les r\u00e9seaux sociaux, mais aussi pour toute plate-forme qui n\u00e9cessite des profils d&rsquo;utilisateurs d\u00e9taill\u00e9s.<\/p>\n<p>La fonctionnalit\u00e9 in\u00e9gal\u00e9e des colonnes d&rsquo;administration Pro Buddypress vous permet de pr\u00e9senter des informations utilisateur pertinentes avec Buddypress, ce qui rend la gestion des donn\u00e9es des utilisateurs sans effort. Ce plugin avanc\u00e9 prend \u00e9galement en charge l&rsquo;affichage des abonnements de groupe, ajoutant aux profils d\u00e9taill\u00e9s pour chaque utilisateur.<\/p>\n<p>Avec les colonnes d&rsquo;administration Pro Buddypress pour les r\u00e9seaux sociaux, vous pouvez passer au crible et organiser des donn\u00e9es pour localiser des d\u00e9tails d&rsquo;utilisateur pr\u00e9cis dont vous avez besoin. Cette fonctionnalit\u00e9 am\u00e9liore l&rsquo;exp\u00e9rience utilisateur globale, ce qui en fait un outil essentiel pour toute communaut\u00e9 en ligne.<\/p>\n<p>En conclusion,<\/p>\n","protected":false},"featured_media":143027,"comment_status":"open","ping_status":"open","template":"","meta":[],"product_brand":[2442],"product_cat":[1189,1181,1186],"product_tag":[1185],"class_list":{"0":"post-110438","1":"product","2":"type-product","3":"status-publish","4":"has-post-thumbnail","6":"product_brand-admin-columns-pro","7":"product_cat-personnalisation","8":"product_cat-plugins","9":"product_cat-wordpress-plugins","10":"product_tag-admin-columns-pro","11":"member-discount","12":"discount-restricted","14":"first","15":"instock","16":"sale","17":"downloadable","18":"virtual","19":"sold-individually","20":"purchasable","21":"product-type-simple"},"_links":{"self":[{"href":"https:\/\/gpl-love.com\/fr\/wp-json\/wp\/v2\/product\/110438","targetHints":{"allow":["GET"]}}],"collection":[{"href":"https:\/\/gpl-love.com\/fr\/wp-json\/wp\/v2\/product"}],"about":[{"href":"https:\/\/gpl-love.com\/fr\/wp-json\/wp\/v2\/types\/product"}],"replies":[{"embeddable":true,"href":"https:\/\/gpl-love.com\/fr\/wp-json\/wp\/v2\/comments?post=110438"}],"wp:featuredmedia":[{"embeddable":true,"href":"https:\/\/gpl-love.com\/fr\/wp-json\/wp\/v2\/media\/143027"}],"wp:attachment":[{"href":"https:\/\/gpl-love.com\/fr\/wp-json\/wp\/v2\/media?parent=110438"}],"wp:term":[{"taxonomy":"product_brand","embeddable":true,"href":"https:\/\/gpl-love.com\/fr\/wp-json\/wp\/v2\/product_brand?post=110438"},{"taxonomy":"product_cat","embeddable":true,"href":"https:\/\/gpl-love.com\/fr\/wp-json\/wp\/v2\/product_cat?post=110438"},{"taxonomy":"product_tag","embeddable":true,"href":"https:\/\/gpl-love.com\/fr\/wp-json\/wp\/v2\/product_tag?post=110438"}],"curies":[{"name":"wp","href":"https:\/\/api.w.org\/{rel}","templated":true}]}}