{"id":110437,"date":"2026-04-16T00:00:00","date_gmt":"2026-04-15T22:00:00","guid":{"rendered":"http:\/\/gpl-love.com\/fr\/produit\/admin-columns-pro\/"},"modified":"2026-05-13T00:30:11","modified_gmt":"2026-05-12T22:30:11","slug":"admin-columns-pro","status":"publish","type":"product","link":"https:\/\/gpl-love.com\/fr\/produit\/admin-columns-pro\/","title":{"rendered":"Admin Columns Pro 7.0.17"},"content":{"rendered":"<h3>Admin Columns Pro Traits<\/h3>\n<p>Admin Columns Pro est un plugin WordPress incroyablement robuste qui offre aux utilisateurs une pl\u00e9thore de fonctionnalit\u00e9s, ce qui en fait un jeu d&rsquo;enfant pour g\u00e9rer et organiser efficacement le contenu de leur site Web. Avec ses capacit\u00e9s avanc\u00e9es, les utilisateurs ont la possibilit\u00e9 de cr\u00e9er sans effort des colonnes personnalis\u00e9es, leur permettant ainsi de pr\u00e9senter leur contenu de mani\u00e8re hautement personnalis\u00e9e. De plus, ce plugin exceptionnel permet aux utilisateurs de trier et de filtrer facilement les donn\u00e9es, ainsi que de modifier directement les articles directement \u00e0 partir de la vue de la liste. En consolidant toutes les informations n\u00e9cessaires dans un endroit pratique, les utilisateurs peuvent \u00e9conomiser un temps et des efforts immenses, \u00e9liminant la n\u00e9cessit\u00e9 de naviguer dans une abondance de pages. En outre, Admin Columns Pro s&rsquo;int\u00e8gre parfaitement \u00e0 divers plugins tiers, y compris le populaire WooCommerce, permettant aux utilisateurs de superviser et de contr\u00f4ler efficacement leur boutique en ligne. En fin de compte, cet outil indispensable est une n\u00e9cessit\u00e9 absolue pour les propri\u00e9taires de sites Web et les administrateurs qui aspirent \u00e0 rationaliser leur flux de travail et \u00e0 am\u00e9liorer la productivit\u00e9 globale.<\/p>\n<ul>\n<li>Personnalisez les colonnes d&rsquo;administration dans WordPress pour une meilleure organisation et un acc\u00e8s plus facile \u00e0 des donn\u00e9es importantes<\/li>\n<li>G\u00e9rer et trier les champs personnalis\u00e9s, les informations utilisateur, les commandes de WooCommerce, et plus facilement<\/li>\n<li>Cr\u00e9ez sans effort de nouvelles colonnes et supprimez les inutiles pour rationaliser votre workflow<\/li>\n<li>D\u00e9finissez la visibilit\u00e9 de la colonne pour diff\u00e9rents r\u00f4les d&rsquo;utilisateurs et am\u00e9liorez la productivit\u00e9 de votre \u00e9quipe<\/li>\n<li>Effectuez des actions en vrac sur plusieurs \u00e9l\u00e9ments \u00e0 la fois, comme la suppression ou la mise \u00e0 jour des valeurs dans une colonne<\/li>\n<li>Profitez d&rsquo;une compatibilit\u00e9 transparente avec des plugins populaires comme Yoast SEO, des formulaires de gravit\u00e9 et BuddyPress<\/li>\n<li>Gagnez du temps et augmentez la pr\u00e9cision en \u00e9dition en ligne des donn\u00e9es directement \u00e0 partir de la vue de la colonne<\/li>\n<li>B\u00e9n\u00e9ficier de performances rapides et fiables, optimis\u00e9es pour les grands sites et le trafic \u00e9lev\u00e9<\/li>\n<li>Recevez des mises \u00e0 jour r\u00e9guli\u00e8res et un support de premier ordre des d\u00e9veloppeurs exp\u00e9riment\u00e9s derri\u00e8re cet outil puissant.<\/li>\n<\/ul>\n","protected":false},"excerpt":{"rendered":"<p>Le plugin Admin Columns Pro WordPress est un outil puissant qui amplifie consid\u00e9rablement la fonctionnalit\u00e9 de votre tableau de bord d&rsquo;administration dans WordPress. Cet outil robuste vous permet de personnaliser votre tableau de bord d&rsquo;administration avec des colonnes d&rsquo;administration Pro, ce qui facilite la filtration et la trier du contenu dans WordPress. La caract\u00e9ristique distinctive du plugin est sa capacit\u00e9 \u00e0 cr\u00e9er des colonnes polyvalentes dans la zone d&rsquo;administration WordPress, ce qui permet de g\u00e9rer un grand nombre de produits ou de publier une brise.<\/p>\n<p>Optimisez votre flux de travail avec Admin Columns Pro, un outil con\u00e7u pour vous faire gagner du temps tout en simplifiant vos processus. Son interface de glisser-d\u00e9poser intuitive dans WordPress rend la gestion de contenu simple et efficace. Ce plugin riche en fonctionnalit\u00e9s offre un contr\u00f4le am\u00e9lior\u00e9 sur le contenu WordPress, vous permettant d&rsquo;impl\u00e9menter des champs personnalis\u00e9s et d&rsquo;\u00e9tablir l&rsquo;\u00e9dition en ligne avec Admin Columns Pro.<\/p>\n<p>De plus, Admin Columns Pro peut am\u00e9liorer consid\u00e9rablement la productivit\u00e9 de l&rsquo;\u00e9quipe, favorisant la gestion de contenu WordPress sans couture. Que vous ayez affaire \u00e0 un grand volume de produits ou de messages, Admin Columns Pro propose une solution d&rsquo;\u00e9conomie de temps qui r\u00e9volutionne la fa\u00e7on dont vous interagissez avec votre zone d&rsquo;administration WordPress.<\/p>\n","protected":false},"featured_media":143025,"comment_status":"open","ping_status":"open","template":"","meta":[],"product_brand":[2442],"product_cat":[1187,1181,1186],"product_tag":[1185],"class_list":{"0":"post-110437","1":"product","2":"type-product","3":"status-publish","4":"has-post-thumbnail","6":"product_brand-admin-columns-pro","7":"product_cat-administration-wordpress-plugins","8":"product_cat-plugins","9":"product_cat-wordpress-plugins","10":"product_tag-admin-columns-pro","11":"member-discount","12":"discount-restricted","14":"first","15":"instock","16":"sale","17":"downloadable","18":"virtual","19":"sold-individually","20":"purchasable","21":"product-type-simple"},"_links":{"self":[{"href":"https:\/\/gpl-love.com\/fr\/wp-json\/wp\/v2\/product\/110437","targetHints":{"allow":["GET"]}}],"collection":[{"href":"https:\/\/gpl-love.com\/fr\/wp-json\/wp\/v2\/product"}],"about":[{"href":"https:\/\/gpl-love.com\/fr\/wp-json\/wp\/v2\/types\/product"}],"replies":[{"embeddable":true,"href":"https:\/\/gpl-love.com\/fr\/wp-json\/wp\/v2\/comments?post=110437"}],"wp:featuredmedia":[{"embeddable":true,"href":"https:\/\/gpl-love.com\/fr\/wp-json\/wp\/v2\/media\/143025"}],"wp:attachment":[{"href":"https:\/\/gpl-love.com\/fr\/wp-json\/wp\/v2\/media?parent=110437"}],"wp:term":[{"taxonomy":"product_brand","embeddable":true,"href":"https:\/\/gpl-love.com\/fr\/wp-json\/wp\/v2\/product_brand?post=110437"},{"taxonomy":"product_cat","embeddable":true,"href":"https:\/\/gpl-love.com\/fr\/wp-json\/wp\/v2\/product_cat?post=110437"},{"taxonomy":"product_tag","embeddable":true,"href":"https:\/\/gpl-love.com\/fr\/wp-json\/wp\/v2\/product_tag?post=110437"}],"curies":[{"name":"wp","href":"https:\/\/api.w.org\/{rel}","templated":true}]}}