{"id":110424,"date":"2025-10-24T00:00:00","date_gmt":"2025-10-23T22:00:00","guid":{"rendered":"http:\/\/gpl-love.com\/fr\/produit\/wp-reset-pro-wordpress-development-debugging-tool\/"},"modified":"2026-03-20T23:50:28","modified_gmt":"2026-03-20T22:50:28","slug":"wp-reset-pro-wordpress-development-debugging-tool","status":"publish","type":"product","link":"https:\/\/gpl-love.com\/fr\/produit\/wp-reset-pro-wordpress-development-debugging-tool\/","title":{"rendered":"WP Reset Pro WordPress Development et Debugging Tool 6.18"},"content":{"rendered":"<h3>WP Reset Pro WordPress Development et Debugging Tool Traits<\/h3>\n<p>WP Reset Pro est un outil incroyablement robuste et tr\u00e8s efficace sp\u00e9cialement con\u00e7u \u00e0 des fins de d\u00e9veloppement et de d\u00e9bogage WordPress. Sa fonction principale est d&rsquo;am\u00e9liorer l&rsquo;efficacit\u00e9 et la productivit\u00e9 des d\u00e9veloppeurs en acc\u00e9l\u00e9rant leur flux de travail et en facilitant la restauration transparente de leurs sites Web WordPress \u00e0 leur \u00e9tat par d\u00e9faut. Cet outil remarquable offre aux d\u00e9veloppeurs la possibilit\u00e9 d&rsquo;\u00e9tablir rapidement une toile vierge dans leur environnement de d\u00e9veloppement, leur offrant ainsi la possibilit\u00e9 de examiner et de rectifier m\u00e9ticuleusement tous les probl\u00e8mes qui peuvent survenir, ainsi que de tester et d&rsquo;\u00e9valuer soigneusement les nouvelles fonctionnalit\u00e9s, le tout sans le moindre inconv\u00e9nient . De plus, WP Reset Pro poss\u00e8de un tableau impressionnant de fonctionnalit\u00e9s suppl\u00e9mentaires, y compris des instantan\u00e9s de base de donn\u00e9es, des capacit\u00e9s de suppression et de suppression des utilisateurs, la capacit\u00e9 de manipuler des tables personnalis\u00e9es, des sauvegardes automatiques et bien plus encore, qui contribuent collectivement \u00e0 son statut en tant qu&rsquo;actif indispensable pour tout d\u00e9veloppeur WordPress exigeant. En outre, l&rsquo;interface conviviale et intuitivement con\u00e7ue de WP Reset Pro le rendent sans effort accessible et navigable, accueillant les individus \u00e0 tous les niveaux de comp\u00e9tence, y compris les novices et les anciens combattants chevronn\u00e9s. En r\u00e9sum\u00e9, il est clairement clair que WP Reset Pro repr\u00e9sente une solution exceptionnelle qui rationalise efficacement le processus ardu de d\u00e9veloppement WordPress, ce qui permet aux d\u00e9veloppeurs de construire des sites Web sup\u00e9rieurs dans une fraction de l&rsquo;\u00e9poque.<\/p>\n<ul>\n<li>R\u00e9initialisez rapidement n&rsquo;importe quel site WordPress \u00e0 son \u00e9tat par d\u00e9faut en un seul clic<\/li>\n<li>Cr\u00e9ez des instantan\u00e9s de votre site avant et apr\u00e8s des changements importants pour une restauration facile<\/li>\n<li>D\u00e9boguer et d\u00e9panner sans causer des dommages permanents \u00e0 votre site<\/li>\n<li>Acc\u00e8s en un clic \u00e0 des outils utiles tels que la r\u00e9installation automatique des fichiers WordPress de base et la r\u00e9activation du th\u00e8me et du plugin<\/li>\n<li>Prise en charge des utilisateurs multiples avec des r\u00f4les et des autorisations utilisateur personnalis\u00e9s<\/li>\n<li>Gestion \u00e0 distance de plusieurs sites \u00e0 partir d&rsquo;un emplacement central<\/li>\n<li>Options d&rsquo;\u00e9tiquetage des blancs et de marque pour une utilisation d&rsquo;agence<\/li>\n<li>Documentation et support approfondies pour une configuration et une utilisation faciles<\/li>\n<\/ul>\n","protected":false},"excerpt":{"rendered":"<p>WP Reset Pro est un outil exceptionnellement puissant pour le d\u00e9veloppement et le d\u00e9bogage WordPress, offrant une vaste gamme de fonctionnalit\u00e9s qui servent \u00e0 optimiser les processus de test et de d\u00e9veloppement de sites Web. Ses capacit\u00e9s comprennent une fonction de r\u00e9initialisation du site compl\u00e8te, la possibilit\u00e9 de cr\u00e9er des instantan\u00e9s de base de donn\u00e9es, des fonctionnalit\u00e9s de sauvegarde automatis\u00e9es et des capacit\u00e9s de d\u00e9bogage acc\u00e9l\u00e9r\u00e9es. En vertu de ces caract\u00e9ristiques remarquables, WP r\u00e9initialise Pro Efface efficacement la n\u00e9cessit\u00e9 des efforts laborieux de la restauration du site manuel, r\u00e9duisant ainsi consid\u00e9rablement l&rsquo;effort temporel et physique d\u00e9pens\u00e9 par les d\u00e9veloppeurs. Par cons\u00e9quent, cet outil \u00e0 multiples facettes appara\u00eet comme la solution par excellence pour les d\u00e9veloppeurs cherchant \u00e0 augmenter leur productivit\u00e9 et \u00e0 transcender les limites de leurs comp\u00e9tences de d\u00e9veloppement WordPress.<\/p>\n","protected":false},"featured_media":146193,"comment_status":"open","ping_status":"closed","template":"","meta":[],"product_brand":[2728],"product_cat":[1187,1181,1186],"product_tag":[1435],"class_list":{"0":"post-110424","1":"product","2":"type-product","3":"status-publish","4":"has-post-thumbnail","6":"product_brand-wp-reset","7":"product_cat-administration-wordpress-plugins","8":"product_cat-plugins","9":"product_cat-wordpress-plugins","10":"product_tag-wp-reset","11":"member-discount","12":"discount-restricted","14":"first","15":"instock","16":"sale","17":"downloadable","18":"virtual","19":"sold-individually","20":"purchasable","21":"product-type-simple"},"_links":{"self":[{"href":"https:\/\/gpl-love.com\/fr\/wp-json\/wp\/v2\/product\/110424","targetHints":{"allow":["GET"]}}],"collection":[{"href":"https:\/\/gpl-love.com\/fr\/wp-json\/wp\/v2\/product"}],"about":[{"href":"https:\/\/gpl-love.com\/fr\/wp-json\/wp\/v2\/types\/product"}],"replies":[{"embeddable":true,"href":"https:\/\/gpl-love.com\/fr\/wp-json\/wp\/v2\/comments?post=110424"}],"wp:featuredmedia":[{"embeddable":true,"href":"https:\/\/gpl-love.com\/fr\/wp-json\/wp\/v2\/media\/146193"}],"wp:attachment":[{"href":"https:\/\/gpl-love.com\/fr\/wp-json\/wp\/v2\/media?parent=110424"}],"wp:term":[{"taxonomy":"product_brand","embeddable":true,"href":"https:\/\/gpl-love.com\/fr\/wp-json\/wp\/v2\/product_brand?post=110424"},{"taxonomy":"product_cat","embeddable":true,"href":"https:\/\/gpl-love.com\/fr\/wp-json\/wp\/v2\/product_cat?post=110424"},{"taxonomy":"product_tag","embeddable":true,"href":"https:\/\/gpl-love.com\/fr\/wp-json\/wp\/v2\/product_tag?post=110424"}],"curies":[{"name":"wp","href":"https:\/\/api.w.org\/{rel}","templated":true}]}}