{"id":110422,"date":"2025-05-01T00:00:00","date_gmt":"2025-04-30T22:00:00","guid":{"rendered":"http:\/\/gpl-love.com\/fr\/produit\/woocommerce-waitlist\/"},"modified":"2026-03-20T23:48:28","modified_gmt":"2026-03-20T22:48:28","slug":"woocommerce-waitlist","status":"publish","type":"product","link":"https:\/\/gpl-love.com\/fr\/produit\/woocommerce-waitlist\/","title":{"rendered":"WooCommerce Waitlist 2.5.0"},"content":{"rendered":"<h3>WooCommerce Waitlist Traits<\/h3>\n<p>Le plugin WooCommerce Waitlist est un outil exceptionnel pour les propri\u00e9taires de magasins en ligne qui cherchent \u00e0 g\u00e9rer et \u00e0 superviser efficacement les listes d&rsquo;attente des clients pour des produits qui ne sont actuellement pas disponibles. En mettant en \u0153uvre ce plugin, il devient sans effort pratique pour les clients de s&rsquo;inscrire \u00e0 une liste d&rsquo;attente pour leur produit convoit\u00e9, tandis que les propri\u00e9taires de magasins sont \u00e9quip\u00e9s de la possibilit\u00e9 de surveiller et d&rsquo;administrer ces listes d&rsquo;attente. Avec l&rsquo;int\u00e9gration de la liste d&rsquo;attente WooCommerce, les clients ont le privil\u00e8ge de recevoir des notifications rapides sur la disponibilit\u00e9 \u00e9ventuelle du produit, offrant ainsi aux propri\u00e9taires de magasins avec une compr\u00e9hension accrue de la demande des clients pour leur marchandise. Incontestablement, ce plugin est une n\u00e9cessit\u00e9 absolue pour tout \u00e9tablissement de commerce \u00e9lectronique aspirant \u00e0 \u00e9lever la satisfaction des clients et \u00e0 augmenter les ventes!<\/p>\n<ul>\n<li>Permet aux clients de s&rsquo;inscrire \u00e0 une liste d&rsquo;attente pour les produits hors stock ou \u00e0 venir<\/li>\n<li>Envoie des notifications automatiques aux clients lorsque le produit devient disponible<\/li>\n<li>S&rsquo;int\u00e8gre parfaitement \u00e0 WooCommerce, en gardant toutes les donn\u00e9es et commandes des clients en un seul endroit<\/li>\n<li>Facile \u00e0 configurer et \u00e0 personnaliser pour s&rsquo;adapter \u00e0 votre marque<\/li>\n<li>Peut aider \u00e0 accro\u00eetre l&rsquo;engagement et la fid\u00e9lit\u00e9 des clients en le tirant inform\u00e9 de la disponibilit\u00e9 des produits<\/li>\n<li>Excellent moyen d&rsquo;\u00e9valuer la demande de nouveaux produits avant d&rsquo;\u00eatre lib\u00e9r\u00e9s<\/li>\n<li>Peut \u00eatre utilis\u00e9 pour les pr\u00e9commandes, permettant aux clients de r\u00e9server des produits avant d&rsquo;\u00eatre officiellement en vente<\/li>\n<li>Aide \u00e0 r\u00e9duire la frustration et les plaintes des clients qui sont int\u00e9ress\u00e9s par vos produits mais qui ne peuvent pas les acheter imm\u00e9diatement.<\/li>\n<\/ul>\n","protected":false},"excerpt":{"rendered":"<p>Le plugin WooCommerce Wattlist est un outil incroyablement robuste et efficace con\u00e7u pour aider \u00e0 g\u00e9rer efficacement la demande des clients pour des produits actuellement en rupture de stock. En capturant de mani\u00e8re transparente les prospects potentiels, ce plugin permet aux utilisateurs de s&rsquo;abonner \u00e0 une liste d&rsquo;attente sp\u00e9cifiquement adapt\u00e9e aux produits hors stock, en les informant par la suite par e-mail une fois que les articles convoit\u00e9s sont reconstitu\u00e9s et disponibles une fois de plus. D\u00e9montrant sa simplicit\u00e9 et son efficacit\u00e9, cet outil indispensable sert de m\u00e9thode \u00e0 l&rsquo;\u00e9preuve de l&rsquo;\u00e9chec pour s&rsquo;assurer qu&rsquo;aucune vente potentielle ne passe \u00e0 travers les mailles du filet, tout en favorisant simultan\u00e9ment la satisfaction des clients en les informant rapidement lorsque les produits souhait\u00e9s sont pr\u00eats \u00e0 l&rsquo;achat. Avec sa compatibilit\u00e9 transparente avec tous les th\u00e8mes WooCommerce, le plugin de liste d&rsquo;attente WooCommerce gagne d\u00e9finitivement sa place comme un atout essentiel pour tout propri\u00e9taire de magasin de commerce \u00e9lectronique exigeant.<\/p>\n","protected":false},"featured_media":146068,"comment_status":"open","ping_status":"open","template":"","meta":[],"product_brand":[2440],"product_cat":[1183,1182,1181],"product_tag":[1398],"class_list":{"0":"post-110422","1":"product","2":"type-product","3":"status-publish","4":"has-post-thumbnail","6":"product_brand-woocommerce","7":"product_cat-administration","8":"product_cat-commerce-electronique-plugins","9":"product_cat-plugins","10":"product_tag-woocommerce","11":"member-discount","12":"discount-restricted","14":"first","15":"instock","16":"sale","17":"downloadable","18":"virtual","19":"sold-individually","20":"purchasable","21":"product-type-simple"},"_links":{"self":[{"href":"https:\/\/gpl-love.com\/fr\/wp-json\/wp\/v2\/product\/110422","targetHints":{"allow":["GET"]}}],"collection":[{"href":"https:\/\/gpl-love.com\/fr\/wp-json\/wp\/v2\/product"}],"about":[{"href":"https:\/\/gpl-love.com\/fr\/wp-json\/wp\/v2\/types\/product"}],"replies":[{"embeddable":true,"href":"https:\/\/gpl-love.com\/fr\/wp-json\/wp\/v2\/comments?post=110422"}],"wp:featuredmedia":[{"embeddable":true,"href":"https:\/\/gpl-love.com\/fr\/wp-json\/wp\/v2\/media\/146068"}],"wp:attachment":[{"href":"https:\/\/gpl-love.com\/fr\/wp-json\/wp\/v2\/media?parent=110422"}],"wp:term":[{"taxonomy":"product_brand","embeddable":true,"href":"https:\/\/gpl-love.com\/fr\/wp-json\/wp\/v2\/product_brand?post=110422"},{"taxonomy":"product_cat","embeddable":true,"href":"https:\/\/gpl-love.com\/fr\/wp-json\/wp\/v2\/product_cat?post=110422"},{"taxonomy":"product_tag","embeddable":true,"href":"https:\/\/gpl-love.com\/fr\/wp-json\/wp\/v2\/product_tag?post=110422"}],"curies":[{"name":"wp","href":"https:\/\/api.w.org\/{rel}","templated":true}]}}